{"id":380947,"date":"2025-05-18T21:14:41","date_gmt":"2025-05-18T21:14:41","guid":{"rendered":"https:\/\/staging2.stylingagenten.com\/no\/produkt\/samba-neon-nights-body-mist-236ml\/"},"modified":"2026-04-10T15:48:37","modified_gmt":"2026-04-10T15:48:37","slug":"samba-neon-nights-body-mist-236ml","status":"publish","type":"product","link":"https:\/\/stylingagenten.com\/no\/produkt\/samba-neon-nights-body-mist-236ml\/","title":{"rendered":"Samba Neon Nights Body Mist 236ml"},"content":{"rendered":"<p>Neon Nights er en fruktig, floral gourmandduft som \u00e5pner med toppnoter av frisk rosa grapefrukt og pasjonsfrukt. Hjertenotene fremst\u00e5r med en vakker blanding mellom appelsinblomst og sjasmin, basisnotene avsluttes med s\u00f8tt rosa sukker, hvit rav og musk.<\/p>\n<p>Toppnoter: Rosa grapefrukt, pasjonsfrukt<br \/>Hjertenoter: Jasmin, Appelsinblomst<br \/>Basenoter: rosa sukker, hvit rav, hvit musk<\/p>\n","protected":false},"excerpt":{"rendered":"<p>Neon Nights er en fruktig, floral gourmandduft som \u00e5pner med toppnoter av frisk rosa grapefrukt og pasjonsfrukt. Hjertenotene fremst\u00e5r med en vakker blanding mellom appelsinblomst og sjasmin, basisnotene avsluttes med s\u00f8tt rosa sukker, hvit rav og musk. Toppnoter: Rosa grapefrukt, pasjonsfruktHjertenoter: Jasmin, AppelsinblomstBasenoter: rosa sukker, hvit rav, hvit musk<\/p>\n","protected":false},"featured_media":380943,"comment_status":"open","ping_status":"closed","template":"","meta":{"_trash_the_other_posts":false},"product_brand":[],"product_cat":[585,735,999],"product_tag":[],"berocket_brand":[1381],"class_list":{"0":"post-380947","1":"product","2":"type-product","3":"status-publish","4":"has-post-thumbnail","6":"product_cat-bodymist-dame","7":"product_cat-kampanje","8":"product_cat-kampanjetilbud-for-henne","9":"pa_brand-samba","10":"berocket_brand-samba","12":"first","13":"instock","14":"sale","15":"taxable","16":"shipping-taxable","17":"purchasable","18":"product-type-simple"},"_links":{"self":[{"href":"https:\/\/stylingagenten.com\/no\/wp-json\/wp\/v2\/product\/380947","targetHints":{"allow":["GET"]}}],"collection":[{"href":"https:\/\/stylingagenten.com\/no\/wp-json\/wp\/v2\/product"}],"about":[{"href":"https:\/\/stylingagenten.com\/no\/wp-json\/wp\/v2\/types\/product"}],"replies":[{"embeddable":true,"href":"https:\/\/stylingagenten.com\/no\/wp-json\/wp\/v2\/comments?post=380947"}],"version-history":[{"count":0,"href":"https:\/\/stylingagenten.com\/no\/wp-json\/wp\/v2\/product\/380947\/revisions"}],"wp:featuredmedia":[{"embeddable":true,"href":"https:\/\/stylingagenten.com\/no\/wp-json\/wp\/v2\/media\/380943"}],"wp:attachment":[{"href":"https:\/\/stylingagenten.com\/no\/wp-json\/wp\/v2\/media?parent=380947"}],"wp:term":[{"taxonomy":"product_brand","embeddable":true,"href":"https:\/\/stylingagenten.com\/no\/wp-json\/wp\/v2\/product_brand?post=380947"},{"taxonomy":"product_cat","embeddable":true,"href":"https:\/\/stylingagenten.com\/no\/wp-json\/wp\/v2\/product_cat?post=380947"},{"taxonomy":"product_tag","embeddable":true,"href":"https:\/\/stylingagenten.com\/no\/wp-json\/wp\/v2\/product_tag?post=380947"},{"taxonomy":"berocket_brand","embeddable":true,"href":"https:\/\/stylingagenten.com\/no\/wp-json\/wp\/v2\/berocket_brand?post=380947"}],"curies":[{"name":"wp","href":"https:\/\/api.w.org\/{rel}","templated":true}]}}