{"id":380942,"date":"2025-05-18T21:14:37","date_gmt":"2025-05-18T21:14:37","guid":{"rendered":"https:\/\/staging2.stylingagenten.com\/no\/produkt\/samba-sweet-memories-body-mist-236ml\/"},"modified":"2026-03-11T21:48:22","modified_gmt":"2026-03-11T21:48:22","slug":"samba-sweet-memories-body-mist-236ml","status":"publish","type":"product","link":"https:\/\/stylingagenten.com\/no\/produkt\/samba-sweet-memories-body-mist-236ml\/","title":{"rendered":"Samba Sweet Memories Body Mist 236ml"},"content":{"rendered":"<p>Sweet Memories er en fruktig, gourmand duft som \u00e5pner med toppnoter av appelsin, mandarin og ville b\u00e6r. Dette g\u00e5r over i vakre hjertenoter med friskt kokosvann og fresia, basen best\u00e5r av vanilje, hvitt rav og s\u00f8tt karamellisert sukker.<\/p>\n<p>Toppnoter: Ville b\u00e6r, Appelsin, Mandarin<br \/>Hjertenoter: Kokosvann, Freesia<br \/>Basenoter: Hvit rav, karamellisert sukker, vanilje<\/p>\n","protected":false},"excerpt":{"rendered":"<p>Sweet Memories er en fruktig, gourmand duft som \u00e5pner med toppnoter av appelsin, mandarin og ville b\u00e6r. Dette g\u00e5r over i vakre hjertenoter med friskt kokosvann og fresia, basen best\u00e5r av vanilje, hvitt rav og s\u00f8tt karamellisert sukker. Toppnoter: Ville b\u00e6r, Appelsin, MandarinHjertenoter: Kokosvann, FreesiaBasenoter: Hvit rav, karamellisert sukker, vanilje<\/p>\n","protected":false},"featured_media":380938,"comment_status":"open","ping_status":"closed","template":"","meta":{"_trash_the_other_posts":false},"product_brand":[],"product_cat":[585,735,999],"product_tag":[],"berocket_brand":[1381],"class_list":{"0":"post-380942","1":"product","2":"type-product","3":"status-publish","4":"has-post-thumbnail","6":"product_cat-bodymist-dame","7":"product_cat-kampanje","8":"product_cat-kampanjetilbud-for-henne","9":"pa_brand-samba","10":"berocket_brand-samba","12":"first","13":"instock","14":"sale","15":"taxable","16":"shipping-taxable","17":"purchasable","18":"product-type-simple"},"_links":{"self":[{"href":"https:\/\/stylingagenten.com\/no\/wp-json\/wp\/v2\/product\/380942","targetHints":{"allow":["GET"]}}],"collection":[{"href":"https:\/\/stylingagenten.com\/no\/wp-json\/wp\/v2\/product"}],"about":[{"href":"https:\/\/stylingagenten.com\/no\/wp-json\/wp\/v2\/types\/product"}],"replies":[{"embeddable":true,"href":"https:\/\/stylingagenten.com\/no\/wp-json\/wp\/v2\/comments?post=380942"}],"version-history":[{"count":0,"href":"https:\/\/stylingagenten.com\/no\/wp-json\/wp\/v2\/product\/380942\/revisions"}],"wp:featuredmedia":[{"embeddable":true,"href":"https:\/\/stylingagenten.com\/no\/wp-json\/wp\/v2\/media\/380938"}],"wp:attachment":[{"href":"https:\/\/stylingagenten.com\/no\/wp-json\/wp\/v2\/media?parent=380942"}],"wp:term":[{"taxonomy":"product_brand","embeddable":true,"href":"https:\/\/stylingagenten.com\/no\/wp-json\/wp\/v2\/product_brand?post=380942"},{"taxonomy":"product_cat","embeddable":true,"href":"https:\/\/stylingagenten.com\/no\/wp-json\/wp\/v2\/product_cat?post=380942"},{"taxonomy":"product_tag","embeddable":true,"href":"https:\/\/stylingagenten.com\/no\/wp-json\/wp\/v2\/product_tag?post=380942"},{"taxonomy":"berocket_brand","embeddable":true,"href":"https:\/\/stylingagenten.com\/no\/wp-json\/wp\/v2\/berocket_brand?post=380942"}],"curies":[{"name":"wp","href":"https:\/\/api.w.org\/{rel}","templated":true}]}}