{"id":380911,"date":"2025-05-18T21:14:01","date_gmt":"2025-05-18T21:14:01","guid":{"rendered":"https:\/\/staging2.stylingagenten.com\/no\/produkt\/ariana-grande-sweet-like-candy-body-mist-236ml\/"},"modified":"2026-04-12T20:47:36","modified_gmt":"2026-04-12T20:47:36","slug":"ariana-grande-sweet-like-candy-body-mist-236ml","status":"publish","type":"product","link":"https:\/\/stylingagenten.com\/no\/produkt\/ariana-grande-sweet-like-candy-body-mist-236ml\/","title":{"rendered":"Ariana Grande Sweet Like Candy Body Mist 236ml"},"content":{"rendered":"<p>Ariana Grande Sweet Like Candy Body Mist 236ml er en nydelig dagdr\u00f8m for verdensartisten og sangeren Ariana Grande. Duften viser en ny sexy side av popstjernens selvtillit og stil, som er i stadig utvikling. Som en forlengelse av hennes eget personlige uttrykk, b\u00e6rer hvert element i denne dekadente duften Arianas forf\u00f8rende fl\u00f8rtende karakter med sukkers\u00f8te, lekne innslag gjennom hele dufthistorien. En deilig eksplosjon av kandiserte bj\u00f8rneb\u00e6r og saftig italiensk bergamott glitrer med deilig avhengighet, mens kremet kasjmirtre kombinert med uts\u00f8kte hint av rosa blomster vil f\u00e5 deg til \u00e5 \u00f8nske mer. Den saftige grunnnoten med en blanding av fl\u00f8yelsmyke lag av cr\u00e8me de cassis, myk marshmallow og sexy vanilje etterlater et forf\u00f8rende duftspor som snur hodet.<\/p>\n","protected":false},"excerpt":{"rendered":"<p>Ariana Grande Sweet Like Candy Body Mist 236ml er en nydelig dagdr\u00f8m for verdensartisten og sangeren Ariana Grande. Duften viser en ny sexy side av popstjernens selvtillit og stil, som er i stadig utvikling. Som en forlengelse av hennes eget personlige uttrykk, b\u00e6rer hvert element i denne dekadente duften Arianas forf\u00f8rende fl\u00f8rtende karakter med sukkers\u00f8te, [&hellip;]<\/p>\n","protected":false},"featured_media":380910,"comment_status":"open","ping_status":"closed","template":"","meta":{"_trash_the_other_posts":false},"product_brand":[],"product_cat":[585,735,999],"product_tag":[],"berocket_brand":[1201],"class_list":{"0":"post-380911","1":"product","2":"type-product","3":"status-publish","4":"has-post-thumbnail","6":"product_cat-bodymist-dame","7":"product_cat-kampanje","8":"product_cat-kampanjetilbud-for-henne","9":"pa_brand-ariana-grande","10":"berocket_brand-ariana-grande","12":"first","13":"instock","14":"sale","15":"taxable","16":"shipping-taxable","17":"purchasable","18":"product-type-simple"},"_links":{"self":[{"href":"https:\/\/stylingagenten.com\/no\/wp-json\/wp\/v2\/product\/380911","targetHints":{"allow":["GET"]}}],"collection":[{"href":"https:\/\/stylingagenten.com\/no\/wp-json\/wp\/v2\/product"}],"about":[{"href":"https:\/\/stylingagenten.com\/no\/wp-json\/wp\/v2\/types\/product"}],"replies":[{"embeddable":true,"href":"https:\/\/stylingagenten.com\/no\/wp-json\/wp\/v2\/comments?post=380911"}],"version-history":[{"count":0,"href":"https:\/\/stylingagenten.com\/no\/wp-json\/wp\/v2\/product\/380911\/revisions"}],"wp:featuredmedia":[{"embeddable":true,"href":"https:\/\/stylingagenten.com\/no\/wp-json\/wp\/v2\/media\/380910"}],"wp:attachment":[{"href":"https:\/\/stylingagenten.com\/no\/wp-json\/wp\/v2\/media?parent=380911"}],"wp:term":[{"taxonomy":"product_brand","embeddable":true,"href":"https:\/\/stylingagenten.com\/no\/wp-json\/wp\/v2\/product_brand?post=380911"},{"taxonomy":"product_cat","embeddable":true,"href":"https:\/\/stylingagenten.com\/no\/wp-json\/wp\/v2\/product_cat?post=380911"},{"taxonomy":"product_tag","embeddable":true,"href":"https:\/\/stylingagenten.com\/no\/wp-json\/wp\/v2\/product_tag?post=380911"},{"taxonomy":"berocket_brand","embeddable":true,"href":"https:\/\/stylingagenten.com\/no\/wp-json\/wp\/v2\/berocket_brand?post=380911"}],"curies":[{"name":"wp","href":"https:\/\/api.w.org\/{rel}","templated":true}]}}