{"id":380909,"date":"2025-05-18T21:13:59","date_gmt":"2025-05-18T21:13:59","guid":{"rendered":"https:\/\/staging2.stylingagenten.com\/no\/produkt\/fcuk-friction-her-body-mist-250ml\/"},"modified":"2026-04-05T20:08:38","modified_gmt":"2026-04-05T20:08:38","slug":"fcuk-friction-her-body-mist-250ml","status":"publish","type":"product","link":"https:\/\/stylingagenten.com\/no\/produkt\/fcuk-friction-her-body-mist-250ml\/","title":{"rendered":"FCUK Friction Her Body Mist 250ml"},"content":{"rendered":"<p>FCUK Friction Fragrance Mist \u00e5pner med en fristende fruktighet, med deilige toner av rosa kaprifol og epleblomst. Duftens hjerte avsl\u00f8rer en fengslende kombinasjon av jasmin og sensuell Barringtonia-blomst, som gir et snev av blomster sofistikering. N\u00e5r t\u00e5ken legger seg, fullf\u00f8rer en varm og omsluttende base av rav, vanilje og kokos duftreisen og etterlater et varig spor av uimotst\u00e5elig tiltrekning.<\/p>\n<p>250ml<\/p>\n","protected":false},"excerpt":{"rendered":"<p>FCUK Friction Fragrance Mist \u00e5pner med en fristende fruktighet, med deilige toner av rosa kaprifol og epleblomst. Duftens hjerte avsl\u00f8rer en fengslende kombinasjon av jasmin og sensuell Barringtonia-blomst, som gir et snev av blomster sofistikering. N\u00e5r t\u00e5ken legger seg, fullf\u00f8rer en varm og omsluttende base av rav, vanilje og kokos duftreisen og etterlater et varig [&hellip;]<\/p>\n","protected":false},"featured_media":380908,"comment_status":"open","ping_status":"closed","template":"","meta":{"_trash_the_other_posts":false},"product_brand":[],"product_cat":[585,735,999],"product_tag":[],"berocket_brand":[1313],"class_list":{"0":"post-380909","1":"product","2":"type-product","3":"status-publish","4":"has-post-thumbnail","6":"product_cat-bodymist-dame","7":"product_cat-kampanje","8":"product_cat-kampanjetilbud-for-henne","9":"pa_brand-fcuk","10":"berocket_brand-fcuk","12":"first","13":"instock","14":"sale","15":"taxable","16":"shipping-taxable","17":"purchasable","18":"product-type-simple"},"_links":{"self":[{"href":"https:\/\/stylingagenten.com\/no\/wp-json\/wp\/v2\/product\/380909","targetHints":{"allow":["GET"]}}],"collection":[{"href":"https:\/\/stylingagenten.com\/no\/wp-json\/wp\/v2\/product"}],"about":[{"href":"https:\/\/stylingagenten.com\/no\/wp-json\/wp\/v2\/types\/product"}],"replies":[{"embeddable":true,"href":"https:\/\/stylingagenten.com\/no\/wp-json\/wp\/v2\/comments?post=380909"}],"version-history":[{"count":0,"href":"https:\/\/stylingagenten.com\/no\/wp-json\/wp\/v2\/product\/380909\/revisions"}],"wp:featuredmedia":[{"embeddable":true,"href":"https:\/\/stylingagenten.com\/no\/wp-json\/wp\/v2\/media\/380908"}],"wp:attachment":[{"href":"https:\/\/stylingagenten.com\/no\/wp-json\/wp\/v2\/media?parent=380909"}],"wp:term":[{"taxonomy":"product_brand","embeddable":true,"href":"https:\/\/stylingagenten.com\/no\/wp-json\/wp\/v2\/product_brand?post=380909"},{"taxonomy":"product_cat","embeddable":true,"href":"https:\/\/stylingagenten.com\/no\/wp-json\/wp\/v2\/product_cat?post=380909"},{"taxonomy":"product_tag","embeddable":true,"href":"https:\/\/stylingagenten.com\/no\/wp-json\/wp\/v2\/product_tag?post=380909"},{"taxonomy":"berocket_brand","embeddable":true,"href":"https:\/\/stylingagenten.com\/no\/wp-json\/wp\/v2\/berocket_brand?post=380909"}],"curies":[{"name":"wp","href":"https:\/\/api.w.org\/{rel}","templated":true}]}}