{"id":380901,"date":"2025-05-18T21:13:44","date_gmt":"2025-05-18T21:13:44","guid":{"rendered":"https:\/\/staging2.stylingagenten.com\/no\/produkt\/dkny-golden-delicious-body-mist-250ml\/"},"modified":"2026-03-11T21:48:08","modified_gmt":"2026-03-11T21:48:08","slug":"dkny-golden-delicious-body-mist-250ml","status":"publish","type":"product","link":"https:\/\/stylingagenten.com\/no\/produkt\/dkny-golden-delicious-body-mist-250ml\/","title":{"rendered":"DKNY Golden Delicious Body Mist 250ml"},"content":{"rendered":"<p>Opplev en frisk og elegant duft med DKNY Golden Delicious Body Mist. Den \u00e5pner med spr\u00f8 noter av eple og blomstrende appelsin for en saftig, fruktig f\u00f8lelse. Et hjerte av rose, liljekonvall og ylang-ylang tilf\u00f8rer en myk, blomstrende eleganse, mens basenoter av sandeltre, vanilje og musk gir en varm, sensuell avslutning. Perfekt for daglig bruk og for \u00e5 tilf\u00f8re et snev av sofistikert glede.<\/p>\n<p>250 ml<\/p>\n","protected":false},"excerpt":{"rendered":"<p>Opplev en frisk og elegant duft med DKNY Golden Delicious Body Mist. Den \u00e5pner med spr\u00f8 noter av eple og blomstrende appelsin for en saftig, fruktig f\u00f8lelse. Et hjerte av rose, liljekonvall og ylang-ylang tilf\u00f8rer en myk, blomstrende eleganse, mens basenoter av sandeltre, vanilje og musk gir en varm, sensuell avslutning. Perfekt for daglig bruk [&hellip;]<\/p>\n","protected":false},"featured_media":380900,"comment_status":"open","ping_status":"closed","template":"","meta":{"_trash_the_other_posts":false},"product_brand":[],"product_cat":[585,735,999],"product_tag":[],"berocket_brand":[1291],"class_list":{"0":"post-380901","1":"product","2":"type-product","3":"status-publish","4":"has-post-thumbnail","6":"product_cat-bodymist-dame","7":"product_cat-kampanje","8":"product_cat-kampanjetilbud-for-henne","9":"pa_brand-dkny","10":"berocket_brand-dkny","12":"first","13":"instock","14":"sale","15":"taxable","16":"shipping-taxable","17":"purchasable","18":"product-type-simple"},"_links":{"self":[{"href":"https:\/\/stylingagenten.com\/no\/wp-json\/wp\/v2\/product\/380901","targetHints":{"allow":["GET"]}}],"collection":[{"href":"https:\/\/stylingagenten.com\/no\/wp-json\/wp\/v2\/product"}],"about":[{"href":"https:\/\/stylingagenten.com\/no\/wp-json\/wp\/v2\/types\/product"}],"replies":[{"embeddable":true,"href":"https:\/\/stylingagenten.com\/no\/wp-json\/wp\/v2\/comments?post=380901"}],"version-history":[{"count":0,"href":"https:\/\/stylingagenten.com\/no\/wp-json\/wp\/v2\/product\/380901\/revisions"}],"wp:featuredmedia":[{"embeddable":true,"href":"https:\/\/stylingagenten.com\/no\/wp-json\/wp\/v2\/media\/380900"}],"wp:attachment":[{"href":"https:\/\/stylingagenten.com\/no\/wp-json\/wp\/v2\/media?parent=380901"}],"wp:term":[{"taxonomy":"product_brand","embeddable":true,"href":"https:\/\/stylingagenten.com\/no\/wp-json\/wp\/v2\/product_brand?post=380901"},{"taxonomy":"product_cat","embeddable":true,"href":"https:\/\/stylingagenten.com\/no\/wp-json\/wp\/v2\/product_cat?post=380901"},{"taxonomy":"product_tag","embeddable":true,"href":"https:\/\/stylingagenten.com\/no\/wp-json\/wp\/v2\/product_tag?post=380901"},{"taxonomy":"berocket_brand","embeddable":true,"href":"https:\/\/stylingagenten.com\/no\/wp-json\/wp\/v2\/berocket_brand?post=380901"}],"curies":[{"name":"wp","href":"https:\/\/api.w.org\/{rel}","templated":true}]}}