{"id":380714,"date":"2025-05-18T21:11:58","date_gmt":"2025-05-18T21:11:58","guid":{"rendered":"https:\/\/staging2.stylingagenten.com\/no\/produkt\/jean-paul-gaultier-classique-body-lotion-200ml\/"},"modified":"2026-01-21T12:54:05","modified_gmt":"2026-01-21T12:54:05","slug":"jean-paul-gaultier-classique-body-lotion-200ml","status":"publish","type":"product","link":"https:\/\/stylingagenten.com\/no\/produkt\/jean-paul-gaultier-classique-body-lotion-200ml\/","title":{"rendered":"Jean Paul Gaultier Classique Body Lotion 200ml"},"content":{"rendered":"<p>En lett, smeltende lotion som forskj\u00f8nner og parfymerer huden i Jean Paul Gaultiers forf\u00f8rende Classique &#8211; en orientalsk duft fylt med rosa rose, apesin ingef\u00e6r og vanilje. Lett \u00e5 p\u00e5f\u00f8re og absorberes raskt, samtidig som den etterlater huden myk og lett parfymert.<\/p>\n","protected":false},"excerpt":{"rendered":"<p>En lett, smeltende lotion som forskj\u00f8nner og parfymerer huden i Jean Paul Gaultiers forf\u00f8rende Classique &#8211; en orientalsk duft fylt med rosa rose, apesin ingef\u00e6r og vanilje. Lett \u00e5 p\u00e5f\u00f8re og absorberes raskt, samtidig som den etterlater huden myk og lett parfymert.<\/p>\n","protected":false},"featured_media":380712,"comment_status":"open","ping_status":"closed","template":"","meta":{"_trash_the_other_posts":false},"product_brand":[],"product_cat":[572],"product_tag":[],"berocket_brand":[1353],"class_list":{"0":"post-380714","1":"product","2":"type-product","3":"status-publish","4":"has-post-thumbnail","6":"product_cat-body-lotion","7":"pa_brand-jean-paul-gaultier","8":"berocket_brand-jean-paul-gaultier","10":"first","11":"instock","12":"sale","13":"taxable","14":"shipping-taxable","15":"purchasable","16":"product-type-simple"},"_links":{"self":[{"href":"https:\/\/stylingagenten.com\/no\/wp-json\/wp\/v2\/product\/380714","targetHints":{"allow":["GET"]}}],"collection":[{"href":"https:\/\/stylingagenten.com\/no\/wp-json\/wp\/v2\/product"}],"about":[{"href":"https:\/\/stylingagenten.com\/no\/wp-json\/wp\/v2\/types\/product"}],"replies":[{"embeddable":true,"href":"https:\/\/stylingagenten.com\/no\/wp-json\/wp\/v2\/comments?post=380714"}],"version-history":[{"count":0,"href":"https:\/\/stylingagenten.com\/no\/wp-json\/wp\/v2\/product\/380714\/revisions"}],"wp:featuredmedia":[{"embeddable":true,"href":"https:\/\/stylingagenten.com\/no\/wp-json\/wp\/v2\/media\/380712"}],"wp:attachment":[{"href":"https:\/\/stylingagenten.com\/no\/wp-json\/wp\/v2\/media?parent=380714"}],"wp:term":[{"taxonomy":"product_brand","embeddable":true,"href":"https:\/\/stylingagenten.com\/no\/wp-json\/wp\/v2\/product_brand?post=380714"},{"taxonomy":"product_cat","embeddable":true,"href":"https:\/\/stylingagenten.com\/no\/wp-json\/wp\/v2\/product_cat?post=380714"},{"taxonomy":"product_tag","embeddable":true,"href":"https:\/\/stylingagenten.com\/no\/wp-json\/wp\/v2\/product_tag?post=380714"},{"taxonomy":"berocket_brand","embeddable":true,"href":"https:\/\/stylingagenten.com\/no\/wp-json\/wp\/v2\/berocket_brand?post=380714"}],"curies":[{"name":"wp","href":"https:\/\/api.w.org\/{rel}","templated":true}]}}