{"id":380656,"date":"2025-05-18T21:11:45","date_gmt":"2025-05-18T21:11:45","guid":{"rendered":"https:\/\/staging2.stylingagenten.com\/no\/produkt\/aveeno-skin-relief-moisturising-lotion-300ml\/"},"modified":"2026-02-07T20:16:44","modified_gmt":"2026-02-07T20:16:44","slug":"aveeno-skin-relief-moisturising-lotion-300ml","status":"publish","type":"product","link":"https:\/\/stylingagenten.com\/no\/produkt\/aveeno-skin-relief-moisturising-lotion-300ml\/","title":{"rendered":"Aveeno Skin Relief Moisturising Lotion 300ml"},"content":{"rendered":"<p>Aveeno Skin Relief Moisturizing Lotion er en uparfymert hudlotion som lindrer og fukter veldig t\u00f8rr, irritert og sensitiv hud. Lotionen har en rik, hurtigabsorberende og flekkerfri formulering.<br \/>Aveeno Skin Relief lotion inneholder blant annet sheasm\u00f8r og et prebiotisk trippelhavrekompleks best\u00e5ende av havremel, havreekstrakt og havreolje som bidrar til \u00e5 balansere hudens naturlige mikrobiom og gjenoppretter hudbarrieren. Dette gj\u00f8r huden spenstig og f\u00e5r huden til \u00e5 se sunn ut.<br \/>Passer for sensitiv hud.<br \/>300ml<\/p>\n","protected":false},"excerpt":{"rendered":"<p>Aveeno Skin Relief Moisturizing Lotion er en uparfymert hudlotion som lindrer og fukter veldig t\u00f8rr, irritert og sensitiv hud. Lotionen har en rik, hurtigabsorberende og flekkerfri formulering.Aveeno Skin Relief lotion inneholder blant annet sheasm\u00f8r og et prebiotisk trippelhavrekompleks best\u00e5ende av havremel, havreekstrakt og havreolje som bidrar til \u00e5 balansere hudens naturlige mikrobiom og gjenoppretter hudbarrieren. [&hellip;]<\/p>\n","protected":false},"featured_media":380635,"comment_status":"open","ping_status":"closed","template":"","meta":{"_trash_the_other_posts":false},"product_brand":[],"product_cat":[572],"product_tag":[],"berocket_brand":[1410],"class_list":{"0":"post-380656","1":"product","2":"type-product","3":"status-publish","4":"has-post-thumbnail","6":"product_cat-body-lotion","7":"pa_brand-aveeno","8":"berocket_brand-aveeno","10":"first","11":"instock","12":"sale","13":"taxable","14":"shipping-taxable","15":"purchasable","16":"product-type-simple"},"_links":{"self":[{"href":"https:\/\/stylingagenten.com\/no\/wp-json\/wp\/v2\/product\/380656","targetHints":{"allow":["GET"]}}],"collection":[{"href":"https:\/\/stylingagenten.com\/no\/wp-json\/wp\/v2\/product"}],"about":[{"href":"https:\/\/stylingagenten.com\/no\/wp-json\/wp\/v2\/types\/product"}],"replies":[{"embeddable":true,"href":"https:\/\/stylingagenten.com\/no\/wp-json\/wp\/v2\/comments?post=380656"}],"version-history":[{"count":0,"href":"https:\/\/stylingagenten.com\/no\/wp-json\/wp\/v2\/product\/380656\/revisions"}],"wp:featuredmedia":[{"embeddable":true,"href":"https:\/\/stylingagenten.com\/no\/wp-json\/wp\/v2\/media\/380635"}],"wp:attachment":[{"href":"https:\/\/stylingagenten.com\/no\/wp-json\/wp\/v2\/media?parent=380656"}],"wp:term":[{"taxonomy":"product_brand","embeddable":true,"href":"https:\/\/stylingagenten.com\/no\/wp-json\/wp\/v2\/product_brand?post=380656"},{"taxonomy":"product_cat","embeddable":true,"href":"https:\/\/stylingagenten.com\/no\/wp-json\/wp\/v2\/product_cat?post=380656"},{"taxonomy":"product_tag","embeddable":true,"href":"https:\/\/stylingagenten.com\/no\/wp-json\/wp\/v2\/product_tag?post=380656"},{"taxonomy":"berocket_brand","embeddable":true,"href":"https:\/\/stylingagenten.com\/no\/wp-json\/wp\/v2\/berocket_brand?post=380656"}],"curies":[{"name":"wp","href":"https:\/\/api.w.org\/{rel}","templated":true}]}}