{"id":380629,"date":"2025-05-18T21:11:42","date_gmt":"2025-05-18T21:11:42","guid":{"rendered":"https:\/\/staging2.stylingagenten.com\/no\/produkt\/vaseline-intensive-care-cocoa-radiant-200ml\/"},"modified":"2026-03-20T04:37:32","modified_gmt":"2026-03-20T04:37:32","slug":"vaseline-intensive-care-cocoa-radiant-200ml","status":"publish","type":"product","link":"https:\/\/stylingagenten.com\/no\/produkt\/vaseline-intensive-care-cocoa-radiant-200ml\/","title":{"rendered":"Vaseline Intensive Care Cocoa Radiant 200ml"},"content":{"rendered":"<p>Med rent kakaosm\u00f8r, hydrerer og hjelper til med \u00e5 helbrede t\u00f8rr hud for \u00e5 avsl\u00f8re sin naturlige gl\u00f8d.<br \/>Absorberes raskt for en ikke-fettete f\u00f8lelse.<\/p>\n<p>Best for: t\u00f8rr hud, mat hud, sprukken hud.<\/p>\n","protected":false},"excerpt":{"rendered":"<p>Med rent kakaosm\u00f8r, hydrerer og hjelper til med \u00e5 helbrede t\u00f8rr hud for \u00e5 avsl\u00f8re sin naturlige gl\u00f8d.Absorberes raskt for en ikke-fettete f\u00f8lelse. Best for: t\u00f8rr hud, mat hud, sprukken hud.<\/p>\n","protected":false},"featured_media":380622,"comment_status":"open","ping_status":"closed","template":"","meta":{"_trash_the_other_posts":false},"product_brand":[],"product_cat":[572],"product_tag":[4029],"berocket_brand":[1260],"class_list":{"0":"post-380629","1":"product","2":"type-product","3":"status-publish","4":"has-post-thumbnail","6":"product_cat-body-lotion","7":"product_tag-vaseline-intensive-care-cocoa-radiant","8":"pa_brand-vaseline","9":"pa_variant-200ml","10":"berocket_brand-vaseline","12":"first","13":"outofstock","14":"sale","15":"taxable","16":"shipping-taxable","17":"purchasable","18":"product-type-simple"},"_links":{"self":[{"href":"https:\/\/stylingagenten.com\/no\/wp-json\/wp\/v2\/product\/380629","targetHints":{"allow":["GET"]}}],"collection":[{"href":"https:\/\/stylingagenten.com\/no\/wp-json\/wp\/v2\/product"}],"about":[{"href":"https:\/\/stylingagenten.com\/no\/wp-json\/wp\/v2\/types\/product"}],"replies":[{"embeddable":true,"href":"https:\/\/stylingagenten.com\/no\/wp-json\/wp\/v2\/comments?post=380629"}],"version-history":[{"count":0,"href":"https:\/\/stylingagenten.com\/no\/wp-json\/wp\/v2\/product\/380629\/revisions"}],"wp:featuredmedia":[{"embeddable":true,"href":"https:\/\/stylingagenten.com\/no\/wp-json\/wp\/v2\/media\/380622"}],"wp:attachment":[{"href":"https:\/\/stylingagenten.com\/no\/wp-json\/wp\/v2\/media?parent=380629"}],"wp:term":[{"taxonomy":"product_brand","embeddable":true,"href":"https:\/\/stylingagenten.com\/no\/wp-json\/wp\/v2\/product_brand?post=380629"},{"taxonomy":"product_cat","embeddable":true,"href":"https:\/\/stylingagenten.com\/no\/wp-json\/wp\/v2\/product_cat?post=380629"},{"taxonomy":"product_tag","embeddable":true,"href":"https:\/\/stylingagenten.com\/no\/wp-json\/wp\/v2\/product_tag?post=380629"},{"taxonomy":"berocket_brand","embeddable":true,"href":"https:\/\/stylingagenten.com\/no\/wp-json\/wp\/v2\/berocket_brand?post=380629"}],"curies":[{"name":"wp","href":"https:\/\/api.w.org\/{rel}","templated":true}]}}