{"id":380623,"date":"2025-05-18T21:11:41","date_gmt":"2025-05-18T21:11:41","guid":{"rendered":"https:\/\/staging2.stylingagenten.com\/no\/produkt\/aveeno-daily-moisturising-creamy-oil-300ml\/"},"modified":"2026-02-10T08:17:44","modified_gmt":"2026-02-10T08:17:44","slug":"aveeno-daily-moisturising-creamy-oil-300ml","status":"publish","type":"product","link":"https:\/\/stylingagenten.com\/no\/produkt\/aveeno-daily-moisturising-creamy-oil-300ml\/","title":{"rendered":"Aveeno Daily Moisturising Creamy Oil 300ml"},"content":{"rendered":"<p>Aveeno Daily Moisturising Creamy Oil er en oljekrem med en mild mandelduft og en ikke-fet formel som hjelper til med \u00e5 berolige huden og gir 24 timers fuktighet. Formulert med beroligende havre og s\u00f8tmandelolje, og klinisk bevist \u00e5 gi n\u00e6ring til huden og gj\u00f8re den myk og glatt. Forbedrer hudens naturlige balanse for et sunt utseende. Egnet for normal, t\u00f8rr og sensitiv hud p\u00e5 kropp og ansikt.<br \/>\n<br \/>300ml<\/p>\n","protected":false},"excerpt":{"rendered":"<p>Aveeno Daily Moisturising Creamy Oil er en oljekrem med en mild mandelduft og en ikke-fet formel som hjelper til med \u00e5 berolige huden og gir 24 timers fuktighet. Formulert med beroligende havre og s\u00f8tmandelolje, og klinisk bevist \u00e5 gi n\u00e6ring til huden og gj\u00f8re den myk og glatt. Forbedrer hudens naturlige balanse for et sunt [&hellip;]<\/p>\n","protected":false},"featured_media":380605,"comment_status":"open","ping_status":"closed","template":"","meta":{"_trash_the_other_posts":false},"product_brand":[],"product_cat":[572],"product_tag":[],"berocket_brand":[1410],"class_list":{"0":"post-380623","1":"product","2":"type-product","3":"status-publish","4":"has-post-thumbnail","6":"product_cat-body-lotion","7":"pa_brand-aveeno","8":"berocket_brand-aveeno","10":"first","11":"instock","12":"sale","13":"taxable","14":"shipping-taxable","15":"purchasable","16":"product-type-simple"},"_links":{"self":[{"href":"https:\/\/stylingagenten.com\/no\/wp-json\/wp\/v2\/product\/380623","targetHints":{"allow":["GET"]}}],"collection":[{"href":"https:\/\/stylingagenten.com\/no\/wp-json\/wp\/v2\/product"}],"about":[{"href":"https:\/\/stylingagenten.com\/no\/wp-json\/wp\/v2\/types\/product"}],"replies":[{"embeddable":true,"href":"https:\/\/stylingagenten.com\/no\/wp-json\/wp\/v2\/comments?post=380623"}],"version-history":[{"count":0,"href":"https:\/\/stylingagenten.com\/no\/wp-json\/wp\/v2\/product\/380623\/revisions"}],"wp:featuredmedia":[{"embeddable":true,"href":"https:\/\/stylingagenten.com\/no\/wp-json\/wp\/v2\/media\/380605"}],"wp:attachment":[{"href":"https:\/\/stylingagenten.com\/no\/wp-json\/wp\/v2\/media?parent=380623"}],"wp:term":[{"taxonomy":"product_brand","embeddable":true,"href":"https:\/\/stylingagenten.com\/no\/wp-json\/wp\/v2\/product_brand?post=380623"},{"taxonomy":"product_cat","embeddable":true,"href":"https:\/\/stylingagenten.com\/no\/wp-json\/wp\/v2\/product_cat?post=380623"},{"taxonomy":"product_tag","embeddable":true,"href":"https:\/\/stylingagenten.com\/no\/wp-json\/wp\/v2\/product_tag?post=380623"},{"taxonomy":"berocket_brand","embeddable":true,"href":"https:\/\/stylingagenten.com\/no\/wp-json\/wp\/v2\/berocket_brand?post=380623"}],"curies":[{"name":"wp","href":"https:\/\/api.w.org\/{rel}","templated":true}]}}