{"id":380602,"date":"2025-05-18T21:11:38","date_gmt":"2025-05-18T21:11:38","guid":{"rendered":"https:\/\/staging2.stylingagenten.com\/no\/produkt\/ren-evercalm-barrier-support-body-balm-90ml\/"},"modified":"2025-12-18T21:57:29","modified_gmt":"2025-12-18T21:57:29","slug":"ren-evercalm-barrier-support-body-balm-90ml","status":"publish","type":"product","link":"https:\/\/stylingagenten.com\/no\/produkt\/ren-evercalm-barrier-support-body-balm-90ml\/","title":{"rendered":"REN Evercalm Barrier Support Body Balm 90ml"},"content":{"rendered":"<p>REN Evercalm Barrier Support Body Balm er en alt-i-ett balm for kroppen som smelter til en myk olje ved p\u00e5f\u00f8ring. Balmen er utviklet for \u00e5 gi intens fuktighet og n\u00e6ring til t\u00f8rr, ru eller ubehagelig hud. Beriket med RENs unike barriereforsterkende kompleks, kameliaolje og et ceramidkompleks fra saflorblomst som tilf\u00f8rer Omega 3, 6 og 9 til huden. Evercalm Barrier Support Body Balm beroliger, mykgj\u00f8r og l\u00e5ser inn fuktighet der det trengs mest. Den passer for alle som vil bygge opp og styrke hudens barriere. Formelen inneholder kun hypoallergen duft, noe som gj\u00f8r den egnet ogs\u00e5 for sensitiv hud.<br \/>\n<br \/>90ml<\/p>\n","protected":false},"excerpt":{"rendered":"<p>REN Evercalm Barrier Support Body Balm er en alt-i-ett balm for kroppen som smelter til en myk olje ved p\u00e5f\u00f8ring. Balmen er utviklet for \u00e5 gi intens fuktighet og n\u00e6ring til t\u00f8rr, ru eller ubehagelig hud. Beriket med RENs unike barriereforsterkende kompleks, kameliaolje og et ceramidkompleks fra saflorblomst som tilf\u00f8rer Omega 3, 6 og 9 [&hellip;]<\/p>\n","protected":false},"featured_media":380594,"comment_status":"open","ping_status":"closed","template":"","meta":{"_trash_the_other_posts":false},"product_brand":[],"product_cat":[572],"product_tag":[],"berocket_brand":[1275],"class_list":{"0":"post-380602","1":"product","2":"type-product","3":"status-publish","4":"has-post-thumbnail","6":"product_cat-body-lotion","7":"pa_brand-ren","8":"berocket_brand-ren","10":"first","11":"instock","12":"sale","13":"taxable","14":"shipping-taxable","15":"purchasable","16":"product-type-simple"},"_links":{"self":[{"href":"https:\/\/stylingagenten.com\/no\/wp-json\/wp\/v2\/product\/380602","targetHints":{"allow":["GET"]}}],"collection":[{"href":"https:\/\/stylingagenten.com\/no\/wp-json\/wp\/v2\/product"}],"about":[{"href":"https:\/\/stylingagenten.com\/no\/wp-json\/wp\/v2\/types\/product"}],"replies":[{"embeddable":true,"href":"https:\/\/stylingagenten.com\/no\/wp-json\/wp\/v2\/comments?post=380602"}],"version-history":[{"count":0,"href":"https:\/\/stylingagenten.com\/no\/wp-json\/wp\/v2\/product\/380602\/revisions"}],"wp:featuredmedia":[{"embeddable":true,"href":"https:\/\/stylingagenten.com\/no\/wp-json\/wp\/v2\/media\/380594"}],"wp:attachment":[{"href":"https:\/\/stylingagenten.com\/no\/wp-json\/wp\/v2\/media?parent=380602"}],"wp:term":[{"taxonomy":"product_brand","embeddable":true,"href":"https:\/\/stylingagenten.com\/no\/wp-json\/wp\/v2\/product_brand?post=380602"},{"taxonomy":"product_cat","embeddable":true,"href":"https:\/\/stylingagenten.com\/no\/wp-json\/wp\/v2\/product_cat?post=380602"},{"taxonomy":"product_tag","embeddable":true,"href":"https:\/\/stylingagenten.com\/no\/wp-json\/wp\/v2\/product_tag?post=380602"},{"taxonomy":"berocket_brand","embeddable":true,"href":"https:\/\/stylingagenten.com\/no\/wp-json\/wp\/v2\/berocket_brand?post=380602"}],"curies":[{"name":"wp","href":"https:\/\/api.w.org\/{rel}","templated":true}]}}