{"id":380581,"date":"2025-05-18T21:11:33","date_gmt":"2025-05-18T21:11:33","guid":{"rendered":"https:\/\/staging2.stylingagenten.com\/no\/produkt\/bare-minerals-complexion-rescue-tinted-hydrating-gel-cream-spice-08\/"},"modified":"2026-01-16T18:36:31","modified_gmt":"2026-01-16T18:36:31","slug":"bare-minerals-complexion-rescue-tinted-hydrating-gel-cream-spice-08","status":"publish","type":"product","link":"https:\/\/stylingagenten.com\/no\/produkt\/bare-minerals-complexion-rescue-tinted-hydrating-gel-cream-spice-08\/","title":{"rendered":"Bare Minerals Complexion Rescue Tinted Moisturizer SPF30 &#8211; Spice 08"},"content":{"rendered":"<p>Bare Minerals Complexion Rescue Tinted Moisturizer SPF30 er en 3-i-1 multifunksjonell krem som er fuktighetskrem, farget dagkrem og SPF 30 i ett, med hyaluronsyre for \u00e5 \u00f8ke fuktigheten for en duggfrisk og sunn gl\u00f8d. Rett og slett et must i sminkepungen din.<br data-pasted=\"true\"><br \/>Innhold: 35 ml<\/p>\n","protected":false},"excerpt":{"rendered":"<p>Bare Minerals Complexion Rescue Tinted Moisturizer SPF30 er en 3-i-1 multifunksjonell krem som er fuktighetskrem, farget dagkrem og SPF 30 i ett, med hyaluronsyre for \u00e5 \u00f8ke fuktigheten for en duggfrisk og sunn gl\u00f8d. Rett og slett et must i sminkepungen din.Innhold: 35 ml<\/p>\n","protected":false},"featured_media":462110,"comment_status":"open","ping_status":"closed","template":"","meta":{"_trash_the_other_posts":false},"product_brand":[],"product_cat":[591],"product_tag":[2461],"berocket_brand":[2008],"class_list":{"0":"post-380581","1":"product","2":"type-product","3":"status-publish","4":"has-post-thumbnail","6":"product_cat-bb-cream","7":"product_tag-bare-minerals-complexion-rescue-tinted-hydrating-gel-cream","8":"pa_brand-id-bareminerals","9":"pa_variant-spice-08","10":"berocket_brand-id-bareminerals","12":"first","13":"instock","14":"sale","15":"taxable","16":"shipping-taxable","17":"purchasable","18":"product-type-simple"},"_links":{"self":[{"href":"https:\/\/stylingagenten.com\/no\/wp-json\/wp\/v2\/product\/380581","targetHints":{"allow":["GET"]}}],"collection":[{"href":"https:\/\/stylingagenten.com\/no\/wp-json\/wp\/v2\/product"}],"about":[{"href":"https:\/\/stylingagenten.com\/no\/wp-json\/wp\/v2\/types\/product"}],"replies":[{"embeddable":true,"href":"https:\/\/stylingagenten.com\/no\/wp-json\/wp\/v2\/comments?post=380581"}],"version-history":[{"count":0,"href":"https:\/\/stylingagenten.com\/no\/wp-json\/wp\/v2\/product\/380581\/revisions"}],"wp:featuredmedia":[{"embeddable":true,"href":"https:\/\/stylingagenten.com\/no\/wp-json\/wp\/v2\/media\/462110"}],"wp:attachment":[{"href":"https:\/\/stylingagenten.com\/no\/wp-json\/wp\/v2\/media?parent=380581"}],"wp:term":[{"taxonomy":"product_brand","embeddable":true,"href":"https:\/\/stylingagenten.com\/no\/wp-json\/wp\/v2\/product_brand?post=380581"},{"taxonomy":"product_cat","embeddable":true,"href":"https:\/\/stylingagenten.com\/no\/wp-json\/wp\/v2\/product_cat?post=380581"},{"taxonomy":"product_tag","embeddable":true,"href":"https:\/\/stylingagenten.com\/no\/wp-json\/wp\/v2\/product_tag?post=380581"},{"taxonomy":"berocket_brand","embeddable":true,"href":"https:\/\/stylingagenten.com\/no\/wp-json\/wp\/v2\/berocket_brand?post=380581"}],"curies":[{"name":"wp","href":"https:\/\/api.w.org\/{rel}","templated":true}]}}