{"id":380533,"date":"2025-05-18T21:11:22","date_gmt":"2025-05-18T21:11:22","guid":{"rendered":"https:\/\/staging2.stylingagenten.com\/no\/produkt\/purito-cica-clearing-bb-cream-23-natural-beige-30ml\/"},"modified":"2025-11-19T09:37:58","modified_gmt":"2025-11-19T09:37:58","slug":"purito-cica-clearing-bb-cream-23-natural-beige-30ml","status":"publish","type":"product","link":"https:\/\/stylingagenten.com\/no\/produkt\/purito-cica-clearing-bb-cream-23-natural-beige-30ml\/","title":{"rendered":"Purito Cica Clearing BB Cream #23 Natural Beige 30ml"},"content":{"rendered":"<p>Purito Cica Clearing BB Cream er en lett BB-krem som gir en silkeaktig finish til huden. BB-kremen gir middels dekning og f\u00e5r huden til \u00e5 se frisk, myk og sunn ut. Produktet gir jevn og enkel p\u00e5f\u00f8ring og har fuktighetsgivende, beroligende og beskyttende fordeler fra Centella Asiatica-ekstrakt, allantoin, niacinamid og panthenol. Kremen smelter inn i huden og gir en fl\u00f8yelsaktig finish med en anelse gl\u00f8d!<br \/>\n<br \/>30 ml<\/p>\n","protected":false},"excerpt":{"rendered":"<p>Purito Cica Clearing BB Cream er en lett BB-krem som gir en silkeaktig finish til huden. BB-kremen gir middels dekning og f\u00e5r huden til \u00e5 se frisk, myk og sunn ut. Produktet gir jevn og enkel p\u00e5f\u00f8ring og har fuktighetsgivende, beroligende og beskyttende fordeler fra Centella Asiatica-ekstrakt, allantoin, niacinamid og panthenol. Kremen smelter inn i [&hellip;]<\/p>\n","protected":false},"featured_media":380514,"comment_status":"open","ping_status":"closed","template":"","meta":{"_trash_the_other_posts":false},"product_brand":[],"product_cat":[591,1001],"product_tag":[3842],"berocket_brand":[1412],"class_list":{"0":"post-380533","1":"product","2":"type-product","3":"status-publish","4":"has-post-thumbnail","6":"product_cat-bb-cream","7":"product_cat-k-beauty","8":"product_tag-purito-cica-clearing-bb-cream-30ml","9":"pa_brand-purito","10":"pa_variant-23-natural-beige","11":"berocket_brand-purito","13":"first","14":"outofstock","15":"sale","16":"taxable","17":"shipping-taxable","18":"purchasable","19":"product-type-simple"},"_links":{"self":[{"href":"https:\/\/stylingagenten.com\/no\/wp-json\/wp\/v2\/product\/380533","targetHints":{"allow":["GET"]}}],"collection":[{"href":"https:\/\/stylingagenten.com\/no\/wp-json\/wp\/v2\/product"}],"about":[{"href":"https:\/\/stylingagenten.com\/no\/wp-json\/wp\/v2\/types\/product"}],"replies":[{"embeddable":true,"href":"https:\/\/stylingagenten.com\/no\/wp-json\/wp\/v2\/comments?post=380533"}],"version-history":[{"count":0,"href":"https:\/\/stylingagenten.com\/no\/wp-json\/wp\/v2\/product\/380533\/revisions"}],"wp:featuredmedia":[{"embeddable":true,"href":"https:\/\/stylingagenten.com\/no\/wp-json\/wp\/v2\/media\/380514"}],"wp:attachment":[{"href":"https:\/\/stylingagenten.com\/no\/wp-json\/wp\/v2\/media?parent=380533"}],"wp:term":[{"taxonomy":"product_brand","embeddable":true,"href":"https:\/\/stylingagenten.com\/no\/wp-json\/wp\/v2\/product_brand?post=380533"},{"taxonomy":"product_cat","embeddable":true,"href":"https:\/\/stylingagenten.com\/no\/wp-json\/wp\/v2\/product_cat?post=380533"},{"taxonomy":"product_tag","embeddable":true,"href":"https:\/\/stylingagenten.com\/no\/wp-json\/wp\/v2\/product_tag?post=380533"},{"taxonomy":"berocket_brand","embeddable":true,"href":"https:\/\/stylingagenten.com\/no\/wp-json\/wp\/v2\/berocket_brand?post=380533"}],"curies":[{"name":"wp","href":"https:\/\/api.w.org\/{rel}","templated":true}]}}