{"id":380387,"date":"2025-05-18T21:10:54","date_gmt":"2025-05-18T21:10:54","guid":{"rendered":"https:\/\/staging2.stylingagenten.com\/no\/produkt\/fudge-big-hair-oomf-volume-conditioner-300ml\/"},"modified":"2025-11-19T08:04:02","modified_gmt":"2025-11-19T08:04:02","slug":"fudge-big-hair-oomf-volume-conditioner-300ml","status":"publish","type":"product","link":"https:\/\/stylingagenten.com\/no\/produkt\/fudge-big-hair-oomf-volume-conditioner-300ml\/","title":{"rendered":"Fudge Big Hair Oomf Volume Conditioner 300ml"},"content":{"rendered":"<p style='margin-top:0cm;margin-right:0cm;margin-bottom:8.0pt;margin-left:0cm;font-size:15px;font-family:\"Calibri\",sans-serif'> Big Bold Oomf Conditioner er en sulfat- og parabenfri balsam for fint og livl\u00f8st h\u00e5r. H\u00e5ret f\u00e5r volum, glans og f\u00f8les b\u00e5de tykkere og sunnere. Balsamen er beriket med OOMF Volumising Complex med bambusekstrakt.<\/p>\n<p>Bruk:<br \/>P\u00e5f\u00f8r etter sjampo, masser inn balsamen og fokuser p\u00e5; toppene og skyll deretter grundig.<\/p>\n<p style='margin: 0cm 0cm 8pt;font-family: \"Calibri\", sans-serif'>Kapasitet: 300 ml<\/p>\n","protected":false},"excerpt":{"rendered":"<p>Big Bold Oomf Conditioner er en sulfat- og parabenfri balsam for fint og livl\u00f8st h\u00e5r. H\u00e5ret f\u00e5r volum, glans og f\u00f8les b\u00e5de tykkere og sunnere. Balsamen er beriket med OOMF Volumising Complex med bambusekstrakt. Bruk:P\u00e5f\u00f8r etter sjampo, masser inn balsamen og fokuser p\u00e5; toppene og skyll deretter grundig. Kapasitet: 300 ml<\/p>\n","protected":false},"featured_media":380385,"comment_status":"open","ping_status":"closed","template":"","meta":{"_trash_the_other_posts":false},"product_brand":[],"product_cat":[587],"product_tag":[],"berocket_brand":[1319],"class_list":{"0":"post-380387","1":"product","2":"type-product","3":"status-publish","4":"has-post-thumbnail","6":"product_cat-balsam","7":"pa_brand-fudge","8":"berocket_brand-fudge","10":"first","11":"outofstock","12":"sale","13":"taxable","14":"shipping-taxable","15":"purchasable","16":"product-type-simple"},"_links":{"self":[{"href":"https:\/\/stylingagenten.com\/no\/wp-json\/wp\/v2\/product\/380387","targetHints":{"allow":["GET"]}}],"collection":[{"href":"https:\/\/stylingagenten.com\/no\/wp-json\/wp\/v2\/product"}],"about":[{"href":"https:\/\/stylingagenten.com\/no\/wp-json\/wp\/v2\/types\/product"}],"replies":[{"embeddable":true,"href":"https:\/\/stylingagenten.com\/no\/wp-json\/wp\/v2\/comments?post=380387"}],"version-history":[{"count":0,"href":"https:\/\/stylingagenten.com\/no\/wp-json\/wp\/v2\/product\/380387\/revisions"}],"wp:featuredmedia":[{"embeddable":true,"href":"https:\/\/stylingagenten.com\/no\/wp-json\/wp\/v2\/media\/380385"}],"wp:attachment":[{"href":"https:\/\/stylingagenten.com\/no\/wp-json\/wp\/v2\/media?parent=380387"}],"wp:term":[{"taxonomy":"product_brand","embeddable":true,"href":"https:\/\/stylingagenten.com\/no\/wp-json\/wp\/v2\/product_brand?post=380387"},{"taxonomy":"product_cat","embeddable":true,"href":"https:\/\/stylingagenten.com\/no\/wp-json\/wp\/v2\/product_cat?post=380387"},{"taxonomy":"product_tag","embeddable":true,"href":"https:\/\/stylingagenten.com\/no\/wp-json\/wp\/v2\/product_tag?post=380387"},{"taxonomy":"berocket_brand","embeddable":true,"href":"https:\/\/stylingagenten.com\/no\/wp-json\/wp\/v2\/berocket_brand?post=380387"}],"curies":[{"name":"wp","href":"https:\/\/api.w.org\/{rel}","templated":true}]}}