{"id":380342,"date":"2025-05-18T21:10:45","date_gmt":"2025-05-18T21:10:45","guid":{"rendered":"https:\/\/staging2.stylingagenten.com\/no\/produkt\/paul-mitchell-the-conditioner-300ml\/"},"modified":"2026-03-16T13:23:36","modified_gmt":"2026-03-16T13:23:36","slug":"paul-mitchell-the-conditioner-300ml","status":"publish","type":"product","link":"https:\/\/stylingagenten.com\/no\/produkt\/paul-mitchell-the-conditioner-300ml\/","title":{"rendered":"Paul Mitchell The Conditioner 300ml"},"content":{"rendered":"<p>Conditioner er en hurtigabsorberende leave-in balsam som tilf\u00f8rer fuktighet og struktur til h\u00e5ret. Bevarer h\u00e5rets keratin og pH-verdi. Reparerer slitasje ved bruk av h\u00e5rf\u00f8ner og andre varmebehandlende produkter. Lindrer hodebunnen og beskytter mot solens skadelige str\u00e5ler. Inneholder awapuhi og hveteekstrakter. Gir glans og gjenoppbygger stripete h\u00e5r.<\/p>\n","protected":false},"excerpt":{"rendered":"<p>Conditioner er en hurtigabsorberende leave-in balsam som tilf\u00f8rer fuktighet og struktur til h\u00e5ret. Bevarer h\u00e5rets keratin og pH-verdi. Reparerer slitasje ved bruk av h\u00e5rf\u00f8ner og andre varmebehandlende produkter. Lindrer hodebunnen og beskytter mot solens skadelige str\u00e5ler. Inneholder awapuhi og hveteekstrakter. Gir glans og gjenoppbygger stripete h\u00e5r.<\/p>\n","protected":false},"featured_media":465846,"comment_status":"open","ping_status":"closed","template":"","meta":{"_trash_the_other_posts":false},"product_brand":[],"product_cat":[587],"product_tag":[3794],"berocket_brand":[1053],"class_list":{"0":"post-380342","1":"product","2":"type-product","3":"status-publish","4":"has-post-thumbnail","6":"product_cat-balsam","7":"product_tag-paul-mitchell-the-conditioner","8":"pa_brand-paul-mitchell","9":"pa_variant-300ml","10":"berocket_brand-paul-mitchell","12":"first","13":"instock","14":"sale","15":"taxable","16":"shipping-taxable","17":"purchasable","18":"product-type-simple"},"_links":{"self":[{"href":"https:\/\/stylingagenten.com\/no\/wp-json\/wp\/v2\/product\/380342","targetHints":{"allow":["GET"]}}],"collection":[{"href":"https:\/\/stylingagenten.com\/no\/wp-json\/wp\/v2\/product"}],"about":[{"href":"https:\/\/stylingagenten.com\/no\/wp-json\/wp\/v2\/types\/product"}],"replies":[{"embeddable":true,"href":"https:\/\/stylingagenten.com\/no\/wp-json\/wp\/v2\/comments?post=380342"}],"version-history":[{"count":0,"href":"https:\/\/stylingagenten.com\/no\/wp-json\/wp\/v2\/product\/380342\/revisions"}],"wp:featuredmedia":[{"embeddable":true,"href":"https:\/\/stylingagenten.com\/no\/wp-json\/wp\/v2\/media\/465846"}],"wp:attachment":[{"href":"https:\/\/stylingagenten.com\/no\/wp-json\/wp\/v2\/media?parent=380342"}],"wp:term":[{"taxonomy":"product_brand","embeddable":true,"href":"https:\/\/stylingagenten.com\/no\/wp-json\/wp\/v2\/product_brand?post=380342"},{"taxonomy":"product_cat","embeddable":true,"href":"https:\/\/stylingagenten.com\/no\/wp-json\/wp\/v2\/product_cat?post=380342"},{"taxonomy":"product_tag","embeddable":true,"href":"https:\/\/stylingagenten.com\/no\/wp-json\/wp\/v2\/product_tag?post=380342"},{"taxonomy":"berocket_brand","embeddable":true,"href":"https:\/\/stylingagenten.com\/no\/wp-json\/wp\/v2\/berocket_brand?post=380342"}],"curies":[{"name":"wp","href":"https:\/\/api.w.org\/{rel}","templated":true}]}}