{"id":380319,"date":"2025-05-18T21:10:40","date_gmt":"2025-05-18T21:10:40","guid":{"rendered":"https:\/\/staging2.stylingagenten.com\/no\/produkt\/paul-mitchell-color-protect-daily-conditioner-1000ml\/"},"modified":"2026-03-25T14:58:57","modified_gmt":"2026-03-25T14:58:57","slug":"paul-mitchell-color-protect-daily-conditioner-1000ml","status":"publish","type":"product","link":"https:\/\/stylingagenten.com\/no\/produkt\/paul-mitchell-color-protect-daily-conditioner-1000ml\/","title":{"rendered":"Paul Mitchell Color Protect Daily Conditioner 1000ml"},"content":{"rendered":"<p>En n\u00e6rende balsam spesialdesignet for farget h\u00e5r. Den l\u00e6rer seg fargen og lukker det ytre laget av h\u00e5ret ved hjelp av solsikkeekstrakt. Tilf\u00f8rer fuktighet og gir fargen ekstra intensitet. H\u00e5ret blir skinnende og tynger ikke. Beskytter huden mot solens skadelige str\u00e5ler. Lukter solsikker.<\/p>\n","protected":false},"excerpt":{"rendered":"<p>En n\u00e6rende balsam spesialdesignet for farget h\u00e5r. Den l\u00e6rer seg fargen og lukker det ytre laget av h\u00e5ret ved hjelp av solsikkeekstrakt. Tilf\u00f8rer fuktighet og gir fargen ekstra intensitet. H\u00e5ret blir skinnende og tynger ikke. Beskytter huden mot solens skadelige str\u00e5ler. Lukter solsikker.<\/p>\n","protected":false},"featured_media":380311,"comment_status":"open","ping_status":"closed","template":"","meta":{"_trash_the_other_posts":false},"product_brand":[],"product_cat":[587],"product_tag":[3764],"berocket_brand":[1053],"class_list":{"0":"post-380319","1":"product","2":"type-product","3":"status-publish","4":"has-post-thumbnail","6":"product_cat-balsam","7":"product_tag-paul-mitchell-color-protect-daily-conditioner","8":"pa_brand-paul-mitchell","9":"pa_variant-1000ml","10":"berocket_brand-paul-mitchell","12":"first","13":"outofstock","14":"sale","15":"taxable","16":"shipping-taxable","17":"purchasable","18":"product-type-simple"},"_links":{"self":[{"href":"https:\/\/stylingagenten.com\/no\/wp-json\/wp\/v2\/product\/380319","targetHints":{"allow":["GET"]}}],"collection":[{"href":"https:\/\/stylingagenten.com\/no\/wp-json\/wp\/v2\/product"}],"about":[{"href":"https:\/\/stylingagenten.com\/no\/wp-json\/wp\/v2\/types\/product"}],"replies":[{"embeddable":true,"href":"https:\/\/stylingagenten.com\/no\/wp-json\/wp\/v2\/comments?post=380319"}],"version-history":[{"count":0,"href":"https:\/\/stylingagenten.com\/no\/wp-json\/wp\/v2\/product\/380319\/revisions"}],"wp:featuredmedia":[{"embeddable":true,"href":"https:\/\/stylingagenten.com\/no\/wp-json\/wp\/v2\/media\/380311"}],"wp:attachment":[{"href":"https:\/\/stylingagenten.com\/no\/wp-json\/wp\/v2\/media?parent=380319"}],"wp:term":[{"taxonomy":"product_brand","embeddable":true,"href":"https:\/\/stylingagenten.com\/no\/wp-json\/wp\/v2\/product_brand?post=380319"},{"taxonomy":"product_cat","embeddable":true,"href":"https:\/\/stylingagenten.com\/no\/wp-json\/wp\/v2\/product_cat?post=380319"},{"taxonomy":"product_tag","embeddable":true,"href":"https:\/\/stylingagenten.com\/no\/wp-json\/wp\/v2\/product_tag?post=380319"},{"taxonomy":"berocket_brand","embeddable":true,"href":"https:\/\/stylingagenten.com\/no\/wp-json\/wp\/v2\/berocket_brand?post=380319"}],"curies":[{"name":"wp","href":"https:\/\/api.w.org\/{rel}","templated":true}]}}