{"id":380309,"date":"2025-05-18T21:10:38","date_gmt":"2025-05-18T21:10:38","guid":{"rendered":"https:\/\/staging2.stylingagenten.com\/no\/produkt\/paul-mitchell-tea-tree-anti-thinning-conditioner-300ml\/"},"modified":"2026-02-18T11:26:35","modified_gmt":"2026-02-18T11:26:35","slug":"paul-mitchell-tea-tree-anti-thinning-conditioner-300ml","status":"publish","type":"product","link":"https:\/\/stylingagenten.com\/no\/produkt\/paul-mitchell-tea-tree-anti-thinning-conditioner-300ml\/","title":{"rendered":"Paul Mitchell Tea Tree Scalp Care Regeniplex Conditoner 300ml"},"content":{"rendered":"<p>En lett balsam som tilf\u00f8rer verdi og gj\u00f8r h\u00e5ret enklere \u00e5 administrere &ndash; uten \u00e5 tynge. Balsamen er spesialdesignet for \u00e5 bevare farget h\u00e5r, samtidig som den bidrar til \u00e5 balansere hodebunnen og gi et godt vekstmilj\u00f8. Beriket med kakaduplomme, peptider fra erter, kl\u00f8ver, gurkemeie og ginseng som stimulerer hodebunnen og gir fyldigere og tykkere h\u00e5r. Parabenfri, glutenfri og vegansk.<\/p>\n","protected":false},"excerpt":{"rendered":"<p>En lett balsam som tilf\u00f8rer verdi og gj\u00f8r h\u00e5ret enklere \u00e5 administrere &ndash; uten \u00e5 tynge. Balsamen er spesialdesignet for \u00e5 bevare farget h\u00e5r, samtidig som den bidrar til \u00e5 balansere hodebunnen og gi et godt vekstmilj\u00f8. Beriket med kakaduplomme, peptider fra erter, kl\u00f8ver, gurkemeie og ginseng som stimulerer hodebunnen og gir fyldigere og tykkere [&hellip;]<\/p>\n","protected":false},"featured_media":457733,"comment_status":"open","ping_status":"closed","template":"","meta":{"_trash_the_other_posts":false},"product_brand":[],"product_cat":[587],"product_tag":[],"berocket_brand":[1053],"class_list":{"0":"post-380309","1":"product","2":"type-product","3":"status-publish","4":"has-post-thumbnail","6":"product_cat-balsam","7":"pa_brand-paul-mitchell","8":"berocket_brand-paul-mitchell","10":"first","11":"instock","12":"sale","13":"taxable","14":"shipping-taxable","15":"purchasable","16":"product-type-simple"},"_links":{"self":[{"href":"https:\/\/stylingagenten.com\/no\/wp-json\/wp\/v2\/product\/380309","targetHints":{"allow":["GET"]}}],"collection":[{"href":"https:\/\/stylingagenten.com\/no\/wp-json\/wp\/v2\/product"}],"about":[{"href":"https:\/\/stylingagenten.com\/no\/wp-json\/wp\/v2\/types\/product"}],"replies":[{"embeddable":true,"href":"https:\/\/stylingagenten.com\/no\/wp-json\/wp\/v2\/comments?post=380309"}],"version-history":[{"count":0,"href":"https:\/\/stylingagenten.com\/no\/wp-json\/wp\/v2\/product\/380309\/revisions"}],"wp:featuredmedia":[{"embeddable":true,"href":"https:\/\/stylingagenten.com\/no\/wp-json\/wp\/v2\/media\/457733"}],"wp:attachment":[{"href":"https:\/\/stylingagenten.com\/no\/wp-json\/wp\/v2\/media?parent=380309"}],"wp:term":[{"taxonomy":"product_brand","embeddable":true,"href":"https:\/\/stylingagenten.com\/no\/wp-json\/wp\/v2\/product_brand?post=380309"},{"taxonomy":"product_cat","embeddable":true,"href":"https:\/\/stylingagenten.com\/no\/wp-json\/wp\/v2\/product_cat?post=380309"},{"taxonomy":"product_tag","embeddable":true,"href":"https:\/\/stylingagenten.com\/no\/wp-json\/wp\/v2\/product_tag?post=380309"},{"taxonomy":"berocket_brand","embeddable":true,"href":"https:\/\/stylingagenten.com\/no\/wp-json\/wp\/v2\/berocket_brand?post=380309"}],"curies":[{"name":"wp","href":"https:\/\/api.w.org\/{rel}","templated":true}]}}