{"id":380197,"date":"2025-05-18T21:10:11","date_gmt":"2025-05-18T21:10:11","guid":{"rendered":"https:\/\/staging2.stylingagenten.com\/no\/produkt\/goldwell-dualsenses-ultra-volume-bodifying-conditioner-200ml\/"},"modified":"2026-04-13T07:09:22","modified_gmt":"2026-04-13T07:09:22","slug":"goldwell-dualsenses-ultra-volume-bodifying-conditioner-200ml","status":"publish","type":"product","link":"https:\/\/stylingagenten.com\/no\/produkt\/goldwell-dualsenses-ultra-volume-bodifying-conditioner-200ml\/","title":{"rendered":"Goldwell Dualsenses Ultra Volume Bodifying Conditioner 200ml"},"content":{"rendered":"<p>Goldwell Dualsenses Ultra Volume Bodifying Conditioner passer deg med fint til livl\u00f8st h\u00e5r. H\u00e5rfiberen er styrket fra bunnen til toppen, verdsatt uten \u00e5 tynge og \u00f8ker fylden. H\u00e5ret f\u00e5r mer volum og blir lettere \u00e5 gre ut.<\/p>\n<p>&nbsp;<\/p>\n","protected":false},"excerpt":{"rendered":"<p>Goldwell Dualsenses Ultra Volume Bodifying Conditioner passer deg med fint til livl\u00f8st h\u00e5r. H\u00e5rfiberen er styrket fra bunnen til toppen, verdsatt uten \u00e5 tynge og \u00f8ker fylden. H\u00e5ret f\u00e5r mer volum og blir lettere \u00e5 gre ut. &nbsp;<\/p>\n","protected":false},"featured_media":380195,"comment_status":"open","ping_status":"closed","template":"","meta":{"_trash_the_other_posts":false},"product_brand":[],"product_cat":[587],"product_tag":[],"berocket_brand":[1328],"class_list":{"0":"post-380197","1":"product","2":"type-product","3":"status-publish","4":"has-post-thumbnail","6":"product_cat-balsam","7":"pa_brand-goldwell","8":"berocket_brand-goldwell","10":"first","11":"instock","12":"sale","13":"taxable","14":"shipping-taxable","15":"purchasable","16":"product-type-simple"},"_links":{"self":[{"href":"https:\/\/stylingagenten.com\/no\/wp-json\/wp\/v2\/product\/380197","targetHints":{"allow":["GET"]}}],"collection":[{"href":"https:\/\/stylingagenten.com\/no\/wp-json\/wp\/v2\/product"}],"about":[{"href":"https:\/\/stylingagenten.com\/no\/wp-json\/wp\/v2\/types\/product"}],"replies":[{"embeddable":true,"href":"https:\/\/stylingagenten.com\/no\/wp-json\/wp\/v2\/comments?post=380197"}],"version-history":[{"count":0,"href":"https:\/\/stylingagenten.com\/no\/wp-json\/wp\/v2\/product\/380197\/revisions"}],"wp:featuredmedia":[{"embeddable":true,"href":"https:\/\/stylingagenten.com\/no\/wp-json\/wp\/v2\/media\/380195"}],"wp:attachment":[{"href":"https:\/\/stylingagenten.com\/no\/wp-json\/wp\/v2\/media?parent=380197"}],"wp:term":[{"taxonomy":"product_brand","embeddable":true,"href":"https:\/\/stylingagenten.com\/no\/wp-json\/wp\/v2\/product_brand?post=380197"},{"taxonomy":"product_cat","embeddable":true,"href":"https:\/\/stylingagenten.com\/no\/wp-json\/wp\/v2\/product_cat?post=380197"},{"taxonomy":"product_tag","embeddable":true,"href":"https:\/\/stylingagenten.com\/no\/wp-json\/wp\/v2\/product_tag?post=380197"},{"taxonomy":"berocket_brand","embeddable":true,"href":"https:\/\/stylingagenten.com\/no\/wp-json\/wp\/v2\/berocket_brand?post=380197"}],"curies":[{"name":"wp","href":"https:\/\/api.w.org\/{rel}","templated":true}]}}