{"id":380189,"date":"2025-05-18T21:10:08","date_gmt":"2025-05-18T21:10:08","guid":{"rendered":"https:\/\/staging2.stylingagenten.com\/no\/produkt\/ellwo-volumizing-conditioner-350ml\/"},"modified":"2026-03-11T21:47:05","modified_gmt":"2026-03-11T21:47:05","slug":"ellwo-volumizing-conditioner-350ml","status":"publish","type":"product","link":"https:\/\/stylingagenten.com\/no\/produkt\/ellwo-volumizing-conditioner-350ml\/","title":{"rendered":"Ellwo Volumizing Conditioner 350ml"},"content":{"rendered":"<p>Ellwo Volumizing Conditioner er en volumgivende og fargebevarende balsam med en duft av mango og sommerlig gr\u00f8nt som gir h\u00e5ret glans og glans. Balsamen passer for alle h\u00e5rtyper, ogs\u00e5 h\u00e5r som har v\u00e6rt utsatt for kjemiske behandlinger. Balsamen er beriket med panthenol, et provitamin for B5.<\/p>\n<p>Sulfat- og parabenfri<br \/>Vegan<br \/>Fargebevarende<br \/>UV-beskyttende<\/p>\n<p><\/p>\n<p> <\/p>\n","protected":false},"excerpt":{"rendered":"<p>Ellwo Volumizing Conditioner er en volumgivende og fargebevarende balsam med en duft av mango og sommerlig gr\u00f8nt som gir h\u00e5ret glans og glans. Balsamen passer for alle h\u00e5rtyper, ogs\u00e5 h\u00e5r som har v\u00e6rt utsatt for kjemiske behandlinger. Balsamen er beriket med panthenol, et provitamin for B5. Sulfat- og parabenfriVeganFargebevarendeUV-beskyttende<\/p>\n","protected":false},"featured_media":380187,"comment_status":"open","ping_status":"closed","template":"","meta":{"_trash_the_other_posts":false},"product_brand":[],"product_cat":[587],"product_tag":[],"berocket_brand":[1305],"class_list":{"0":"post-380189","1":"product","2":"type-product","3":"status-publish","4":"has-post-thumbnail","6":"product_cat-balsam","7":"pa_brand-ellwo-professional","8":"berocket_brand-ellwo-professional","10":"first","11":"instock","12":"taxable","13":"shipping-taxable","14":"purchasable","15":"product-type-simple"},"_links":{"self":[{"href":"https:\/\/stylingagenten.com\/no\/wp-json\/wp\/v2\/product\/380189","targetHints":{"allow":["GET"]}}],"collection":[{"href":"https:\/\/stylingagenten.com\/no\/wp-json\/wp\/v2\/product"}],"about":[{"href":"https:\/\/stylingagenten.com\/no\/wp-json\/wp\/v2\/types\/product"}],"replies":[{"embeddable":true,"href":"https:\/\/stylingagenten.com\/no\/wp-json\/wp\/v2\/comments?post=380189"}],"version-history":[{"count":0,"href":"https:\/\/stylingagenten.com\/no\/wp-json\/wp\/v2\/product\/380189\/revisions"}],"wp:featuredmedia":[{"embeddable":true,"href":"https:\/\/stylingagenten.com\/no\/wp-json\/wp\/v2\/media\/380187"}],"wp:attachment":[{"href":"https:\/\/stylingagenten.com\/no\/wp-json\/wp\/v2\/media?parent=380189"}],"wp:term":[{"taxonomy":"product_brand","embeddable":true,"href":"https:\/\/stylingagenten.com\/no\/wp-json\/wp\/v2\/product_brand?post=380189"},{"taxonomy":"product_cat","embeddable":true,"href":"https:\/\/stylingagenten.com\/no\/wp-json\/wp\/v2\/product_cat?post=380189"},{"taxonomy":"product_tag","embeddable":true,"href":"https:\/\/stylingagenten.com\/no\/wp-json\/wp\/v2\/product_tag?post=380189"},{"taxonomy":"berocket_brand","embeddable":true,"href":"https:\/\/stylingagenten.com\/no\/wp-json\/wp\/v2\/berocket_brand?post=380189"}],"curies":[{"name":"wp","href":"https:\/\/api.w.org\/{rel}","templated":true}]}}