{"id":380171,"date":"2025-05-18T21:10:03","date_gmt":"2025-05-18T21:10:03","guid":{"rendered":"https:\/\/staging2.stylingagenten.com\/no\/produkt\/paul-mitchell-invisiblewear-conditioner-1000ml\/"},"modified":"2026-03-11T21:59:14","modified_gmt":"2026-03-11T21:59:14","slug":"paul-mitchell-invisiblewear-conditioner-1000ml","status":"publish","type":"product","link":"https:\/\/stylingagenten.com\/no\/produkt\/paul-mitchell-invisiblewear-conditioner-1000ml\/","title":{"rendered":"Paul Mitchell Invisiblewear Conditioner 1000ml"},"content":{"rendered":"<p>Behandle kjedelige, livl\u00f8se kr\u00f8ller med Paul Mitchell Invisiblewear Conditioner; en multifunksjonell formel som renser, mykgj\u00f8r og tilf\u00f8rer tekstur til h\u00e5ret ditt. Denne luksuri\u00f8se balsamen inneholder fl\u00f8yelsblomst og fjerner effektivt urenheter samtidig som den etterlater h\u00e5ret mer h\u00e5ndterlig med en enkel, ugjort finish. <br \/>Gir h\u00e5ret fleksibelt volum og definisjon uten glans for et avslappet utseende.<\/p>\n<p>Inneholder ingen parabener, gluten eller mineralolje.&nbsp;<\/p>\n","protected":false},"excerpt":{"rendered":"<p>Behandle kjedelige, livl\u00f8se kr\u00f8ller med Paul Mitchell Invisiblewear Conditioner; en multifunksjonell formel som renser, mykgj\u00f8r og tilf\u00f8rer tekstur til h\u00e5ret ditt. Denne luksuri\u00f8se balsamen inneholder fl\u00f8yelsblomst og fjerner effektivt urenheter samtidig som den etterlater h\u00e5ret mer h\u00e5ndterlig med en enkel, ugjort finish. Gir h\u00e5ret fleksibelt volum og definisjon uten glans for et avslappet utseende. Inneholder [&hellip;]<\/p>\n","protected":false},"featured_media":380166,"comment_status":"open","ping_status":"closed","template":"","meta":{"_trash_the_other_posts":false},"product_brand":[],"product_cat":[587],"product_tag":[3773],"berocket_brand":[1053],"class_list":{"0":"post-380171","1":"product","2":"type-product","3":"status-publish","4":"has-post-thumbnail","6":"product_cat-balsam","7":"product_tag-paul-mitchell-invisiblewear-conditioner","8":"pa_brand-paul-mitchell","9":"pa_variant-1000ml","10":"berocket_brand-paul-mitchell","12":"first","13":"instock","14":"sale","15":"taxable","16":"shipping-taxable","17":"purchasable","18":"product-type-simple"},"_links":{"self":[{"href":"https:\/\/stylingagenten.com\/no\/wp-json\/wp\/v2\/product\/380171","targetHints":{"allow":["GET"]}}],"collection":[{"href":"https:\/\/stylingagenten.com\/no\/wp-json\/wp\/v2\/product"}],"about":[{"href":"https:\/\/stylingagenten.com\/no\/wp-json\/wp\/v2\/types\/product"}],"replies":[{"embeddable":true,"href":"https:\/\/stylingagenten.com\/no\/wp-json\/wp\/v2\/comments?post=380171"}],"version-history":[{"count":0,"href":"https:\/\/stylingagenten.com\/no\/wp-json\/wp\/v2\/product\/380171\/revisions"}],"wp:featuredmedia":[{"embeddable":true,"href":"https:\/\/stylingagenten.com\/no\/wp-json\/wp\/v2\/media\/380166"}],"wp:attachment":[{"href":"https:\/\/stylingagenten.com\/no\/wp-json\/wp\/v2\/media?parent=380171"}],"wp:term":[{"taxonomy":"product_brand","embeddable":true,"href":"https:\/\/stylingagenten.com\/no\/wp-json\/wp\/v2\/product_brand?post=380171"},{"taxonomy":"product_cat","embeddable":true,"href":"https:\/\/stylingagenten.com\/no\/wp-json\/wp\/v2\/product_cat?post=380171"},{"taxonomy":"product_tag","embeddable":true,"href":"https:\/\/stylingagenten.com\/no\/wp-json\/wp\/v2\/product_tag?post=380171"},{"taxonomy":"berocket_brand","embeddable":true,"href":"https:\/\/stylingagenten.com\/no\/wp-json\/wp\/v2\/berocket_brand?post=380171"}],"curies":[{"name":"wp","href":"https:\/\/api.w.org\/{rel}","templated":true}]}}