{"id":380154,"date":"2025-05-18T21:09:58","date_gmt":"2025-05-18T21:09:58","guid":{"rendered":"https:\/\/staging2.stylingagenten.com\/no\/produkt\/brave-new-hair-keratin-conditioner-250ml\/"},"modified":"2026-03-24T16:23:43","modified_gmt":"2026-03-24T16:23:43","slug":"brave-new-hair-keratin-conditioner-250ml","status":"publish","type":"product","link":"https:\/\/stylingagenten.com\/no\/produkt\/brave-new-hair-keratin-conditioner-250ml\/","title":{"rendered":"Brave. New. Hair. Keratin Conditioner 250ml"},"content":{"rendered":"<p id=\"isPasted\" style=\"margin-top:0cm;margin-right:0cm;margin-bottom:7.5pt;margin-left:0cm;background:white\">Keratin balsam fra Brave New Hair er en lett h\u00e5rbalsam som gir umiddelbar mykt og spenstig h\u00e5r med keratin, aminosyrer, baobab og tamanu.<\/p>\n<p style=\"margin-top:0cm;margin-right:0cm;margin-bottom:7.5pt;margin-left :0cm\">Fordeler:<\/p>\n<p style=\"margin-top:0cm;margin-bottom:7.5pt\">\u2014 Jevner ut og kontrollerer h\u00e5ret<br \/>\u2014 Erstatter h\u00e5rets naturlige protein for \u00e5 forbedre h\u00e5rets motstand og elastisitet<br \/>\u2014 Styrker h\u00e5ret<br \/>\u2014 Bevarer fuktigheten i h\u00e5ret<br \/>\u2014 Reduserer risikoen for flisete tupper<br \/>\u2014 Gir h\u00e5ret \u00f8kt glans og mykhet<br \/>\u2014 Forbedrer h\u00e5ndterbarheten<br \/>\u2014 Antistatisk effekt<\/p>\n<p style=\"margin-top:0cm;margin-right:0cm;margin-bottom:7.5pt;margin-left :0 cm;background:white\">Hvordan bruke: Etter sjamponering med keratinsjampoen i samme serie, p\u00e5f\u00f8r en sjener\u00f8s mengde balsam. F\u00f8r balsamen forsiktig gjennom h\u00e5ret, pass p\u00e5 at den dekker tuppene. Vent i tre minutter, og skyll deretter grundig med vann.<\/p>\n<p style=\"margin-top:0cm;margin-right:0cm;margin-bottom:7.5pt;margin-left:0cm\">Fri for:<br \/>&nbsp;sulfater<br \/>&nbsp;silikoner<br \/>&nbsp;Tilsatt salt<br \/>&nbsp;Petrolatum<\/p>\n","protected":false},"excerpt":{"rendered":"<p>Keratin balsam fra Brave New Hair er en lett h\u00e5rbalsam som gir umiddelbar mykt og spenstig h\u00e5r med keratin, aminosyrer, baobab og tamanu. Fordeler: \u2014 Jevner ut og kontrollerer h\u00e5ret\u2014 Erstatter h\u00e5rets naturlige protein for \u00e5 forbedre h\u00e5rets motstand og elastisitet\u2014 Styrker h\u00e5ret\u2014 Bevarer fuktigheten i h\u00e5ret\u2014 Reduserer risikoen for flisete tupper\u2014 Gir h\u00e5ret \u00f8kt [&hellip;]<\/p>\n","protected":false},"featured_media":380151,"comment_status":"open","ping_status":"closed","template":"","meta":{"_trash_the_other_posts":false},"product_brand":[],"product_cat":[587],"product_tag":[],"berocket_brand":[1211],"class_list":{"0":"post-380154","1":"product","2":"type-product","3":"status-publish","4":"has-post-thumbnail","6":"product_cat-balsam","7":"pa_brand-brave-new-hair","8":"berocket_brand-brave-new-hair","10":"first","11":"instock","12":"taxable","13":"shipping-taxable","14":"purchasable","15":"product-type-simple"},"_links":{"self":[{"href":"https:\/\/stylingagenten.com\/no\/wp-json\/wp\/v2\/product\/380154","targetHints":{"allow":["GET"]}}],"collection":[{"href":"https:\/\/stylingagenten.com\/no\/wp-json\/wp\/v2\/product"}],"about":[{"href":"https:\/\/stylingagenten.com\/no\/wp-json\/wp\/v2\/types\/product"}],"replies":[{"embeddable":true,"href":"https:\/\/stylingagenten.com\/no\/wp-json\/wp\/v2\/comments?post=380154"}],"version-history":[{"count":0,"href":"https:\/\/stylingagenten.com\/no\/wp-json\/wp\/v2\/product\/380154\/revisions"}],"wp:featuredmedia":[{"embeddable":true,"href":"https:\/\/stylingagenten.com\/no\/wp-json\/wp\/v2\/media\/380151"}],"wp:attachment":[{"href":"https:\/\/stylingagenten.com\/no\/wp-json\/wp\/v2\/media?parent=380154"}],"wp:term":[{"taxonomy":"product_brand","embeddable":true,"href":"https:\/\/stylingagenten.com\/no\/wp-json\/wp\/v2\/product_brand?post=380154"},{"taxonomy":"product_cat","embeddable":true,"href":"https:\/\/stylingagenten.com\/no\/wp-json\/wp\/v2\/product_cat?post=380154"},{"taxonomy":"product_tag","embeddable":true,"href":"https:\/\/stylingagenten.com\/no\/wp-json\/wp\/v2\/product_tag?post=380154"},{"taxonomy":"berocket_brand","embeddable":true,"href":"https:\/\/stylingagenten.com\/no\/wp-json\/wp\/v2\/berocket_brand?post=380154"}],"curies":[{"name":"wp","href":"https:\/\/api.w.org\/{rel}","templated":true}]}}