{"id":380152,"date":"2025-05-18T21:09:57","date_gmt":"2025-05-18T21:09:57","guid":{"rendered":"https:\/\/staging2.stylingagenten.com\/no\/produkt\/brave-new-hair-color-conditioner-250ml\/"},"modified":"2026-03-11T21:51:18","modified_gmt":"2026-03-11T21:51:18","slug":"brave-new-hair-color-conditioner-250ml","status":"publish","type":"product","link":"https:\/\/stylingagenten.com\/no\/produkt\/brave-new-hair-color-conditioner-250ml\/","title":{"rendered":"Brave. New. Hair. Color Conditioner 250ml"},"content":{"rendered":"<p id=\"isPasted\" style=\"margin-top:0cm;margin-right:0cm;margin-bottom:7.5pt;margin-left:0cm;background:white\">Color Conditioner fra Brave New Hair er et h\u00e5r balsam for fargebevaring og glans med quinoa, UV-filtre, fruktsyrer og valn\u00f8ttekstrakter.<\/p>\n<p style=\"margin-top:0cm;margin-right:0cm;margin-bottom:7.5pt;margin-left: 0 cm\">10 fordeler:<br \/>\u2014 Beholder fargen og nyansen p\u00e5 h\u00e5ret ditt<br \/>\u2014 Forbedrer h\u00e5rets lysstyrke p\u00e5 grunn av en anti-kalkeffekt<br \/>\u2014 Beskytter mot milj\u00f8forurensning<br \/>\u2014 Gir langsiktig beskyttelse mot frie radikaler<br \/>\u2014 Forenkler styling<br \/>\u2014 Forbedrer h\u00e5rets utseende og fremhever glans av h\u00e5ret<br \/>\u2014 \u00d8ker absorpsjonen av pigmenter i h\u00e5ret etter nyfarging<\/p>\n<p style=\"margin-top:0cm;margin-right:0cm;margin-bottom:7.5pt;margin-left: 0 cm;background:white\">Hvordan bruke: Etter sjamponering med den fargebevarende sjampoen i samme serie, p\u00e5f\u00f8r en sjener\u00f8s mengde balsam. Ha balsamen forsiktig gjennom h\u00e5ret, og pass p\u00e5 at den dekker helt til tuppene. Vent til tre minutter, og skyll deretter grundig.<\/p>\n<p style=\"margin-top:0cm;margin-right:0cm;margin-bottom:7.5pt;margin-left:0cm\">Fri for:<br \/>&nbsp;sulfater<br \/>&nbsp;silikoner<br \/>&nbsp;Tilsatt salt<br \/>&nbsp;Ingredienser av animalsk opprinnelse<br \/>&nbsp;Petrolatum<\/p>\n<p style=\"margin-top:0cm;margin-right:0cm;margin-bottom:7.5pt;margin-left:0cm;background:white\"><\/p>\n","protected":false},"excerpt":{"rendered":"<p>Color Conditioner fra Brave New Hair er et h\u00e5r balsam for fargebevaring og glans med quinoa, UV-filtre, fruktsyrer og valn\u00f8ttekstrakter. 10 fordeler:\u2014 Beholder fargen og nyansen p\u00e5 h\u00e5ret ditt\u2014 Forbedrer h\u00e5rets lysstyrke p\u00e5 grunn av en anti-kalkeffekt\u2014 Beskytter mot milj\u00f8forurensning\u2014 Gir langsiktig beskyttelse mot frie radikaler\u2014 Forenkler styling\u2014 Forbedrer h\u00e5rets utseende og fremhever glans av [&hellip;]<\/p>\n","protected":false},"featured_media":380150,"comment_status":"open","ping_status":"closed","template":"","meta":{"_trash_the_other_posts":false},"product_brand":[],"product_cat":[587],"product_tag":[],"berocket_brand":[1211],"class_list":{"0":"post-380152","1":"product","2":"type-product","3":"status-publish","4":"has-post-thumbnail","6":"product_cat-balsam","7":"pa_brand-brave-new-hair","8":"berocket_brand-brave-new-hair","10":"first","11":"instock","12":"taxable","13":"shipping-taxable","14":"purchasable","15":"product-type-simple"},"_links":{"self":[{"href":"https:\/\/stylingagenten.com\/no\/wp-json\/wp\/v2\/product\/380152","targetHints":{"allow":["GET"]}}],"collection":[{"href":"https:\/\/stylingagenten.com\/no\/wp-json\/wp\/v2\/product"}],"about":[{"href":"https:\/\/stylingagenten.com\/no\/wp-json\/wp\/v2\/types\/product"}],"replies":[{"embeddable":true,"href":"https:\/\/stylingagenten.com\/no\/wp-json\/wp\/v2\/comments?post=380152"}],"version-history":[{"count":0,"href":"https:\/\/stylingagenten.com\/no\/wp-json\/wp\/v2\/product\/380152\/revisions"}],"wp:featuredmedia":[{"embeddable":true,"href":"https:\/\/stylingagenten.com\/no\/wp-json\/wp\/v2\/media\/380150"}],"wp:attachment":[{"href":"https:\/\/stylingagenten.com\/no\/wp-json\/wp\/v2\/media?parent=380152"}],"wp:term":[{"taxonomy":"product_brand","embeddable":true,"href":"https:\/\/stylingagenten.com\/no\/wp-json\/wp\/v2\/product_brand?post=380152"},{"taxonomy":"product_cat","embeddable":true,"href":"https:\/\/stylingagenten.com\/no\/wp-json\/wp\/v2\/product_cat?post=380152"},{"taxonomy":"product_tag","embeddable":true,"href":"https:\/\/stylingagenten.com\/no\/wp-json\/wp\/v2\/product_tag?post=380152"},{"taxonomy":"berocket_brand","embeddable":true,"href":"https:\/\/stylingagenten.com\/no\/wp-json\/wp\/v2\/berocket_brand?post=380152"}],"curies":[{"name":"wp","href":"https:\/\/api.w.org\/{rel}","templated":true}]}}