{"id":380149,"date":"2025-05-18T21:09:57","date_gmt":"2025-05-18T21:09:57","guid":{"rendered":"https:\/\/staging2.stylingagenten.com\/no\/produkt\/brave-new-hair-reboot-conditioner-250ml\/"},"modified":"2026-04-11T13:37:38","modified_gmt":"2026-04-11T13:37:38","slug":"brave-new-hair-reboot-conditioner-250ml","status":"publish","type":"product","link":"https:\/\/stylingagenten.com\/no\/produkt\/brave-new-hair-reboot-conditioner-250ml\/","title":{"rendered":"Brave. New. Hair. Reboot Conditioner 250ml"},"content":{"rendered":"<p>Reboot Conditioner fra Brave New Hair er en lett h\u00e5rbalsam med reparerende og fuktighetsgivende egenskaper takket v\u00e6re hyaluronsyre, panthenol og BRAVE PLEX-teknologi.<\/p>\n<p>10 fordeler:<\/p>\n<p> p&gt;<\/p>\n<p>\u00e2 \u2014 Unik h\u00e5rbindingsmultiplikator<\/p>\n<p>\u00e2\u2014 Vokser h\u00e5ret opptil tre ganger<\/p>\n<p>\u00e2\u2014 Beholder h\u00e5rets indre struktur<\/p>\n<p>\u00e2\u2014 Reduserer flisete tupper<\/p>\n<p>\u00e2\u2014 Gir glans og mykhet<\/p>\n<p>\u00e2\u2014 Deep condition<\/p>\n<p>\u00e2\u2014 Legger til tekstur til h\u00e5ret H\u00e5rfibre<\/p>\n<p>\u00e2\u2014 Antistatisk effekt<\/p>\n<p>\u00e2\u2014 Reduserer skade fra t\u00f8ffe kjemiske behandlinger<\/p>\n<p>\u00e2\u2014 Forbedrer h\u00e5rets h\u00e5ndterbarhet<\/p>\n<p>Bruk: Etter sjamponering med Reboot-sjampoen i samme serie, p\u00e5f\u00f8r en sjener\u00f8s mengde h\u00e5rbalsam. F\u00f8r balsamen forsiktig gjennom h\u00e5ret, og pass p\u00e5 at den bare dekker endene. Vent i tre minutter, og skyll deretter grundig med vann.<\/p>\n<p>Fri for:<br \/>sulfater<br \/>silikoner<br \/>tilsatt salt<br \/>Ingredienser av animalsk opprinnelse <br \/>petrolatum<\/p>\n","protected":false},"excerpt":{"rendered":"<p>Reboot Conditioner fra Brave New Hair er en lett h\u00e5rbalsam med reparerende og fuktighetsgivende egenskaper takket v\u00e6re hyaluronsyre, panthenol og BRAVE PLEX-teknologi. 10 fordeler: p&gt; \u00e2 \u2014 Unik h\u00e5rbindingsmultiplikator \u00e2\u2014 Vokser h\u00e5ret opptil tre ganger \u00e2\u2014 Beholder h\u00e5rets indre struktur \u00e2\u2014 Reduserer flisete tupper \u00e2\u2014 Gir glans og mykhet \u00e2\u2014 Deep condition \u00e2\u2014 Legger til [&hellip;]<\/p>\n","protected":false},"featured_media":380146,"comment_status":"open","ping_status":"closed","template":"","meta":{"_trash_the_other_posts":false},"product_brand":[],"product_cat":[587],"product_tag":[],"berocket_brand":[1211],"class_list":{"0":"post-380149","1":"product","2":"type-product","3":"status-publish","4":"has-post-thumbnail","6":"product_cat-balsam","7":"pa_brand-brave-new-hair","8":"berocket_brand-brave-new-hair","10":"first","11":"instock","12":"taxable","13":"shipping-taxable","14":"purchasable","15":"product-type-simple"},"_links":{"self":[{"href":"https:\/\/stylingagenten.com\/no\/wp-json\/wp\/v2\/product\/380149","targetHints":{"allow":["GET"]}}],"collection":[{"href":"https:\/\/stylingagenten.com\/no\/wp-json\/wp\/v2\/product"}],"about":[{"href":"https:\/\/stylingagenten.com\/no\/wp-json\/wp\/v2\/types\/product"}],"replies":[{"embeddable":true,"href":"https:\/\/stylingagenten.com\/no\/wp-json\/wp\/v2\/comments?post=380149"}],"version-history":[{"count":0,"href":"https:\/\/stylingagenten.com\/no\/wp-json\/wp\/v2\/product\/380149\/revisions"}],"wp:featuredmedia":[{"embeddable":true,"href":"https:\/\/stylingagenten.com\/no\/wp-json\/wp\/v2\/media\/380146"}],"wp:attachment":[{"href":"https:\/\/stylingagenten.com\/no\/wp-json\/wp\/v2\/media?parent=380149"}],"wp:term":[{"taxonomy":"product_brand","embeddable":true,"href":"https:\/\/stylingagenten.com\/no\/wp-json\/wp\/v2\/product_brand?post=380149"},{"taxonomy":"product_cat","embeddable":true,"href":"https:\/\/stylingagenten.com\/no\/wp-json\/wp\/v2\/product_cat?post=380149"},{"taxonomy":"product_tag","embeddable":true,"href":"https:\/\/stylingagenten.com\/no\/wp-json\/wp\/v2\/product_tag?post=380149"},{"taxonomy":"berocket_brand","embeddable":true,"href":"https:\/\/stylingagenten.com\/no\/wp-json\/wp\/v2\/berocket_brand?post=380149"}],"curies":[{"name":"wp","href":"https:\/\/api.w.org\/{rel}","templated":true}]}}