{"id":380148,"date":"2025-05-18T21:09:57","date_gmt":"2025-05-18T21:09:57","guid":{"rendered":"https:\/\/staging2.stylingagenten.com\/no\/produkt\/ida-warg-repair-conditioner-250ml\/"},"modified":"2026-03-11T21:49:18","modified_gmt":"2026-03-11T21:49:18","slug":"ida-warg-repair-conditioner-250ml","status":"publish","type":"product","link":"https:\/\/stylingagenten.com\/no\/produkt\/ida-warg-repair-conditioner-250ml\/","title":{"rendered":"Ida Warg Repair Conditioner 250ml"},"content":{"rendered":"<p>Ida Warg Repair Conditioner er en rik og styrkende balsam med algeekstrakt for t\u00f8rt og skadet h\u00e5r. Denne balsamen reparerer og gjenoppbygger h\u00e5ret dyp og gir langvarig beskyttelse samtidig som h\u00e5rets naturlige styrke og vitalitet opprettholdes.&nbsp;<\/p>\n<p>grusomhetsfri, 100 % vegansk.<\/p>\n","protected":false},"excerpt":{"rendered":"<p>Ida Warg Repair Conditioner er en rik og styrkende balsam med algeekstrakt for t\u00f8rt og skadet h\u00e5r. Denne balsamen reparerer og gjenoppbygger h\u00e5ret dyp og gir langvarig beskyttelse samtidig som h\u00e5rets naturlige styrke og vitalitet opprettholdes.&nbsp; grusomhetsfri, 100 % vegansk.<\/p>\n","protected":false},"featured_media":380145,"comment_status":"open","ping_status":"closed","template":"","meta":{"_trash_the_other_posts":false},"product_brand":[],"product_cat":[587],"product_tag":[3006],"berocket_brand":[1346],"class_list":{"0":"post-380148","1":"product","2":"type-product","3":"status-publish","4":"has-post-thumbnail","6":"product_cat-balsam","7":"product_tag-ida-warg-repair-conditioner","8":"pa_brand-ida-warg","9":"pa_variant-250ml","10":"berocket_brand-ida-warg","12":"first","13":"instock","14":"sale","15":"taxable","16":"shipping-taxable","17":"purchasable","18":"product-type-simple"},"_links":{"self":[{"href":"https:\/\/stylingagenten.com\/no\/wp-json\/wp\/v2\/product\/380148","targetHints":{"allow":["GET"]}}],"collection":[{"href":"https:\/\/stylingagenten.com\/no\/wp-json\/wp\/v2\/product"}],"about":[{"href":"https:\/\/stylingagenten.com\/no\/wp-json\/wp\/v2\/types\/product"}],"replies":[{"embeddable":true,"href":"https:\/\/stylingagenten.com\/no\/wp-json\/wp\/v2\/comments?post=380148"}],"version-history":[{"count":0,"href":"https:\/\/stylingagenten.com\/no\/wp-json\/wp\/v2\/product\/380148\/revisions"}],"wp:featuredmedia":[{"embeddable":true,"href":"https:\/\/stylingagenten.com\/no\/wp-json\/wp\/v2\/media\/380145"}],"wp:attachment":[{"href":"https:\/\/stylingagenten.com\/no\/wp-json\/wp\/v2\/media?parent=380148"}],"wp:term":[{"taxonomy":"product_brand","embeddable":true,"href":"https:\/\/stylingagenten.com\/no\/wp-json\/wp\/v2\/product_brand?post=380148"},{"taxonomy":"product_cat","embeddable":true,"href":"https:\/\/stylingagenten.com\/no\/wp-json\/wp\/v2\/product_cat?post=380148"},{"taxonomy":"product_tag","embeddable":true,"href":"https:\/\/stylingagenten.com\/no\/wp-json\/wp\/v2\/product_tag?post=380148"},{"taxonomy":"berocket_brand","embeddable":true,"href":"https:\/\/stylingagenten.com\/no\/wp-json\/wp\/v2\/berocket_brand?post=380148"}],"curies":[{"name":"wp","href":"https:\/\/api.w.org\/{rel}","templated":true}]}}