{"id":380144,"date":"2025-05-18T21:09:55","date_gmt":"2025-05-18T21:09:55","guid":{"rendered":"https:\/\/staging2.stylingagenten.com\/no\/produkt\/ref-cool-silver-conditioner-245ml\/"},"modified":"2026-03-11T21:50:21","modified_gmt":"2026-03-11T21:50:21","slug":"ref-cool-silver-conditioner-245ml","status":"publish","type":"product","link":"https:\/\/stylingagenten.com\/no\/produkt\/ref-cool-silver-conditioner-245ml\/","title":{"rendered":"REF Cool Silver Conditioner 245ml"},"content":{"rendered":"<p>REF Cool Silver Conditioner er en balsam med botaniske ekstrakter og fiolette pigmenter som er spesielt utvalgt for \u00e5 beskytte, styrke og n\u00f8ytralisere u\u00f8nskede gultoner for\u00e5rsaket av mineraler eller oksidasjon. Toner forsiktig bleket, naturlig eller solbleket h\u00e5r og beskytter h\u00e5ret. Tilf\u00f8rer et hint av s\u00f8lv til gr\u00e5tt h\u00e5r.<\/p>\n<p>Crueltyfree<br \/>100 % vegansk<\/p>\n","protected":false},"excerpt":{"rendered":"<p>REF Cool Silver Conditioner er en balsam med botaniske ekstrakter og fiolette pigmenter som er spesielt utvalgt for \u00e5 beskytte, styrke og n\u00f8ytralisere u\u00f8nskede gultoner for\u00e5rsaket av mineraler eller oksidasjon. Toner forsiktig bleket, naturlig eller solbleket h\u00e5r og beskytter h\u00e5ret. Tilf\u00f8rer et hint av s\u00f8lv til gr\u00e5tt h\u00e5r. Crueltyfree100 % vegansk<\/p>\n","protected":false},"featured_media":380142,"comment_status":"open","ping_status":"closed","template":"","meta":{"_trash_the_other_posts":false},"product_brand":[],"product_cat":[587],"product_tag":[3864],"berocket_brand":[1209],"class_list":{"0":"post-380144","1":"product","2":"type-product","3":"status-publish","4":"has-post-thumbnail","6":"product_cat-balsam","7":"product_tag-ref-cool-silver-conditioner","8":"pa_brand-ref","9":"pa_variant-245ml","10":"berocket_brand-ref","12":"first","13":"instock","14":"sale","15":"taxable","16":"shipping-taxable","17":"purchasable","18":"product-type-simple"},"_links":{"self":[{"href":"https:\/\/stylingagenten.com\/no\/wp-json\/wp\/v2\/product\/380144","targetHints":{"allow":["GET"]}}],"collection":[{"href":"https:\/\/stylingagenten.com\/no\/wp-json\/wp\/v2\/product"}],"about":[{"href":"https:\/\/stylingagenten.com\/no\/wp-json\/wp\/v2\/types\/product"}],"replies":[{"embeddable":true,"href":"https:\/\/stylingagenten.com\/no\/wp-json\/wp\/v2\/comments?post=380144"}],"version-history":[{"count":0,"href":"https:\/\/stylingagenten.com\/no\/wp-json\/wp\/v2\/product\/380144\/revisions"}],"wp:featuredmedia":[{"embeddable":true,"href":"https:\/\/stylingagenten.com\/no\/wp-json\/wp\/v2\/media\/380142"}],"wp:attachment":[{"href":"https:\/\/stylingagenten.com\/no\/wp-json\/wp\/v2\/media?parent=380144"}],"wp:term":[{"taxonomy":"product_brand","embeddable":true,"href":"https:\/\/stylingagenten.com\/no\/wp-json\/wp\/v2\/product_brand?post=380144"},{"taxonomy":"product_cat","embeddable":true,"href":"https:\/\/stylingagenten.com\/no\/wp-json\/wp\/v2\/product_cat?post=380144"},{"taxonomy":"product_tag","embeddable":true,"href":"https:\/\/stylingagenten.com\/no\/wp-json\/wp\/v2\/product_tag?post=380144"},{"taxonomy":"berocket_brand","embeddable":true,"href":"https:\/\/stylingagenten.com\/no\/wp-json\/wp\/v2\/berocket_brand?post=380144"}],"curies":[{"name":"wp","href":"https:\/\/api.w.org\/{rel}","templated":true}]}}