{"id":380097,"date":"2025-05-18T21:09:45","date_gmt":"2025-05-18T21:09:45","guid":{"rendered":"https:\/\/staging2.stylingagenten.com\/no\/produkt\/ida-warg-moisture-conditioner-pro-size-500ml\/"},"modified":"2026-03-11T21:52:10","modified_gmt":"2026-03-11T21:52:10","slug":"ida-warg-moisture-conditioner-pro-size-500ml","status":"publish","type":"product","link":"https:\/\/stylingagenten.com\/no\/produkt\/ida-warg-moisture-conditioner-pro-size-500ml\/","title":{"rendered":"Ida Warg Moisture Conditioner Pro Size 500ml"},"content":{"rendered":"<p>Ida Warg Moisture Conditioner er en ekstra fuktighetsgivende og mykgj\u00f8rende balsam med n\u00e6rende kokosolje for grovt, t\u00f8rt og glansl\u00f8st h\u00e5r. Dypt fuktighetsgivende formel som har en mykgj\u00f8rende og klargj\u00f8rende effekt.<\/p>\n<p>grusomhetsfri, 100 % vegansk.<\/p>\n","protected":false},"excerpt":{"rendered":"<p>Ida Warg Moisture Conditioner er en ekstra fuktighetsgivende og mykgj\u00f8rende balsam med n\u00e6rende kokosolje for grovt, t\u00f8rt og glansl\u00f8st h\u00e5r. Dypt fuktighetsgivende formel som har en mykgj\u00f8rende og klargj\u00f8rende effekt. grusomhetsfri, 100 % vegansk.<\/p>\n","protected":false},"featured_media":380094,"comment_status":"open","ping_status":"closed","template":"","meta":{"_trash_the_other_posts":false},"product_brand":[],"product_cat":[587],"product_tag":[3002],"berocket_brand":[1346],"class_list":{"0":"post-380097","1":"product","2":"type-product","3":"status-publish","4":"has-post-thumbnail","6":"product_cat-balsam","7":"product_tag-ida-warg-moisture-conditioner","8":"pa_brand-ida-warg","9":"pa_variant-500ml","10":"berocket_brand-ida-warg","12":"first","13":"instock","14":"sale","15":"taxable","16":"shipping-taxable","17":"purchasable","18":"product-type-simple"},"_links":{"self":[{"href":"https:\/\/stylingagenten.com\/no\/wp-json\/wp\/v2\/product\/380097","targetHints":{"allow":["GET"]}}],"collection":[{"href":"https:\/\/stylingagenten.com\/no\/wp-json\/wp\/v2\/product"}],"about":[{"href":"https:\/\/stylingagenten.com\/no\/wp-json\/wp\/v2\/types\/product"}],"replies":[{"embeddable":true,"href":"https:\/\/stylingagenten.com\/no\/wp-json\/wp\/v2\/comments?post=380097"}],"version-history":[{"count":0,"href":"https:\/\/stylingagenten.com\/no\/wp-json\/wp\/v2\/product\/380097\/revisions"}],"wp:featuredmedia":[{"embeddable":true,"href":"https:\/\/stylingagenten.com\/no\/wp-json\/wp\/v2\/media\/380094"}],"wp:attachment":[{"href":"https:\/\/stylingagenten.com\/no\/wp-json\/wp\/v2\/media?parent=380097"}],"wp:term":[{"taxonomy":"product_brand","embeddable":true,"href":"https:\/\/stylingagenten.com\/no\/wp-json\/wp\/v2\/product_brand?post=380097"},{"taxonomy":"product_cat","embeddable":true,"href":"https:\/\/stylingagenten.com\/no\/wp-json\/wp\/v2\/product_cat?post=380097"},{"taxonomy":"product_tag","embeddable":true,"href":"https:\/\/stylingagenten.com\/no\/wp-json\/wp\/v2\/product_tag?post=380097"},{"taxonomy":"berocket_brand","embeddable":true,"href":"https:\/\/stylingagenten.com\/no\/wp-json\/wp\/v2\/berocket_brand?post=380097"}],"curies":[{"name":"wp","href":"https:\/\/api.w.org\/{rel}","templated":true}]}}