{"id":379967,"date":"2025-05-18T21:09:06","date_gmt":"2025-05-18T21:09:06","guid":{"rendered":"https:\/\/staging2.stylingagenten.com\/no\/produkt\/schwarzkopf-bc-repair-rescue-leave-in-spray-conditioner-200ml\/"},"modified":"2026-03-30T18:07:33","modified_gmt":"2026-03-30T18:07:33","slug":"schwarzkopf-bc-repair-rescue-leave-in-spray-conditioner-200ml","status":"publish","type":"product","link":"https:\/\/stylingagenten.com\/no\/produkt\/schwarzkopf-bc-repair-rescue-leave-in-spray-conditioner-200ml\/","title":{"rendered":"Schwarzkopf BC Repair Rescue Leave-In Spray Conditioner 200ml"},"content":{"rendered":"<p>BC Bonacure Repair Rescue Spray Conditioner er en leave-in balsam som har en umiddelbar reparerende effekt p\u00e5 skadet h\u00e5r. Dette to-fase leave-in-produktet kombinerer en effektiv konsentrasjon av ingredienser som umiddelbart gj\u00f8r h\u00e5ret mykt og smidig. H\u00e5ret er styrket med essensiell fuktighet, mens elastisiteten er dramatisk forbedret for maksimal h\u00e5ndterbarhet. <\/p>\n<p>Bruk: Rist sprayen godt. Spray et jevnt lag over rent og h\u00e5ndklet\u00f8rt h\u00e5r. Produktet skal ikke skylles ut. <\/p>\n<p>200 ml<\/p>\n","protected":false},"excerpt":{"rendered":"<p>BC Bonacure Repair Rescue Spray Conditioner er en leave-in balsam som har en umiddelbar reparerende effekt p\u00e5 skadet h\u00e5r. Dette to-fase leave-in-produktet kombinerer en effektiv konsentrasjon av ingredienser som umiddelbart gj\u00f8r h\u00e5ret mykt og smidig. H\u00e5ret er styrket med essensiell fuktighet, mens elastisiteten er dramatisk forbedret for maksimal h\u00e5ndterbarhet. Bruk: Rist sprayen godt. Spray et [&hellip;]<\/p>\n","protected":false},"featured_media":379966,"comment_status":"open","ping_status":"closed","template":"","meta":{"_trash_the_other_posts":false},"product_brand":[],"product_cat":[587],"product_tag":[],"berocket_brand":[1060],"class_list":{"0":"post-379967","1":"product","2":"type-product","3":"status-publish","4":"has-post-thumbnail","6":"product_cat-balsam","7":"pa_brand-schwarzkopf","8":"berocket_brand-schwarzkopf","10":"first","11":"outofstock","12":"sale","13":"taxable","14":"shipping-taxable","15":"purchasable","16":"product-type-simple"},"_links":{"self":[{"href":"https:\/\/stylingagenten.com\/no\/wp-json\/wp\/v2\/product\/379967","targetHints":{"allow":["GET"]}}],"collection":[{"href":"https:\/\/stylingagenten.com\/no\/wp-json\/wp\/v2\/product"}],"about":[{"href":"https:\/\/stylingagenten.com\/no\/wp-json\/wp\/v2\/types\/product"}],"replies":[{"embeddable":true,"href":"https:\/\/stylingagenten.com\/no\/wp-json\/wp\/v2\/comments?post=379967"}],"version-history":[{"count":0,"href":"https:\/\/stylingagenten.com\/no\/wp-json\/wp\/v2\/product\/379967\/revisions"}],"wp:featuredmedia":[{"embeddable":true,"href":"https:\/\/stylingagenten.com\/no\/wp-json\/wp\/v2\/media\/379966"}],"wp:attachment":[{"href":"https:\/\/stylingagenten.com\/no\/wp-json\/wp\/v2\/media?parent=379967"}],"wp:term":[{"taxonomy":"product_brand","embeddable":true,"href":"https:\/\/stylingagenten.com\/no\/wp-json\/wp\/v2\/product_brand?post=379967"},{"taxonomy":"product_cat","embeddable":true,"href":"https:\/\/stylingagenten.com\/no\/wp-json\/wp\/v2\/product_cat?post=379967"},{"taxonomy":"product_tag","embeddable":true,"href":"https:\/\/stylingagenten.com\/no\/wp-json\/wp\/v2\/product_tag?post=379967"},{"taxonomy":"berocket_brand","embeddable":true,"href":"https:\/\/stylingagenten.com\/no\/wp-json\/wp\/v2\/berocket_brand?post=379967"}],"curies":[{"name":"wp","href":"https:\/\/api.w.org\/{rel}","templated":true}]}}