{"id":379953,"date":"2025-05-18T21:09:00","date_gmt":"2025-05-18T21:09:00","guid":{"rendered":"https:\/\/staging2.stylingagenten.com\/no\/produkt\/schwarzkopf-bc-color-freeze-conditioner-200ml\/"},"modified":"2026-03-11T21:45:50","modified_gmt":"2026-03-11T21:45:50","slug":"schwarzkopf-bc-color-freeze-conditioner-200ml","status":"publish","type":"product","link":"https:\/\/stylingagenten.com\/no\/produkt\/schwarzkopf-bc-color-freeze-conditioner-200ml\/","title":{"rendered":"Schwarzkopf BC Color Freeze Conditioner 200ml"},"content":{"rendered":"<p>BC Bonacure Color Freeze Conditioner er en sk\u00e5nsom balsam utviklet spesielt for fargebehandlet h\u00e5r. Den fleksible sammensetningen pleier h\u00e5ret uten \u00e5 tynge det ned. Samtidig gjenvinner h\u00e5ret den optimale pH-verdien for langvarige intense fargeresultater takket v\u00e6re pH 4,5 Balancer Technology. <\/p>\n<p>200 ml<\/p>\n","protected":false},"excerpt":{"rendered":"<p>BC Bonacure Color Freeze Conditioner er en sk\u00e5nsom balsam utviklet spesielt for fargebehandlet h\u00e5r. Den fleksible sammensetningen pleier h\u00e5ret uten \u00e5 tynge det ned. Samtidig gjenvinner h\u00e5ret den optimale pH-verdien for langvarige intense fargeresultater takket v\u00e6re pH 4,5 Balancer Technology. 200 ml<\/p>\n","protected":false},"featured_media":379952,"comment_status":"open","ping_status":"closed","template":"","meta":{"_trash_the_other_posts":false},"product_brand":[],"product_cat":[587],"product_tag":[],"berocket_brand":[1060],"class_list":{"0":"post-379953","1":"product","2":"type-product","3":"status-publish","4":"has-post-thumbnail","6":"product_cat-balsam","7":"pa_brand-schwarzkopf","8":"berocket_brand-schwarzkopf","10":"first","11":"instock","12":"sale","13":"taxable","14":"shipping-taxable","15":"purchasable","16":"product-type-simple"},"_links":{"self":[{"href":"https:\/\/stylingagenten.com\/no\/wp-json\/wp\/v2\/product\/379953","targetHints":{"allow":["GET"]}}],"collection":[{"href":"https:\/\/stylingagenten.com\/no\/wp-json\/wp\/v2\/product"}],"about":[{"href":"https:\/\/stylingagenten.com\/no\/wp-json\/wp\/v2\/types\/product"}],"replies":[{"embeddable":true,"href":"https:\/\/stylingagenten.com\/no\/wp-json\/wp\/v2\/comments?post=379953"}],"version-history":[{"count":0,"href":"https:\/\/stylingagenten.com\/no\/wp-json\/wp\/v2\/product\/379953\/revisions"}],"wp:featuredmedia":[{"embeddable":true,"href":"https:\/\/stylingagenten.com\/no\/wp-json\/wp\/v2\/media\/379952"}],"wp:attachment":[{"href":"https:\/\/stylingagenten.com\/no\/wp-json\/wp\/v2\/media?parent=379953"}],"wp:term":[{"taxonomy":"product_brand","embeddable":true,"href":"https:\/\/stylingagenten.com\/no\/wp-json\/wp\/v2\/product_brand?post=379953"},{"taxonomy":"product_cat","embeddable":true,"href":"https:\/\/stylingagenten.com\/no\/wp-json\/wp\/v2\/product_cat?post=379953"},{"taxonomy":"product_tag","embeddable":true,"href":"https:\/\/stylingagenten.com\/no\/wp-json\/wp\/v2\/product_tag?post=379953"},{"taxonomy":"berocket_brand","embeddable":true,"href":"https:\/\/stylingagenten.com\/no\/wp-json\/wp\/v2\/berocket_brand?post=379953"}],"curies":[{"name":"wp","href":"https:\/\/api.w.org\/{rel}","templated":true}]}}