{"id":379947,"date":"2025-05-18T21:09:00","date_gmt":"2025-05-18T21:09:00","guid":{"rendered":"https:\/\/staging2.stylingagenten.com\/no\/produkt\/milk_shake-curl-passion-conditioner-300ml\/"},"modified":"2026-04-12T08:18:48","modified_gmt":"2026-04-12T08:18:48","slug":"milk_shake-curl-passion-conditioner-300ml","status":"publish","type":"product","link":"https:\/\/stylingagenten.com\/no\/produkt\/milk_shake-curl-passion-conditioner-300ml\/","title":{"rendered":"Milk_Shake Curl Passion Conditioner 300ml"},"content":{"rendered":"<p>Den ultimate balsamen for kr\u00f8llete h\u00e5r!<\/p>\n<p>Milk Shake Curl Passion Conditioner hjelper deg \u00e5 f\u00e5 lokker med stuns, fleksibilitet og langvarig. Vanligvis er krus i kr\u00f8llete h\u00e5r for\u00e5rsaket av p\u00e5 grunn av mangel av fuktighet, p\u00e5f\u00f8r deretter dette p\u00e5 lengdene for \u00e5 gi h\u00e5ret den rette fuktighetsbalansen.<br \/>Denne spesialformulerte fuktighetsgivende balsamen for kr\u00f8llete h\u00e5r er parabenfri.<br \/>Ideell for alle h\u00e5rtyper for \u00e5 gi mykhet og smidighet uten \u00e5 tynge ned h\u00e5r.<\/p>\n","protected":false},"excerpt":{"rendered":"<p>Den ultimate balsamen for kr\u00f8llete h\u00e5r! Milk Shake Curl Passion Conditioner hjelper deg \u00e5 f\u00e5 lokker med stuns, fleksibilitet og langvarig. Vanligvis er krus i kr\u00f8llete h\u00e5r for\u00e5rsaket av p\u00e5 grunn av mangel av fuktighet, p\u00e5f\u00f8r deretter dette p\u00e5 lengdene for \u00e5 gi h\u00e5ret den rette fuktighetsbalansen.Denne spesialformulerte fuktighetsgivende balsamen for kr\u00f8llete h\u00e5r er parabenfri.Ideell [&hellip;]<\/p>\n","protected":false},"featured_media":379945,"comment_status":"open","ping_status":"closed","template":"","meta":{"_trash_the_other_posts":false},"product_brand":[],"product_cat":[587,1003],"product_tag":[3567],"berocket_brand":[1085],"class_list":{"0":"post-379947","1":"product","2":"type-product","3":"status-publish","4":"has-post-thumbnail","6":"product_cat-balsam","7":"product_cat-bestselgere","8":"product_tag-milk_shake-curl-passion-conditioner","9":"pa_brand-milk_shake","10":"pa_variant-300ml","11":"berocket_brand-milk_shake","13":"first","14":"instock","15":"sale","16":"taxable","17":"shipping-taxable","18":"purchasable","19":"product-type-simple"},"_links":{"self":[{"href":"https:\/\/stylingagenten.com\/no\/wp-json\/wp\/v2\/product\/379947","targetHints":{"allow":["GET"]}}],"collection":[{"href":"https:\/\/stylingagenten.com\/no\/wp-json\/wp\/v2\/product"}],"about":[{"href":"https:\/\/stylingagenten.com\/no\/wp-json\/wp\/v2\/types\/product"}],"replies":[{"embeddable":true,"href":"https:\/\/stylingagenten.com\/no\/wp-json\/wp\/v2\/comments?post=379947"}],"version-history":[{"count":0,"href":"https:\/\/stylingagenten.com\/no\/wp-json\/wp\/v2\/product\/379947\/revisions"}],"wp:featuredmedia":[{"embeddable":true,"href":"https:\/\/stylingagenten.com\/no\/wp-json\/wp\/v2\/media\/379945"}],"wp:attachment":[{"href":"https:\/\/stylingagenten.com\/no\/wp-json\/wp\/v2\/media?parent=379947"}],"wp:term":[{"taxonomy":"product_brand","embeddable":true,"href":"https:\/\/stylingagenten.com\/no\/wp-json\/wp\/v2\/product_brand?post=379947"},{"taxonomy":"product_cat","embeddable":true,"href":"https:\/\/stylingagenten.com\/no\/wp-json\/wp\/v2\/product_cat?post=379947"},{"taxonomy":"product_tag","embeddable":true,"href":"https:\/\/stylingagenten.com\/no\/wp-json\/wp\/v2\/product_tag?post=379947"},{"taxonomy":"berocket_brand","embeddable":true,"href":"https:\/\/stylingagenten.com\/no\/wp-json\/wp\/v2\/berocket_brand?post=379947"}],"curies":[{"name":"wp","href":"https:\/\/api.w.org\/{rel}","templated":true}]}}