{"id":379914,"date":"2025-05-18T21:08:49","date_gmt":"2025-05-18T21:08:49","guid":{"rendered":"https:\/\/staging2.stylingagenten.com\/no\/produkt\/rco-gemstone-color-conditioner-251ml\/"},"modified":"2026-03-11T21:50:04","modified_gmt":"2026-03-11T21:50:04","slug":"rco-gemstone-color-conditioner-251ml","status":"publish","type":"product","link":"https:\/\/stylingagenten.com\/no\/produkt\/rco-gemstone-color-conditioner-251ml\/","title":{"rendered":"R+Co Gemstone Color Conditioner 251ml"},"content":{"rendered":"<p>La deg skinne med GEMSTONE, en n\u00e6rende sjampo og balsam for fargebehandlet h\u00e5r. Inneholder fargebeskyttelseskompleks som hjelper deg \u00e5 bevare og forlenge glansen til fargen i h\u00e5ret. Balanserer ogs\u00e5 hodebunnen, temmer frizz og lukker flisete tupper.<\/p>\n<p>Bra for: Bevarer levetiden til h\u00e5rfargen i opptil ti vask.<br \/>Gj\u00f8r dette: Fordel sjampoen gjennom h\u00e5ret. Skylle. F\u00f8lg opp med R+Co GEMSTONE Color Conditioner.<br \/>DUFT: Relativt paradis.<\/p>\n<p>N\u00f8kkelingredienser:<br \/>ChromoHance Complex: bevarer fargens levetid og glans, tilf\u00f8rer mykhet, fuktighet, glans og reparerer h\u00e5ret.<br \/> Litchi-ekstrakt: forbedrer styrken og ogs\u00e5 elastisiteten til h\u00e5ret og gir merkbar glans. Beskytter mot ytre milj\u00f8p\u00e5virkninger.<br \/>Spekkhuggerfr\u00f8ekstrakt: gir fuktighet til h\u00e5r og hodebunn. Fremmer et optimalt hodebunnsmilj\u00f8. Myker opp h\u00e5rstr\u00e5ene og etterlater h\u00e5ret skinnende, mykt og frizzfritt.<br \/>E-vitamin: myker dypt, tilf\u00f8rer glans og glans. Naturlig rik p\u00e5 antioksidanter som beskytter h\u00e5ret mot ytre milj\u00f8p\u00e5virkninger og mot utt\u00f8rking av h\u00e5r og hodebunn.<br \/>Ekstrakt fra solsikkespirer: et naturlig plantederivat med fuktighetsgivende egenskaper. Fjerner frizz og gir \u00f8yeblikkelig glans og mykhet til h\u00e5ret.<\/p>\n","protected":false},"excerpt":{"rendered":"<p>La deg skinne med GEMSTONE, en n\u00e6rende sjampo og balsam for fargebehandlet h\u00e5r. Inneholder fargebeskyttelseskompleks som hjelper deg \u00e5 bevare og forlenge glansen til fargen i h\u00e5ret. Balanserer ogs\u00e5 hodebunnen, temmer frizz og lukker flisete tupper. Bra for: Bevarer levetiden til h\u00e5rfargen i opptil ti vask.Gj\u00f8r dette: Fordel sjampoen gjennom h\u00e5ret. Skylle. F\u00f8lg opp med [&hellip;]<\/p>\n","protected":false},"featured_media":379913,"comment_status":"open","ping_status":"closed","template":"","meta":{"_trash_the_other_posts":false},"product_brand":[],"product_cat":[587],"product_tag":[],"berocket_brand":[1373],"class_list":{"0":"post-379914","1":"product","2":"type-product","3":"status-publish","4":"has-post-thumbnail","6":"product_cat-balsam","7":"pa_brand-rco","8":"berocket_brand-rco","10":"first","11":"instock","12":"sale","13":"taxable","14":"shipping-taxable","15":"purchasable","16":"product-type-simple"},"_links":{"self":[{"href":"https:\/\/stylingagenten.com\/no\/wp-json\/wp\/v2\/product\/379914","targetHints":{"allow":["GET"]}}],"collection":[{"href":"https:\/\/stylingagenten.com\/no\/wp-json\/wp\/v2\/product"}],"about":[{"href":"https:\/\/stylingagenten.com\/no\/wp-json\/wp\/v2\/types\/product"}],"replies":[{"embeddable":true,"href":"https:\/\/stylingagenten.com\/no\/wp-json\/wp\/v2\/comments?post=379914"}],"version-history":[{"count":0,"href":"https:\/\/stylingagenten.com\/no\/wp-json\/wp\/v2\/product\/379914\/revisions"}],"wp:featuredmedia":[{"embeddable":true,"href":"https:\/\/stylingagenten.com\/no\/wp-json\/wp\/v2\/media\/379913"}],"wp:attachment":[{"href":"https:\/\/stylingagenten.com\/no\/wp-json\/wp\/v2\/media?parent=379914"}],"wp:term":[{"taxonomy":"product_brand","embeddable":true,"href":"https:\/\/stylingagenten.com\/no\/wp-json\/wp\/v2\/product_brand?post=379914"},{"taxonomy":"product_cat","embeddable":true,"href":"https:\/\/stylingagenten.com\/no\/wp-json\/wp\/v2\/product_cat?post=379914"},{"taxonomy":"product_tag","embeddable":true,"href":"https:\/\/stylingagenten.com\/no\/wp-json\/wp\/v2\/product_tag?post=379914"},{"taxonomy":"berocket_brand","embeddable":true,"href":"https:\/\/stylingagenten.com\/no\/wp-json\/wp\/v2\/berocket_brand?post=379914"}],"curies":[{"name":"wp","href":"https:\/\/api.w.org\/{rel}","templated":true}]}}