{"id":379903,"date":"2025-05-18T21:08:45","date_gmt":"2025-05-18T21:08:45","guid":{"rendered":"https:\/\/staging2.stylingagenten.com\/no\/produkt\/ida-warg-plumping-conditioner-pro-size-500ml\/"},"modified":"2026-03-31T19:48:40","modified_gmt":"2026-03-31T19:48:40","slug":"ida-warg-plumping-conditioner-pro-size-500ml","status":"publish","type":"product","link":"https:\/\/stylingagenten.com\/no\/produkt\/ida-warg-plumping-conditioner-pro-size-500ml\/","title":{"rendered":"Ida Warg Plumping Conditioner Pro Size 500ml"},"content":{"rendered":"<p>Plumping Conditioner i pro-st\u00f8rrelse gir h\u00e5ret ekstra volum, fylde og tetthet. Tilf\u00f8rer og holder p\u00e5 fuktighet dypt inne i h\u00e5rstr\u00e5et ved hjelp av hydrolyserte hveteproteiner. Peptider gjenoppbygger skader p\u00e5 h\u00e5rets indre struktur og gir en fyldigere f\u00f8lelse. Bruk sammen med Plumping Shampoo for \u00e5 oppn\u00e5 best resultat.<\/p>\n<p>En herlig prikkende og forfriskende duft med hint av sitrus, einer og p\u00e6re<br \/>100 % vegansk og grusomhetsfri<br \/>Fri for parabener og sulfater<\/p>\n","protected":false},"excerpt":{"rendered":"<p>Plumping Conditioner i pro-st\u00f8rrelse gir h\u00e5ret ekstra volum, fylde og tetthet. Tilf\u00f8rer og holder p\u00e5 fuktighet dypt inne i h\u00e5rstr\u00e5et ved hjelp av hydrolyserte hveteproteiner. Peptider gjenoppbygger skader p\u00e5 h\u00e5rets indre struktur og gir en fyldigere f\u00f8lelse. Bruk sammen med Plumping Shampoo for \u00e5 oppn\u00e5 best resultat. En herlig prikkende og forfriskende duft med hint [&hellip;]<\/p>\n","protected":false},"featured_media":379900,"comment_status":"open","ping_status":"closed","template":"","meta":{"_trash_the_other_posts":false},"product_brand":[],"product_cat":[587],"product_tag":[3004],"berocket_brand":[1346],"class_list":{"0":"post-379903","1":"product","2":"type-product","3":"status-publish","4":"has-post-thumbnail","6":"product_cat-balsam","7":"product_tag-ida-warg-plumping-conditioner","8":"pa_brand-ida-warg","9":"pa_variant-500ml","10":"berocket_brand-ida-warg","12":"first","13":"instock","14":"sale","15":"taxable","16":"shipping-taxable","17":"purchasable","18":"product-type-simple"},"_links":{"self":[{"href":"https:\/\/stylingagenten.com\/no\/wp-json\/wp\/v2\/product\/379903","targetHints":{"allow":["GET"]}}],"collection":[{"href":"https:\/\/stylingagenten.com\/no\/wp-json\/wp\/v2\/product"}],"about":[{"href":"https:\/\/stylingagenten.com\/no\/wp-json\/wp\/v2\/types\/product"}],"replies":[{"embeddable":true,"href":"https:\/\/stylingagenten.com\/no\/wp-json\/wp\/v2\/comments?post=379903"}],"version-history":[{"count":0,"href":"https:\/\/stylingagenten.com\/no\/wp-json\/wp\/v2\/product\/379903\/revisions"}],"wp:featuredmedia":[{"embeddable":true,"href":"https:\/\/stylingagenten.com\/no\/wp-json\/wp\/v2\/media\/379900"}],"wp:attachment":[{"href":"https:\/\/stylingagenten.com\/no\/wp-json\/wp\/v2\/media?parent=379903"}],"wp:term":[{"taxonomy":"product_brand","embeddable":true,"href":"https:\/\/stylingagenten.com\/no\/wp-json\/wp\/v2\/product_brand?post=379903"},{"taxonomy":"product_cat","embeddable":true,"href":"https:\/\/stylingagenten.com\/no\/wp-json\/wp\/v2\/product_cat?post=379903"},{"taxonomy":"product_tag","embeddable":true,"href":"https:\/\/stylingagenten.com\/no\/wp-json\/wp\/v2\/product_tag?post=379903"},{"taxonomy":"berocket_brand","embeddable":true,"href":"https:\/\/stylingagenten.com\/no\/wp-json\/wp\/v2\/berocket_brand?post=379903"}],"curies":[{"name":"wp","href":"https:\/\/api.w.org\/{rel}","templated":true}]}}