{"id":379891,"date":"2025-05-18T21:08:42","date_gmt":"2025-05-18T21:08:42","guid":{"rendered":"https:\/\/staging2.stylingagenten.com\/no\/produkt\/paul-mitchell-clean-beauty-repair-conditioner-250ml\/"},"modified":"2026-02-18T11:28:35","modified_gmt":"2026-02-18T11:28:35","slug":"paul-mitchell-clean-beauty-repair-conditioner-250ml","status":"publish","type":"product","link":"https:\/\/stylingagenten.com\/no\/produkt\/paul-mitchell-clean-beauty-repair-conditioner-250ml\/","title":{"rendered":"Paul Mitchell Clean Beauty Repair Conditioner 250ml"},"content":{"rendered":"<p>Clean Beauty Repair Conditioner. Beriket med amarantfr\u00f8 og erteprotein, hjelper denne n\u00e6rende balsamen deg med \u00e5 reparere skadet h\u00e5r, fra fysiske og kjemiske skader. H\u00e5ret blir sunnere og sterkere for hver bruk.<\/p>\n","protected":false},"excerpt":{"rendered":"<p>Clean Beauty Repair Conditioner. Beriket med amarantfr\u00f8 og erteprotein, hjelper denne n\u00e6rende balsamen deg med \u00e5 reparere skadet h\u00e5r, fra fysiske og kjemiske skader. H\u00e5ret blir sunnere og sterkere for hver bruk.<\/p>\n","protected":false},"featured_media":379884,"comment_status":"open","ping_status":"closed","template":"","meta":{"_trash_the_other_posts":false},"product_brand":[],"product_cat":[587],"product_tag":[3760],"berocket_brand":[1053],"class_list":{"0":"post-379891","1":"product","2":"type-product","3":"status-publish","4":"has-post-thumbnail","6":"product_cat-balsam","7":"product_tag-paul-mitchell-clean-beauty-repair-conditioner","8":"pa_brand-paul-mitchell","9":"pa_variant-250ml","10":"berocket_brand-paul-mitchell","12":"first","13":"instock","14":"sale","15":"taxable","16":"shipping-taxable","17":"purchasable","18":"product-type-simple"},"_links":{"self":[{"href":"https:\/\/stylingagenten.com\/no\/wp-json\/wp\/v2\/product\/379891","targetHints":{"allow":["GET"]}}],"collection":[{"href":"https:\/\/stylingagenten.com\/no\/wp-json\/wp\/v2\/product"}],"about":[{"href":"https:\/\/stylingagenten.com\/no\/wp-json\/wp\/v2\/types\/product"}],"replies":[{"embeddable":true,"href":"https:\/\/stylingagenten.com\/no\/wp-json\/wp\/v2\/comments?post=379891"}],"version-history":[{"count":0,"href":"https:\/\/stylingagenten.com\/no\/wp-json\/wp\/v2\/product\/379891\/revisions"}],"wp:featuredmedia":[{"embeddable":true,"href":"https:\/\/stylingagenten.com\/no\/wp-json\/wp\/v2\/media\/379884"}],"wp:attachment":[{"href":"https:\/\/stylingagenten.com\/no\/wp-json\/wp\/v2\/media?parent=379891"}],"wp:term":[{"taxonomy":"product_brand","embeddable":true,"href":"https:\/\/stylingagenten.com\/no\/wp-json\/wp\/v2\/product_brand?post=379891"},{"taxonomy":"product_cat","embeddable":true,"href":"https:\/\/stylingagenten.com\/no\/wp-json\/wp\/v2\/product_cat?post=379891"},{"taxonomy":"product_tag","embeddable":true,"href":"https:\/\/stylingagenten.com\/no\/wp-json\/wp\/v2\/product_tag?post=379891"},{"taxonomy":"berocket_brand","embeddable":true,"href":"https:\/\/stylingagenten.com\/no\/wp-json\/wp\/v2\/berocket_brand?post=379891"}],"curies":[{"name":"wp","href":"https:\/\/api.w.org\/{rel}","templated":true}]}}