{"id":379878,"date":"2025-05-18T21:08:39","date_gmt":"2025-05-18T21:08:39","guid":{"rendered":"https:\/\/staging2.stylingagenten.com\/no\/produkt\/paul-mitchell-clean-beauty-everyday-leave-in-treatment-150ml\/"},"modified":"2026-03-11T21:53:22","modified_gmt":"2026-03-11T21:53:22","slug":"paul-mitchell-clean-beauty-everyday-leave-in-treatment-150ml","status":"publish","type":"product","link":"https:\/\/stylingagenten.com\/no\/produkt\/paul-mitchell-clean-beauty-everyday-leave-in-treatment-150ml\/","title":{"rendered":"Paul Mitchell Clean Beauty Everyday Leave-In Treatment 150ml"},"content":{"rendered":"<p>Clean Beauty Everyday Leave-In Treatment 150ml<br \/>94 % naturlig. Denne prisbel\u00f8nte leave-in balsamen n\u00e6rer og tilf\u00f8rer fuktighet til h\u00e5ret uten \u00e5 tynge det ned. Beriket med arganolje og aloe vera for mykere og sunnere h\u00e5r.<\/p>\n","protected":false},"excerpt":{"rendered":"<p>Clean Beauty Everyday Leave-In Treatment 150ml94 % naturlig. Denne prisbel\u00f8nte leave-in balsamen n\u00e6rer og tilf\u00f8rer fuktighet til h\u00e5ret uten \u00e5 tynge det ned. Beriket med arganolje og aloe vera for mykere og sunnere h\u00e5r.<\/p>\n","protected":false},"featured_media":379876,"comment_status":"open","ping_status":"closed","template":"","meta":{"_trash_the_other_posts":false},"product_brand":[],"product_cat":[620],"product_tag":[],"berocket_brand":[1053],"class_list":{"0":"post-379878","1":"product","2":"type-product","3":"status-publish","4":"has-post-thumbnail","6":"product_cat-harmaske","7":"pa_brand-paul-mitchell","8":"berocket_brand-paul-mitchell","10":"first","11":"instock","12":"sale","13":"taxable","14":"shipping-taxable","15":"purchasable","16":"product-type-simple"},"_links":{"self":[{"href":"https:\/\/stylingagenten.com\/no\/wp-json\/wp\/v2\/product\/379878","targetHints":{"allow":["GET"]}}],"collection":[{"href":"https:\/\/stylingagenten.com\/no\/wp-json\/wp\/v2\/product"}],"about":[{"href":"https:\/\/stylingagenten.com\/no\/wp-json\/wp\/v2\/types\/product"}],"replies":[{"embeddable":true,"href":"https:\/\/stylingagenten.com\/no\/wp-json\/wp\/v2\/comments?post=379878"}],"version-history":[{"count":0,"href":"https:\/\/stylingagenten.com\/no\/wp-json\/wp\/v2\/product\/379878\/revisions"}],"wp:featuredmedia":[{"embeddable":true,"href":"https:\/\/stylingagenten.com\/no\/wp-json\/wp\/v2\/media\/379876"}],"wp:attachment":[{"href":"https:\/\/stylingagenten.com\/no\/wp-json\/wp\/v2\/media?parent=379878"}],"wp:term":[{"taxonomy":"product_brand","embeddable":true,"href":"https:\/\/stylingagenten.com\/no\/wp-json\/wp\/v2\/product_brand?post=379878"},{"taxonomy":"product_cat","embeddable":true,"href":"https:\/\/stylingagenten.com\/no\/wp-json\/wp\/v2\/product_cat?post=379878"},{"taxonomy":"product_tag","embeddable":true,"href":"https:\/\/stylingagenten.com\/no\/wp-json\/wp\/v2\/product_tag?post=379878"},{"taxonomy":"berocket_brand","embeddable":true,"href":"https:\/\/stylingagenten.com\/no\/wp-json\/wp\/v2\/berocket_brand?post=379878"}],"curies":[{"name":"wp","href":"https:\/\/api.w.org\/{rel}","templated":true}]}}