{"id":379871,"date":"2025-05-18T21:08:38","date_gmt":"2025-05-18T21:08:38","guid":{"rendered":"https:\/\/staging2.stylingagenten.com\/no\/produkt\/paul-mitchell-clean-beauty-anti-frizz-conditioner-1000ml\/"},"modified":"2026-03-29T19:28:34","modified_gmt":"2026-03-29T19:28:34","slug":"paul-mitchell-clean-beauty-anti-frizz-conditioner-1000ml","status":"publish","type":"product","link":"https:\/\/stylingagenten.com\/no\/produkt\/paul-mitchell-clean-beauty-anti-frizz-conditioner-1000ml\/","title":{"rendered":"Paul Mitchell Clean Beauty Anti-Frizz Conditioner 1000ml"},"content":{"rendered":"<p>Kruset h\u00e5r er ingen match for denne naturkraften. Beriket med organisk, kaldpresset mandelolje og hyaluronsyre, hjelper denne prisbel\u00f8nte balsamen til \u00e5 gi n\u00e6ring, fukt og jevne ut h\u00e5rets overflate for silkeaktigere h\u00e5rstr\u00e5. Dens rike tekstur bidrar til \u00e5 myke opp og gj\u00f8re h\u00e5ret mer h\u00e5ndterbart etter hver bruk.<\/p>\n","protected":false},"excerpt":{"rendered":"<p>Kruset h\u00e5r er ingen match for denne naturkraften. Beriket med organisk, kaldpresset mandelolje og hyaluronsyre, hjelper denne prisbel\u00f8nte balsamen til \u00e5 gi n\u00e6ring, fukt og jevne ut h\u00e5rets overflate for silkeaktigere h\u00e5rstr\u00e5. Dens rike tekstur bidrar til \u00e5 myke opp og gj\u00f8re h\u00e5ret mer h\u00e5ndterbart etter hver bruk.<\/p>\n","protected":false},"featured_media":379869,"comment_status":"open","ping_status":"closed","template":"","meta":{"_trash_the_other_posts":false},"product_brand":[],"product_cat":[587],"product_tag":[3750],"berocket_brand":[1053],"class_list":{"0":"post-379871","1":"product","2":"type-product","3":"status-publish","4":"has-post-thumbnail","6":"product_cat-balsam","7":"product_tag-paul-mitchell-clean-beauty-anti-frizz-conditioner","8":"pa_brand-paul-mitchell","9":"pa_variant-1000ml","10":"berocket_brand-paul-mitchell","12":"first","13":"instock","14":"sale","15":"taxable","16":"shipping-taxable","17":"purchasable","18":"product-type-simple"},"_links":{"self":[{"href":"https:\/\/stylingagenten.com\/no\/wp-json\/wp\/v2\/product\/379871","targetHints":{"allow":["GET"]}}],"collection":[{"href":"https:\/\/stylingagenten.com\/no\/wp-json\/wp\/v2\/product"}],"about":[{"href":"https:\/\/stylingagenten.com\/no\/wp-json\/wp\/v2\/types\/product"}],"replies":[{"embeddable":true,"href":"https:\/\/stylingagenten.com\/no\/wp-json\/wp\/v2\/comments?post=379871"}],"version-history":[{"count":0,"href":"https:\/\/stylingagenten.com\/no\/wp-json\/wp\/v2\/product\/379871\/revisions"}],"wp:featuredmedia":[{"embeddable":true,"href":"https:\/\/stylingagenten.com\/no\/wp-json\/wp\/v2\/media\/379869"}],"wp:attachment":[{"href":"https:\/\/stylingagenten.com\/no\/wp-json\/wp\/v2\/media?parent=379871"}],"wp:term":[{"taxonomy":"product_brand","embeddable":true,"href":"https:\/\/stylingagenten.com\/no\/wp-json\/wp\/v2\/product_brand?post=379871"},{"taxonomy":"product_cat","embeddable":true,"href":"https:\/\/stylingagenten.com\/no\/wp-json\/wp\/v2\/product_cat?post=379871"},{"taxonomy":"product_tag","embeddable":true,"href":"https:\/\/stylingagenten.com\/no\/wp-json\/wp\/v2\/product_tag?post=379871"},{"taxonomy":"berocket_brand","embeddable":true,"href":"https:\/\/stylingagenten.com\/no\/wp-json\/wp\/v2\/berocket_brand?post=379871"}],"curies":[{"name":"wp","href":"https:\/\/api.w.org\/{rel}","templated":true}]}}