{"id":379860,"date":"2025-05-18T21:08:35","date_gmt":"2025-05-18T21:08:35","guid":{"rendered":"https:\/\/staging2.stylingagenten.com\/no\/produkt\/sebastian-professional-volupt-conditioner-250ml\/"},"modified":"2026-03-30T09:08:54","modified_gmt":"2026-03-30T09:08:54","slug":"sebastian-professional-volupt-conditioner-250ml","status":"publish","type":"product","link":"https:\/\/stylingagenten.com\/no\/produkt\/sebastian-professional-volupt-conditioner-250ml\/","title":{"rendered":"Sebastian Professional Volupt Conditioner 250ml"},"content":{"rendered":"<p>\u00d8k volumet av tynt h\u00e5r med Sebastian Professional Volupt balsam. Dette profesjonelle h\u00e5rproduktet med revolusjonerende dempende partikkelteknologi gir ekstra volum til h\u00e5ret, og gir det en sensuell mykhet og fyldigere utseende. Sebastian volumiserende balsam inneholder naturlig bambusekstrakt og passer for fargebehandlet h\u00e5r og gir tynt h\u00e5r ekstra letthet, samtidig som den forbedrer frisyren.<\/p>\n","protected":false},"excerpt":{"rendered":"<p>\u00d8k volumet av tynt h\u00e5r med Sebastian Professional Volupt balsam. Dette profesjonelle h\u00e5rproduktet med revolusjonerende dempende partikkelteknologi gir ekstra volum til h\u00e5ret, og gir det en sensuell mykhet og fyldigere utseende. Sebastian volumiserende balsam inneholder naturlig bambusekstrakt og passer for fargebehandlet h\u00e5r og gir tynt h\u00e5r ekstra letthet, samtidig som den forbedrer frisyren.<\/p>\n","protected":false},"featured_media":379857,"comment_status":"open","ping_status":"closed","template":"","meta":{"_trash_the_other_posts":false},"product_brand":[],"product_cat":[587],"product_tag":[],"berocket_brand":[1194],"class_list":{"0":"post-379860","1":"product","2":"type-product","3":"status-publish","4":"has-post-thumbnail","6":"product_cat-balsam","7":"pa_brand-sebastian","8":"berocket_brand-sebastian","10":"first","11":"outofstock","12":"sale","13":"taxable","14":"shipping-taxable","15":"purchasable","16":"product-type-simple"},"_links":{"self":[{"href":"https:\/\/stylingagenten.com\/no\/wp-json\/wp\/v2\/product\/379860","targetHints":{"allow":["GET"]}}],"collection":[{"href":"https:\/\/stylingagenten.com\/no\/wp-json\/wp\/v2\/product"}],"about":[{"href":"https:\/\/stylingagenten.com\/no\/wp-json\/wp\/v2\/types\/product"}],"replies":[{"embeddable":true,"href":"https:\/\/stylingagenten.com\/no\/wp-json\/wp\/v2\/comments?post=379860"}],"version-history":[{"count":0,"href":"https:\/\/stylingagenten.com\/no\/wp-json\/wp\/v2\/product\/379860\/revisions"}],"wp:featuredmedia":[{"embeddable":true,"href":"https:\/\/stylingagenten.com\/no\/wp-json\/wp\/v2\/media\/379857"}],"wp:attachment":[{"href":"https:\/\/stylingagenten.com\/no\/wp-json\/wp\/v2\/media?parent=379860"}],"wp:term":[{"taxonomy":"product_brand","embeddable":true,"href":"https:\/\/stylingagenten.com\/no\/wp-json\/wp\/v2\/product_brand?post=379860"},{"taxonomy":"product_cat","embeddable":true,"href":"https:\/\/stylingagenten.com\/no\/wp-json\/wp\/v2\/product_cat?post=379860"},{"taxonomy":"product_tag","embeddable":true,"href":"https:\/\/stylingagenten.com\/no\/wp-json\/wp\/v2\/product_tag?post=379860"},{"taxonomy":"berocket_brand","embeddable":true,"href":"https:\/\/stylingagenten.com\/no\/wp-json\/wp\/v2\/berocket_brand?post=379860"}],"curies":[{"name":"wp","href":"https:\/\/api.w.org\/{rel}","templated":true}]}}