{"id":379853,"date":"2025-05-18T21:08:33","date_gmt":"2025-05-18T21:08:33","guid":{"rendered":"https:\/\/staging2.stylingagenten.com\/no\/produkt\/sebastian-professional-penetraitt-conditioner-250ml\/"},"modified":"2026-04-06T14:18:37","modified_gmt":"2026-04-06T14:18:37","slug":"sebastian-professional-penetraitt-conditioner-250ml","status":"publish","type":"product","link":"https:\/\/stylingagenten.com\/no\/produkt\/sebastian-professional-penetraitt-conditioner-250ml\/","title":{"rendered":"Sebastian Professional Penetraitt Conditioner 250ml"},"content":{"rendered":"<p>Beskytt behandlet og stresset h\u00e5r mot skader med Sebastian Professional Penetraitt balsam. Denne dype fuktighetsgivende balsamen er spesielt utviklet for t\u00f8rt, fargebehandlet h\u00e5r og etterlater det mykt. Det hjelper svakt h\u00e5r med \u00e5 gjenvinne styrke og utrolig glans. Sebastian Penetraitt balsam gir dyp pleie og enkel behandling for stresset, matt h\u00e5r og anbefales for \u00e5 forbedre glansen og nyansen til fargebehandlet h\u00e5r.<\/p>\n","protected":false},"excerpt":{"rendered":"<p>Beskytt behandlet og stresset h\u00e5r mot skader med Sebastian Professional Penetraitt balsam. Denne dype fuktighetsgivende balsamen er spesielt utviklet for t\u00f8rt, fargebehandlet h\u00e5r og etterlater det mykt. Det hjelper svakt h\u00e5r med \u00e5 gjenvinne styrke og utrolig glans. Sebastian Penetraitt balsam gir dyp pleie og enkel behandling for stresset, matt h\u00e5r og anbefales for \u00e5 [&hellip;]<\/p>\n","protected":false},"featured_media":379852,"comment_status":"open","ping_status":"closed","template":"","meta":{"_trash_the_other_posts":false},"product_brand":[],"product_cat":[587],"product_tag":[],"berocket_brand":[1194],"class_list":{"0":"post-379853","1":"product","2":"type-product","3":"status-publish","4":"has-post-thumbnail","6":"product_cat-balsam","7":"pa_brand-sebastian","8":"berocket_brand-sebastian","10":"first","11":"instock","12":"sale","13":"taxable","14":"shipping-taxable","15":"purchasable","16":"product-type-simple"},"_links":{"self":[{"href":"https:\/\/stylingagenten.com\/no\/wp-json\/wp\/v2\/product\/379853","targetHints":{"allow":["GET"]}}],"collection":[{"href":"https:\/\/stylingagenten.com\/no\/wp-json\/wp\/v2\/product"}],"about":[{"href":"https:\/\/stylingagenten.com\/no\/wp-json\/wp\/v2\/types\/product"}],"replies":[{"embeddable":true,"href":"https:\/\/stylingagenten.com\/no\/wp-json\/wp\/v2\/comments?post=379853"}],"version-history":[{"count":0,"href":"https:\/\/stylingagenten.com\/no\/wp-json\/wp\/v2\/product\/379853\/revisions"}],"wp:featuredmedia":[{"embeddable":true,"href":"https:\/\/stylingagenten.com\/no\/wp-json\/wp\/v2\/media\/379852"}],"wp:attachment":[{"href":"https:\/\/stylingagenten.com\/no\/wp-json\/wp\/v2\/media?parent=379853"}],"wp:term":[{"taxonomy":"product_brand","embeddable":true,"href":"https:\/\/stylingagenten.com\/no\/wp-json\/wp\/v2\/product_brand?post=379853"},{"taxonomy":"product_cat","embeddable":true,"href":"https:\/\/stylingagenten.com\/no\/wp-json\/wp\/v2\/product_cat?post=379853"},{"taxonomy":"product_tag","embeddable":true,"href":"https:\/\/stylingagenten.com\/no\/wp-json\/wp\/v2\/product_tag?post=379853"},{"taxonomy":"berocket_brand","embeddable":true,"href":"https:\/\/stylingagenten.com\/no\/wp-json\/wp\/v2\/berocket_brand?post=379853"}],"curies":[{"name":"wp","href":"https:\/\/api.w.org\/{rel}","templated":true}]}}