{"id":379848,"date":"2025-05-18T21:08:31","date_gmt":"2025-05-18T21:08:31","guid":{"rendered":"https:\/\/staging2.stylingagenten.com\/no\/produkt\/sebastian-professional-trilliance-conditioner-250ml\/"},"modified":"2026-03-11T21:51:19","modified_gmt":"2026-03-11T21:51:19","slug":"sebastian-professional-trilliance-conditioner-250ml","status":"publish","type":"product","link":"https:\/\/stylingagenten.com\/no\/produkt\/sebastian-professional-trilliance-conditioner-250ml\/","title":{"rendered":"Sebastian Professional Trilliance Conditioner 250ml"},"content":{"rendered":"<p>Forbered h\u00e5ret for \u00f8kt glans med Sebastian Professional Trillliance balsam. Dette profesjonelle h\u00e5rproduktet med bergkrystallekstrakt renser h\u00e5ret og fjerner rester, polerer overflaten av h\u00e5ret for \u00e5 oppn\u00e5 st\u00f8rre lysrefleksjon. Sebastians glansbalsam jevner ut h\u00e5rets overflate og skaper et feilfritt grunnlag for styling.<\/p>\n","protected":false},"excerpt":{"rendered":"<p>Forbered h\u00e5ret for \u00f8kt glans med Sebastian Professional Trillliance balsam. Dette profesjonelle h\u00e5rproduktet med bergkrystallekstrakt renser h\u00e5ret og fjerner rester, polerer overflaten av h\u00e5ret for \u00e5 oppn\u00e5 st\u00f8rre lysrefleksjon. Sebastians glansbalsam jevner ut h\u00e5rets overflate og skaper et feilfritt grunnlag for styling.<\/p>\n","protected":false},"featured_media":379846,"comment_status":"open","ping_status":"closed","template":"","meta":{"_trash_the_other_posts":false},"product_brand":[],"product_cat":[587],"product_tag":[],"berocket_brand":[1194],"class_list":{"0":"post-379848","1":"product","2":"type-product","3":"status-publish","4":"has-post-thumbnail","6":"product_cat-balsam","7":"pa_brand-sebastian","8":"berocket_brand-sebastian","10":"first","11":"instock","12":"sale","13":"taxable","14":"shipping-taxable","15":"purchasable","16":"product-type-simple"},"_links":{"self":[{"href":"https:\/\/stylingagenten.com\/no\/wp-json\/wp\/v2\/product\/379848","targetHints":{"allow":["GET"]}}],"collection":[{"href":"https:\/\/stylingagenten.com\/no\/wp-json\/wp\/v2\/product"}],"about":[{"href":"https:\/\/stylingagenten.com\/no\/wp-json\/wp\/v2\/types\/product"}],"replies":[{"embeddable":true,"href":"https:\/\/stylingagenten.com\/no\/wp-json\/wp\/v2\/comments?post=379848"}],"version-history":[{"count":0,"href":"https:\/\/stylingagenten.com\/no\/wp-json\/wp\/v2\/product\/379848\/revisions"}],"wp:featuredmedia":[{"embeddable":true,"href":"https:\/\/stylingagenten.com\/no\/wp-json\/wp\/v2\/media\/379846"}],"wp:attachment":[{"href":"https:\/\/stylingagenten.com\/no\/wp-json\/wp\/v2\/media?parent=379848"}],"wp:term":[{"taxonomy":"product_brand","embeddable":true,"href":"https:\/\/stylingagenten.com\/no\/wp-json\/wp\/v2\/product_brand?post=379848"},{"taxonomy":"product_cat","embeddable":true,"href":"https:\/\/stylingagenten.com\/no\/wp-json\/wp\/v2\/product_cat?post=379848"},{"taxonomy":"product_tag","embeddable":true,"href":"https:\/\/stylingagenten.com\/no\/wp-json\/wp\/v2\/product_tag?post=379848"},{"taxonomy":"berocket_brand","embeddable":true,"href":"https:\/\/stylingagenten.com\/no\/wp-json\/wp\/v2\/berocket_brand?post=379848"}],"curies":[{"name":"wp","href":"https:\/\/api.w.org\/{rel}","templated":true}]}}