{"id":379845,"date":"2025-05-18T21:08:30","date_gmt":"2025-05-18T21:08:30","guid":{"rendered":"https:\/\/staging2.stylingagenten.com\/no\/produkt\/wella-sp-smoothen-conditioner-200ml\/"},"modified":"2026-03-11T21:49:24","modified_gmt":"2026-03-11T21:49:24","slug":"wella-sp-smoothen-conditioner-200ml","status":"publish","type":"product","link":"https:\/\/stylingagenten.com\/no\/produkt\/wella-sp-smoothen-conditioner-200ml\/","title":{"rendered":"Wella SP Smoothen Conditioner 200ml"},"content":{"rendered":"<p>SP SMOOTHEN CONDITIONER 200ML<br \/>Gir kontroll til uh\u00e5ndterlig, vanskelig \u00e5 h\u00e5ndtere h\u00e5r En balsam som myker opp og gir h\u00e5ret en f\u00f8lelse av fl\u00f8yel<\/p>\n","protected":false},"excerpt":{"rendered":"<p>SP SMOOTHEN CONDITIONER 200MLGir kontroll til uh\u00e5ndterlig, vanskelig \u00e5 h\u00e5ndtere h\u00e5r En balsam som myker opp og gir h\u00e5ret en f\u00f8lelse av fl\u00f8yel<\/p>\n","protected":false},"featured_media":379844,"comment_status":"open","ping_status":"closed","template":"","meta":{"_trash_the_other_posts":false},"product_brand":[],"product_cat":[587],"product_tag":[],"berocket_brand":[1030],"class_list":{"0":"post-379845","1":"product","2":"type-product","3":"status-publish","4":"has-post-thumbnail","6":"product_cat-balsam","7":"pa_brand-wella","8":"berocket_brand-wella","10":"first","11":"instock","12":"sale","13":"taxable","14":"shipping-taxable","15":"purchasable","16":"product-type-simple"},"_links":{"self":[{"href":"https:\/\/stylingagenten.com\/no\/wp-json\/wp\/v2\/product\/379845","targetHints":{"allow":["GET"]}}],"collection":[{"href":"https:\/\/stylingagenten.com\/no\/wp-json\/wp\/v2\/product"}],"about":[{"href":"https:\/\/stylingagenten.com\/no\/wp-json\/wp\/v2\/types\/product"}],"replies":[{"embeddable":true,"href":"https:\/\/stylingagenten.com\/no\/wp-json\/wp\/v2\/comments?post=379845"}],"version-history":[{"count":0,"href":"https:\/\/stylingagenten.com\/no\/wp-json\/wp\/v2\/product\/379845\/revisions"}],"wp:featuredmedia":[{"embeddable":true,"href":"https:\/\/stylingagenten.com\/no\/wp-json\/wp\/v2\/media\/379844"}],"wp:attachment":[{"href":"https:\/\/stylingagenten.com\/no\/wp-json\/wp\/v2\/media?parent=379845"}],"wp:term":[{"taxonomy":"product_brand","embeddable":true,"href":"https:\/\/stylingagenten.com\/no\/wp-json\/wp\/v2\/product_brand?post=379845"},{"taxonomy":"product_cat","embeddable":true,"href":"https:\/\/stylingagenten.com\/no\/wp-json\/wp\/v2\/product_cat?post=379845"},{"taxonomy":"product_tag","embeddable":true,"href":"https:\/\/stylingagenten.com\/no\/wp-json\/wp\/v2\/product_tag?post=379845"},{"taxonomy":"berocket_brand","embeddable":true,"href":"https:\/\/stylingagenten.com\/no\/wp-json\/wp\/v2\/berocket_brand?post=379845"}],"curies":[{"name":"wp","href":"https:\/\/api.w.org\/{rel}","templated":true}]}}