{"id":379831,"date":"2025-05-18T21:08:25","date_gmt":"2025-05-18T21:08:25","guid":{"rendered":"https:\/\/staging2.stylingagenten.com\/no\/produkt\/wella-sp-repair-conditioner-200ml\/"},"modified":"2026-04-07T20:48:32","modified_gmt":"2026-04-07T20:48:32","slug":"wella-sp-repair-conditioner-200ml","status":"publish","type":"product","link":"https:\/\/stylingagenten.com\/no\/produkt\/wella-sp-repair-conditioner-200ml\/","title":{"rendered":"Wella SP Repair Conditioner 200ml"},"content":{"rendered":"<p>SP REPAIR CONDITIONER<br \/>Conditioner som forbedrer h\u00e5rets struktur. Den eksklusive RNP-formelen som inneholder hydrolysert keratin som reparerer, pleier og beskytter h\u00e5ret og gir fornyet spenst. Gj\u00f8r h\u00e5ret spenstig og gjenoppbygger h\u00e5ret effektivt p\u00e5 bare 30 sekunder.<\/p>\n","protected":false},"excerpt":{"rendered":"<p>SP REPAIR CONDITIONERConditioner som forbedrer h\u00e5rets struktur. Den eksklusive RNP-formelen som inneholder hydrolysert keratin som reparerer, pleier og beskytter h\u00e5ret og gir fornyet spenst. Gj\u00f8r h\u00e5ret spenstig og gjenoppbygger h\u00e5ret effektivt p\u00e5 bare 30 sekunder.<\/p>\n","protected":false},"featured_media":379830,"comment_status":"open","ping_status":"closed","template":"","meta":{"_trash_the_other_posts":false},"product_brand":[],"product_cat":[587],"product_tag":[],"berocket_brand":[1030],"class_list":{"0":"post-379831","1":"product","2":"type-product","3":"status-publish","4":"has-post-thumbnail","6":"product_cat-balsam","7":"pa_brand-wella","8":"berocket_brand-wella","10":"first","11":"instock","12":"sale","13":"taxable","14":"shipping-taxable","15":"purchasable","16":"product-type-simple"},"_links":{"self":[{"href":"https:\/\/stylingagenten.com\/no\/wp-json\/wp\/v2\/product\/379831","targetHints":{"allow":["GET"]}}],"collection":[{"href":"https:\/\/stylingagenten.com\/no\/wp-json\/wp\/v2\/product"}],"about":[{"href":"https:\/\/stylingagenten.com\/no\/wp-json\/wp\/v2\/types\/product"}],"replies":[{"embeddable":true,"href":"https:\/\/stylingagenten.com\/no\/wp-json\/wp\/v2\/comments?post=379831"}],"version-history":[{"count":0,"href":"https:\/\/stylingagenten.com\/no\/wp-json\/wp\/v2\/product\/379831\/revisions"}],"wp:featuredmedia":[{"embeddable":true,"href":"https:\/\/stylingagenten.com\/no\/wp-json\/wp\/v2\/media\/379830"}],"wp:attachment":[{"href":"https:\/\/stylingagenten.com\/no\/wp-json\/wp\/v2\/media?parent=379831"}],"wp:term":[{"taxonomy":"product_brand","embeddable":true,"href":"https:\/\/stylingagenten.com\/no\/wp-json\/wp\/v2\/product_brand?post=379831"},{"taxonomy":"product_cat","embeddable":true,"href":"https:\/\/stylingagenten.com\/no\/wp-json\/wp\/v2\/product_cat?post=379831"},{"taxonomy":"product_tag","embeddable":true,"href":"https:\/\/stylingagenten.com\/no\/wp-json\/wp\/v2\/product_tag?post=379831"},{"taxonomy":"berocket_brand","embeddable":true,"href":"https:\/\/stylingagenten.com\/no\/wp-json\/wp\/v2\/berocket_brand?post=379831"}],"curies":[{"name":"wp","href":"https:\/\/api.w.org\/{rel}","templated":true}]}}