{"id":379828,"date":"2025-05-18T21:08:24","date_gmt":"2025-05-18T21:08:24","guid":{"rendered":"https:\/\/staging2.stylingagenten.com\/no\/produkt\/wella-sp-color-save-bi-phase-conditioner-185ml\/"},"modified":"2026-03-30T07:29:41","modified_gmt":"2026-03-30T07:29:41","slug":"wella-sp-color-save-bi-phase-conditioner-185ml","status":"publish","type":"product","link":"https:\/\/stylingagenten.com\/no\/produkt\/wella-sp-color-save-bi-phase-conditioner-185ml\/","title":{"rendered":"Wella SP Color Save Bi-Phase Conditioner 185ml"},"content":{"rendered":"<p>Lett leave-in balsam med mikrolett 3D-kompleks og en pleiende og beskyttende tofaseformel. Beskytter h\u00e5rets keratin og gir glans til fargen. Den overlegne, melkeaktige formelen er beriket med fargebevarende ingredienser som forhindrer at fargen falmer, skifter eller mister sin friskhet. Den nedre, klare formelen beskytter h\u00e5rets naturlige proteinstruktur ved \u00e5 kapsle inn og beskytte h\u00e5rets keratin mot frie radikaler.<\/p>\n","protected":false},"excerpt":{"rendered":"<p>Lett leave-in balsam med mikrolett 3D-kompleks og en pleiende og beskyttende tofaseformel. Beskytter h\u00e5rets keratin og gir glans til fargen. Den overlegne, melkeaktige formelen er beriket med fargebevarende ingredienser som forhindrer at fargen falmer, skifter eller mister sin friskhet. Den nedre, klare formelen beskytter h\u00e5rets naturlige proteinstruktur ved \u00e5 kapsle inn og beskytte h\u00e5rets keratin [&hellip;]<\/p>\n","protected":false},"featured_media":379826,"comment_status":"open","ping_status":"closed","template":"","meta":{"_trash_the_other_posts":false},"product_brand":[],"product_cat":[587],"product_tag":[],"berocket_brand":[1030],"class_list":{"0":"post-379828","1":"product","2":"type-product","3":"status-publish","4":"has-post-thumbnail","6":"product_cat-balsam","7":"pa_brand-wella","8":"berocket_brand-wella","10":"first","11":"instock","12":"sale","13":"taxable","14":"shipping-taxable","15":"purchasable","16":"product-type-simple"},"_links":{"self":[{"href":"https:\/\/stylingagenten.com\/no\/wp-json\/wp\/v2\/product\/379828","targetHints":{"allow":["GET"]}}],"collection":[{"href":"https:\/\/stylingagenten.com\/no\/wp-json\/wp\/v2\/product"}],"about":[{"href":"https:\/\/stylingagenten.com\/no\/wp-json\/wp\/v2\/types\/product"}],"replies":[{"embeddable":true,"href":"https:\/\/stylingagenten.com\/no\/wp-json\/wp\/v2\/comments?post=379828"}],"version-history":[{"count":0,"href":"https:\/\/stylingagenten.com\/no\/wp-json\/wp\/v2\/product\/379828\/revisions"}],"wp:featuredmedia":[{"embeddable":true,"href":"https:\/\/stylingagenten.com\/no\/wp-json\/wp\/v2\/media\/379826"}],"wp:attachment":[{"href":"https:\/\/stylingagenten.com\/no\/wp-json\/wp\/v2\/media?parent=379828"}],"wp:term":[{"taxonomy":"product_brand","embeddable":true,"href":"https:\/\/stylingagenten.com\/no\/wp-json\/wp\/v2\/product_brand?post=379828"},{"taxonomy":"product_cat","embeddable":true,"href":"https:\/\/stylingagenten.com\/no\/wp-json\/wp\/v2\/product_cat?post=379828"},{"taxonomy":"product_tag","embeddable":true,"href":"https:\/\/stylingagenten.com\/no\/wp-json\/wp\/v2\/product_tag?post=379828"},{"taxonomy":"berocket_brand","embeddable":true,"href":"https:\/\/stylingagenten.com\/no\/wp-json\/wp\/v2\/berocket_brand?post=379828"}],"curies":[{"name":"wp","href":"https:\/\/api.w.org\/{rel}","templated":true}]}}