{"id":379819,"date":"2025-05-18T21:08:21","date_gmt":"2025-05-18T21:08:21","guid":{"rendered":"https:\/\/staging2.stylingagenten.com\/no\/produkt\/milk_shake-icy-blond-conditioner-250ml\/"},"modified":"2026-04-14T19:58:59","modified_gmt":"2026-04-14T19:58:59","slug":"milk_shake-icy-blond-conditioner-250ml","status":"publish","type":"product","link":"https:\/\/stylingagenten.com\/no\/produkt\/milk_shake-icy-blond-conditioner-250ml\/","title":{"rendered":"Milk_Shake Icy Blond Conditioner 250ml"},"content":{"rendered":"<p>Icy Blond Conditioner fra Milk_shake er en balsam med et spesielt svart pigment som motvirker gule, oransje og matte toner i blondt og lyst h\u00e5r. Den myker opp h\u00e5ret og gir en fin asketone til veldig lyst h\u00e5r eller platinablondt h\u00e5r. Det bidrar til \u00e5 forlenge effekten av gr\u00e5- eller s\u00f8lvtoner. Icy Blond Conditioner inneholder melkeproteiner og druekjerneolje, som gir en fin duft.<\/p>\n<p>Bruk:<br \/>P\u00e5f\u00f8res i nyvasket fuktig h\u00e5r og la virke i noen minutter, og skyll deretter. For et mer intenst resultat, la virke i noen minutter til. De Icy blonde produktene inneholder pigmenter som kan gi et sv\u00e6rt intenst resultat p\u00e5 h\u00e5r med h\u00f8y por\u00f8sitet; n\u00e5r \u00f8nsket resultat er oppn\u00e5dd, veksle med en annen balsam for \u00e5 opprettholde resultatet.<\/p>\n","protected":false},"excerpt":{"rendered":"<p>Icy Blond Conditioner fra Milk_shake er en balsam med et spesielt svart pigment som motvirker gule, oransje og matte toner i blondt og lyst h\u00e5r. Den myker opp h\u00e5ret og gir en fin asketone til veldig lyst h\u00e5r eller platinablondt h\u00e5r. Det bidrar til \u00e5 forlenge effekten av gr\u00e5- eller s\u00f8lvtoner. Icy Blond Conditioner inneholder [&hellip;]<\/p>\n","protected":false},"featured_media":379815,"comment_status":"open","ping_status":"closed","template":"","meta":{"_trash_the_other_posts":false},"product_brand":[],"product_cat":[587],"product_tag":[3570],"berocket_brand":[1085],"class_list":{"0":"post-379819","1":"product","2":"type-product","3":"status-publish","4":"has-post-thumbnail","6":"product_cat-balsam","7":"product_tag-milk_shake-icy-blond-conditioner","8":"pa_brand-milk_shake","9":"pa_variant-250ml","10":"berocket_brand-milk_shake","12":"first","13":"instock","14":"sale","15":"taxable","16":"shipping-taxable","17":"purchasable","18":"product-type-simple"},"_links":{"self":[{"href":"https:\/\/stylingagenten.com\/no\/wp-json\/wp\/v2\/product\/379819","targetHints":{"allow":["GET"]}}],"collection":[{"href":"https:\/\/stylingagenten.com\/no\/wp-json\/wp\/v2\/product"}],"about":[{"href":"https:\/\/stylingagenten.com\/no\/wp-json\/wp\/v2\/types\/product"}],"replies":[{"embeddable":true,"href":"https:\/\/stylingagenten.com\/no\/wp-json\/wp\/v2\/comments?post=379819"}],"version-history":[{"count":0,"href":"https:\/\/stylingagenten.com\/no\/wp-json\/wp\/v2\/product\/379819\/revisions"}],"wp:featuredmedia":[{"embeddable":true,"href":"https:\/\/stylingagenten.com\/no\/wp-json\/wp\/v2\/media\/379815"}],"wp:attachment":[{"href":"https:\/\/stylingagenten.com\/no\/wp-json\/wp\/v2\/media?parent=379819"}],"wp:term":[{"taxonomy":"product_brand","embeddable":true,"href":"https:\/\/stylingagenten.com\/no\/wp-json\/wp\/v2\/product_brand?post=379819"},{"taxonomy":"product_cat","embeddable":true,"href":"https:\/\/stylingagenten.com\/no\/wp-json\/wp\/v2\/product_cat?post=379819"},{"taxonomy":"product_tag","embeddable":true,"href":"https:\/\/stylingagenten.com\/no\/wp-json\/wp\/v2\/product_tag?post=379819"},{"taxonomy":"berocket_brand","embeddable":true,"href":"https:\/\/stylingagenten.com\/no\/wp-json\/wp\/v2\/berocket_brand?post=379819"}],"curies":[{"name":"wp","href":"https:\/\/api.w.org\/{rel}","templated":true}]}}