{"id":379802,"date":"2025-05-18T21:08:15","date_gmt":"2025-05-18T21:08:15","guid":{"rendered":"https:\/\/staging2.stylingagenten.com\/no\/produkt\/maria-nila-luminous-colour-conditioner-100ml\/"},"modified":"2026-03-11T21:46:09","modified_gmt":"2026-03-11T21:46:09","slug":"maria-nila-luminous-colour-conditioner-100ml","status":"publish","type":"product","link":"https:\/\/stylingagenten.com\/no\/produkt\/maria-nila-luminous-colour-conditioner-100ml\/","title":{"rendered":"Maria Nila Luminous Colour Conditioner 100ml"},"content":{"rendered":"<p>En klargj\u00f8rende og fargebevarende balsam med granatepleekstrakt og Color Guard Complex som myker opp, fukter og motvirker statisk elektrisitet \u2013 slik at h\u00e5rfargen din kan skinne. Luminous Color Conditioner har en frisk duft av eple, bj\u00f8rneb\u00e6r og fersken.<\/p>\n<p>Gir glans og glans<br \/>Fuktighetsgivende granatepleekstrakt<br \/>Mykgj\u00f8r og motvirker statisk elektrisitet<br \/>100 % vegansk og dyrevennlig<br \/> Klimakompensert emballasje<\/p>\n","protected":false},"excerpt":{"rendered":"<p>En klargj\u00f8rende og fargebevarende balsam med granatepleekstrakt og Color Guard Complex som myker opp, fukter og motvirker statisk elektrisitet \u2013 slik at h\u00e5rfargen din kan skinne. Luminous Color Conditioner har en frisk duft av eple, bj\u00f8rneb\u00e6r og fersken. Gir glans og glansFuktighetsgivende granatepleekstraktMykgj\u00f8r og motvirker statisk elektrisitet100 % vegansk og dyrevennlig Klimakompensert emballasje<\/p>\n","protected":false},"featured_media":379800,"comment_status":"open","ping_status":"closed","template":"","meta":{"_trash_the_other_posts":false},"product_brand":[],"product_cat":[587],"product_tag":[3408],"berocket_brand":[1388],"class_list":{"0":"post-379802","1":"product","2":"type-product","3":"status-publish","4":"has-post-thumbnail","6":"product_cat-balsam","7":"product_tag-maria-nila-luminous-colour-conditioner","8":"pa_brand-maria-nila","9":"pa_variant-100ml","10":"berocket_brand-maria-nila","12":"first","13":"instock","14":"sale","15":"taxable","16":"shipping-taxable","17":"purchasable","18":"product-type-simple"},"_links":{"self":[{"href":"https:\/\/stylingagenten.com\/no\/wp-json\/wp\/v2\/product\/379802","targetHints":{"allow":["GET"]}}],"collection":[{"href":"https:\/\/stylingagenten.com\/no\/wp-json\/wp\/v2\/product"}],"about":[{"href":"https:\/\/stylingagenten.com\/no\/wp-json\/wp\/v2\/types\/product"}],"replies":[{"embeddable":true,"href":"https:\/\/stylingagenten.com\/no\/wp-json\/wp\/v2\/comments?post=379802"}],"version-history":[{"count":0,"href":"https:\/\/stylingagenten.com\/no\/wp-json\/wp\/v2\/product\/379802\/revisions"}],"wp:featuredmedia":[{"embeddable":true,"href":"https:\/\/stylingagenten.com\/no\/wp-json\/wp\/v2\/media\/379800"}],"wp:attachment":[{"href":"https:\/\/stylingagenten.com\/no\/wp-json\/wp\/v2\/media?parent=379802"}],"wp:term":[{"taxonomy":"product_brand","embeddable":true,"href":"https:\/\/stylingagenten.com\/no\/wp-json\/wp\/v2\/product_brand?post=379802"},{"taxonomy":"product_cat","embeddable":true,"href":"https:\/\/stylingagenten.com\/no\/wp-json\/wp\/v2\/product_cat?post=379802"},{"taxonomy":"product_tag","embeddable":true,"href":"https:\/\/stylingagenten.com\/no\/wp-json\/wp\/v2\/product_tag?post=379802"},{"taxonomy":"berocket_brand","embeddable":true,"href":"https:\/\/stylingagenten.com\/no\/wp-json\/wp\/v2\/berocket_brand?post=379802"}],"curies":[{"name":"wp","href":"https:\/\/api.w.org\/{rel}","templated":true}]}}