{"id":379794,"date":"2025-05-18T21:08:12","date_gmt":"2025-05-18T21:08:12","guid":{"rendered":"https:\/\/staging2.stylingagenten.com\/no\/produkt\/maria-nila-structure-repair-conditioner-100ml\/"},"modified":"2025-11-19T09:18:23","modified_gmt":"2025-11-19T09:18:23","slug":"maria-nila-structure-repair-conditioner-100ml","status":"publish","type":"product","link":"https:\/\/stylingagenten.com\/no\/produkt\/maria-nila-structure-repair-conditioner-100ml\/","title":{"rendered":"Maria Nila Structure Repair Conditioner 100ml"},"content":{"rendered":"<p>En unders\u00f8kende balsam for t\u00f8rt, skadet og kjemisk behandlet h\u00e5r som mykgj\u00f8r, fukter og motvirker statisk h\u00e5r. Det reparerende algeekstraktet hjelper h\u00e5ret med \u00e5 gjenvinne sin naturlige styrke, mykhet og glans. Structure Repair Conditioner har en mild duft av vanilje, rose og sjasmin som f\u00e5r h\u00e5ret til \u00e5 lukte like friskt som det f\u00f8les. Fargebevaring Color Guard Complex beskytter h\u00e5ret mot UV-str\u00e5ling og frie radikaler.&nbsp;<br \/>Til sammenligning er Structure Repair laget for skadet og kjemisk behandlet h\u00e5r, og True Soft-serien er laget for naturlig t\u00f8rt h\u00e5r.<\/p>\n<p> \u2022Reparerer t\u00f8rt og skadet h\u00e5r<br \/>\u2022Antistatisk h\u00e5r<br \/>\u2022Med reparerende algeekstrakt, hveteprotein og moringaolje<br \/>\u2022100 % vegansk &amp; dyrevennlig<br \/>\u2022Klimakompensert emballasje<\/p>\n","protected":false},"excerpt":{"rendered":"<p>En unders\u00f8kende balsam for t\u00f8rt, skadet og kjemisk behandlet h\u00e5r som mykgj\u00f8r, fukter og motvirker statisk h\u00e5r. Det reparerende algeekstraktet hjelper h\u00e5ret med \u00e5 gjenvinne sin naturlige styrke, mykhet og glans. Structure Repair Conditioner har en mild duft av vanilje, rose og sjasmin som f\u00e5r h\u00e5ret til \u00e5 lukte like friskt som det f\u00f8les. Fargebevaring [&hellip;]<\/p>\n","protected":false},"featured_media":379791,"comment_status":"open","ping_status":"closed","template":"","meta":{"_trash_the_other_posts":false},"product_brand":[],"product_cat":[587],"product_tag":[3419],"berocket_brand":[1388],"class_list":{"0":"post-379794","1":"product","2":"type-product","3":"status-publish","4":"has-post-thumbnail","6":"product_cat-balsam","7":"product_tag-maria-nila-structure-repair-conditioner","8":"pa_brand-maria-nila","9":"pa_variant-100ml","10":"berocket_brand-maria-nila","12":"first","13":"outofstock","14":"sale","15":"taxable","16":"shipping-taxable","17":"purchasable","18":"product-type-simple"},"_links":{"self":[{"href":"https:\/\/stylingagenten.com\/no\/wp-json\/wp\/v2\/product\/379794","targetHints":{"allow":["GET"]}}],"collection":[{"href":"https:\/\/stylingagenten.com\/no\/wp-json\/wp\/v2\/product"}],"about":[{"href":"https:\/\/stylingagenten.com\/no\/wp-json\/wp\/v2\/types\/product"}],"replies":[{"embeddable":true,"href":"https:\/\/stylingagenten.com\/no\/wp-json\/wp\/v2\/comments?post=379794"}],"version-history":[{"count":0,"href":"https:\/\/stylingagenten.com\/no\/wp-json\/wp\/v2\/product\/379794\/revisions"}],"wp:featuredmedia":[{"embeddable":true,"href":"https:\/\/stylingagenten.com\/no\/wp-json\/wp\/v2\/media\/379791"}],"wp:attachment":[{"href":"https:\/\/stylingagenten.com\/no\/wp-json\/wp\/v2\/media?parent=379794"}],"wp:term":[{"taxonomy":"product_brand","embeddable":true,"href":"https:\/\/stylingagenten.com\/no\/wp-json\/wp\/v2\/product_brand?post=379794"},{"taxonomy":"product_cat","embeddable":true,"href":"https:\/\/stylingagenten.com\/no\/wp-json\/wp\/v2\/product_cat?post=379794"},{"taxonomy":"product_tag","embeddable":true,"href":"https:\/\/stylingagenten.com\/no\/wp-json\/wp\/v2\/product_tag?post=379794"},{"taxonomy":"berocket_brand","embeddable":true,"href":"https:\/\/stylingagenten.com\/no\/wp-json\/wp\/v2\/berocket_brand?post=379794"}],"curies":[{"name":"wp","href":"https:\/\/api.w.org\/{rel}","templated":true}]}}