{"id":379775,"date":"2025-05-18T21:08:06","date_gmt":"2025-05-18T21:08:06","guid":{"rendered":"https:\/\/staging2.stylingagenten.com\/no\/produkt\/maria-nila-sheer-silver-conditioner-100ml\/"},"modified":"2026-03-11T21:46:11","modified_gmt":"2026-03-11T21:46:11","slug":"maria-nila-sheer-silver-conditioner-100ml","status":"publish","type":"product","link":"https:\/\/stylingagenten.com\/no\/produkt\/maria-nila-sheer-silver-conditioner-100ml\/","title":{"rendered":"Maria Nila Sheer Silver Conditioner 100ml"},"content":{"rendered":"<p>En unders\u00f8kende balsam for naturlig og farget blondt, hvitt og gr\u00e5tt h\u00e5r som myker opp, fukter og styrker h\u00e5rets struktur. Fiolette pigmenter og bj\u00f8rneb\u00e6rekstrakter n\u00f8ytraliserer gylne toner og tilf\u00f8rer glans som fremhever og gir liv til h\u00e5rfargen din. Sheer Silver Conditioner har en fruktig og floral duft med hint av sjasmin, appelsin og grapefrukt. Fargebevaring Color Guard Complex beskytter h\u00e5ret mot UV-str\u00e5ling og frie radikaler.<\/p>\n","protected":false},"excerpt":{"rendered":"<p>En unders\u00f8kende balsam for naturlig og farget blondt, hvitt og gr\u00e5tt h\u00e5r som myker opp, fukter og styrker h\u00e5rets struktur. Fiolette pigmenter og bj\u00f8rneb\u00e6rekstrakter n\u00f8ytraliserer gylne toner og tilf\u00f8rer glans som fremhever og gir liv til h\u00e5rfargen din. Sheer Silver Conditioner har en fruktig og floral duft med hint av sjasmin, appelsin og grapefrukt. Fargebevaring [&hellip;]<\/p>\n","protected":false},"featured_media":379773,"comment_status":"open","ping_status":"closed","template":"","meta":{"_trash_the_other_posts":false},"product_brand":[],"product_cat":[587],"product_tag":[3417],"berocket_brand":[1388],"class_list":{"0":"post-379775","1":"product","2":"type-product","3":"status-publish","4":"has-post-thumbnail","6":"product_cat-balsam","7":"product_tag-maria-nila-sheer-silver-conditioner","8":"pa_brand-maria-nila","9":"pa_variant-100ml","10":"berocket_brand-maria-nila","12":"first","13":"instock","14":"sale","15":"taxable","16":"shipping-taxable","17":"purchasable","18":"product-type-simple"},"_links":{"self":[{"href":"https:\/\/stylingagenten.com\/no\/wp-json\/wp\/v2\/product\/379775","targetHints":{"allow":["GET"]}}],"collection":[{"href":"https:\/\/stylingagenten.com\/no\/wp-json\/wp\/v2\/product"}],"about":[{"href":"https:\/\/stylingagenten.com\/no\/wp-json\/wp\/v2\/types\/product"}],"replies":[{"embeddable":true,"href":"https:\/\/stylingagenten.com\/no\/wp-json\/wp\/v2\/comments?post=379775"}],"version-history":[{"count":0,"href":"https:\/\/stylingagenten.com\/no\/wp-json\/wp\/v2\/product\/379775\/revisions"}],"wp:featuredmedia":[{"embeddable":true,"href":"https:\/\/stylingagenten.com\/no\/wp-json\/wp\/v2\/media\/379773"}],"wp:attachment":[{"href":"https:\/\/stylingagenten.com\/no\/wp-json\/wp\/v2\/media?parent=379775"}],"wp:term":[{"taxonomy":"product_brand","embeddable":true,"href":"https:\/\/stylingagenten.com\/no\/wp-json\/wp\/v2\/product_brand?post=379775"},{"taxonomy":"product_cat","embeddable":true,"href":"https:\/\/stylingagenten.com\/no\/wp-json\/wp\/v2\/product_cat?post=379775"},{"taxonomy":"product_tag","embeddable":true,"href":"https:\/\/stylingagenten.com\/no\/wp-json\/wp\/v2\/product_tag?post=379775"},{"taxonomy":"berocket_brand","embeddable":true,"href":"https:\/\/stylingagenten.com\/no\/wp-json\/wp\/v2\/berocket_brand?post=379775"}],"curies":[{"name":"wp","href":"https:\/\/api.w.org\/{rel}","templated":true}]}}