{"id":379772,"date":"2025-05-18T21:08:04","date_gmt":"2025-05-18T21:08:04","guid":{"rendered":"https:\/\/staging2.stylingagenten.com\/no\/produkt\/maria-nila-true-soft-conditioner-1000ml\/"},"modified":"2025-12-07T18:22:22","modified_gmt":"2025-12-07T18:22:22","slug":"maria-nila-true-soft-conditioner-1000ml","status":"publish","type":"product","link":"https:\/\/stylingagenten.com\/no\/produkt\/maria-nila-true-soft-conditioner-1000ml\/","title":{"rendered":"Maria Nila True Soft Conditioner 1000ml"},"content":{"rendered":"<p>En pleiende balsam for t\u00f8rt h\u00e5r som fukter samtidig som den motvirker krus og statisk elektrisitet. Mykgj\u00f8rende arganolje bevarer fuktighet, styrker h\u00e5ret og gir h\u00e5ret glans. True Soft Conditioner har en frisk blomsterduft av liljer, sjasmin og rose.<\/p>\n<p>For naturlig t\u00f8rt h\u00e5r<br \/>Mykgj\u00f8rende arganolje med antioksidanter og fettsyrer<br \/>Styrker og gir glans<br \/>100 % vegansk og dyrevennlig <br \/>Klimakompensert emballasje<\/p>\n","protected":false},"excerpt":{"rendered":"<p>En pleiende balsam for t\u00f8rt h\u00e5r som fukter samtidig som den motvirker krus og statisk elektrisitet. Mykgj\u00f8rende arganolje bevarer fuktighet, styrker h\u00e5ret og gir h\u00e5ret glans. True Soft Conditioner har en frisk blomsterduft av liljer, sjasmin og rose. For naturlig t\u00f8rt h\u00e5rMykgj\u00f8rende arganolje med antioksidanter og fettsyrerStyrker og gir glans100 % vegansk og dyrevennlig Klimakompensert [&hellip;]<\/p>\n","protected":false},"featured_media":379770,"comment_status":"open","ping_status":"closed","template":"","meta":{"_trash_the_other_posts":false},"product_brand":[],"product_cat":[587,1003],"product_tag":[3423],"berocket_brand":[1388],"class_list":{"0":"post-379772","1":"product","2":"type-product","3":"status-publish","4":"has-post-thumbnail","6":"product_cat-balsam","7":"product_cat-bestselgere","8":"product_tag-maria-nila-true-soft-conditioner","9":"pa_brand-maria-nila","10":"pa_variant-1000ml","11":"berocket_brand-maria-nila","13":"first","14":"outofstock","15":"sale","16":"taxable","17":"shipping-taxable","18":"purchasable","19":"product-type-simple"},"_links":{"self":[{"href":"https:\/\/stylingagenten.com\/no\/wp-json\/wp\/v2\/product\/379772","targetHints":{"allow":["GET"]}}],"collection":[{"href":"https:\/\/stylingagenten.com\/no\/wp-json\/wp\/v2\/product"}],"about":[{"href":"https:\/\/stylingagenten.com\/no\/wp-json\/wp\/v2\/types\/product"}],"replies":[{"embeddable":true,"href":"https:\/\/stylingagenten.com\/no\/wp-json\/wp\/v2\/comments?post=379772"}],"version-history":[{"count":0,"href":"https:\/\/stylingagenten.com\/no\/wp-json\/wp\/v2\/product\/379772\/revisions"}],"wp:featuredmedia":[{"embeddable":true,"href":"https:\/\/stylingagenten.com\/no\/wp-json\/wp\/v2\/media\/379770"}],"wp:attachment":[{"href":"https:\/\/stylingagenten.com\/no\/wp-json\/wp\/v2\/media?parent=379772"}],"wp:term":[{"taxonomy":"product_brand","embeddable":true,"href":"https:\/\/stylingagenten.com\/no\/wp-json\/wp\/v2\/product_brand?post=379772"},{"taxonomy":"product_cat","embeddable":true,"href":"https:\/\/stylingagenten.com\/no\/wp-json\/wp\/v2\/product_cat?post=379772"},{"taxonomy":"product_tag","embeddable":true,"href":"https:\/\/stylingagenten.com\/no\/wp-json\/wp\/v2\/product_tag?post=379772"},{"taxonomy":"berocket_brand","embeddable":true,"href":"https:\/\/stylingagenten.com\/no\/wp-json\/wp\/v2\/berocket_brand?post=379772"}],"curies":[{"name":"wp","href":"https:\/\/api.w.org\/{rel}","templated":true}]}}