{"id":379734,"date":"2025-05-18T21:07:52","date_gmt":"2025-05-18T21:07:52","guid":{"rendered":"https:\/\/staging2.stylingagenten.com\/no\/produkt\/eleven-australia-i-want-body-volume-conditioner-300ml\/"},"modified":"2026-03-11T21:50:16","modified_gmt":"2026-03-11T21:50:16","slug":"eleven-australia-i-want-body-volume-conditioner-300ml","status":"publish","type":"product","link":"https:\/\/stylingagenten.com\/no\/produkt\/eleven-australia-i-want-body-volume-conditioner-300ml\/","title":{"rendered":"Eleven Australia I Want Body Volume Conditioner 300ml"},"content":{"rendered":"<p>Eleven Australia I Want Body Volume Conditioner 300ml<br \/>En lett balsam som gir volum, struktur og glans. Denne balsamen er den ultimate volumbyggeren.<br \/>\u2022Proteiner beskytter h\u00e5ret samtidig som det gj\u00f8r h\u00e5ret tykkere og gir det volum.<br \/>\u2022For fint h\u00e5r eller for de som \u00f8nsker et volum\u00f8kt.<br \/>\u2022Antifades &amp; fargebevaring.<br \/>\u2022300 ml<\/p>\n","protected":false},"excerpt":{"rendered":"<p>Eleven Australia I Want Body Volume Conditioner 300mlEn lett balsam som gir volum, struktur og glans. Denne balsamen er den ultimate volumbyggeren.\u2022Proteiner beskytter h\u00e5ret samtidig som det gj\u00f8r h\u00e5ret tykkere og gir det volum.\u2022For fint h\u00e5r eller for de som \u00f8nsker et volum\u00f8kt.\u2022Antifades &amp; fargebevaring.\u2022300 ml<\/p>\n","protected":false},"featured_media":379729,"comment_status":"open","ping_status":"closed","template":"","meta":{"_trash_the_other_posts":false},"product_brand":[],"product_cat":[587],"product_tag":[],"berocket_brand":[1386],"class_list":{"0":"post-379734","1":"product","2":"type-product","3":"status-publish","4":"has-post-thumbnail","6":"product_cat-balsam","7":"pa_brand-eleven-australia","8":"berocket_brand-eleven-australia","10":"first","11":"instock","12":"sale","13":"taxable","14":"shipping-taxable","15":"purchasable","16":"product-type-simple"},"_links":{"self":[{"href":"https:\/\/stylingagenten.com\/no\/wp-json\/wp\/v2\/product\/379734","targetHints":{"allow":["GET"]}}],"collection":[{"href":"https:\/\/stylingagenten.com\/no\/wp-json\/wp\/v2\/product"}],"about":[{"href":"https:\/\/stylingagenten.com\/no\/wp-json\/wp\/v2\/types\/product"}],"replies":[{"embeddable":true,"href":"https:\/\/stylingagenten.com\/no\/wp-json\/wp\/v2\/comments?post=379734"}],"version-history":[{"count":0,"href":"https:\/\/stylingagenten.com\/no\/wp-json\/wp\/v2\/product\/379734\/revisions"}],"wp:featuredmedia":[{"embeddable":true,"href":"https:\/\/stylingagenten.com\/no\/wp-json\/wp\/v2\/media\/379729"}],"wp:attachment":[{"href":"https:\/\/stylingagenten.com\/no\/wp-json\/wp\/v2\/media?parent=379734"}],"wp:term":[{"taxonomy":"product_brand","embeddable":true,"href":"https:\/\/stylingagenten.com\/no\/wp-json\/wp\/v2\/product_brand?post=379734"},{"taxonomy":"product_cat","embeddable":true,"href":"https:\/\/stylingagenten.com\/no\/wp-json\/wp\/v2\/product_cat?post=379734"},{"taxonomy":"product_tag","embeddable":true,"href":"https:\/\/stylingagenten.com\/no\/wp-json\/wp\/v2\/product_tag?post=379734"},{"taxonomy":"berocket_brand","embeddable":true,"href":"https:\/\/stylingagenten.com\/no\/wp-json\/wp\/v2\/berocket_brand?post=379734"}],"curies":[{"name":"wp","href":"https:\/\/api.w.org\/{rel}","templated":true}]}}