{"id":379708,"date":"2025-05-18T21:07:44","date_gmt":"2025-05-18T21:07:44","guid":{"rendered":"https:\/\/staging2.stylingagenten.com\/no\/produkt\/olaplex-no-5p-blonde-enhancer-toning-conditioner-250ml\/"},"modified":"2026-04-08T23:18:40","modified_gmt":"2026-04-08T23:18:40","slug":"olaplex-no-5p-blonde-enhancer-toning-conditioner-250ml","status":"publish","type":"product","link":"https:\/\/stylingagenten.com\/no\/produkt\/olaplex-no-5p-blonde-enhancer-toning-conditioner-250ml\/","title":{"rendered":"Olaplex No.5P Blonde Enhancer Toning Conditioner 250ml"},"content":{"rendered":"<p>Matte, t\u00f8rre og gule toner h\u00f8rer fortiden til. Fremtiden til blondt h\u00e5r er lyst og mykt, skinnende og fuktig h\u00e5r. No.5P Blonde Enhancer\u2122 Toning Conditioner er ikke bare en s\u00f8lvbalsam. Det er en n\u00e6rende balsam som bevarer fargen og n\u00f8ytraliserer u\u00f8nskede gule og oransje toner fra rot til spiss, samt mykgj\u00f8r, l\u00f8sner og styrker h\u00e5ret. H\u00e5ret f\u00e5r en klar og skinnende nyanse ved hver bruk.<\/p>\n<p>OLAPLEX Bond Building Technology\u2122 bidrar til \u00e5 holde blondt og gr\u00e5tt h\u00e5r sterkt og sunt, noen av de mest skj\u00f8re h\u00e5rfargene og ofte mer s\u00e5rbare for skader.<\/p>\n<p>Bruk:<br \/>No.5P er en del av tilpassbar h\u00e5rpleierutine. Bruk etter No.4P Toning Shampoo for en mer intens tone eller alene for mer subtil toning og for hyppigere bruk.<\/p>\n<p>P\u00e5f\u00f8r en sjener\u00f8s mengde i rent, fuktig h\u00e5r. La virke i 3 minutter. Rens grundig. Bruk ukentlig eller etter behov.<\/p>\n","protected":false},"excerpt":{"rendered":"<p>Matte, t\u00f8rre og gule toner h\u00f8rer fortiden til. Fremtiden til blondt h\u00e5r er lyst og mykt, skinnende og fuktig h\u00e5r. No.5P Blonde Enhancer\u2122 Toning Conditioner er ikke bare en s\u00f8lvbalsam. Det er en n\u00e6rende balsam som bevarer fargen og n\u00f8ytraliserer u\u00f8nskede gule og oransje toner fra rot til spiss, samt mykgj\u00f8r, l\u00f8sner og styrker h\u00e5ret. [&hellip;]<\/p>\n","protected":false},"featured_media":379698,"comment_status":"open","ping_status":"closed","template":"","meta":{"_trash_the_other_posts":false},"product_brand":[],"product_cat":[587,1003],"product_tag":[3719],"berocket_brand":[1023],"class_list":{"0":"post-379708","1":"product","2":"type-product","3":"status-publish","4":"has-post-thumbnail","6":"product_cat-balsam","7":"product_cat-bestselgere","8":"product_tag-olaplex-no-5p-blonde-enhancer-toning-conditioner","9":"pa_brand-olaplex","10":"pa_variant-250ml","11":"berocket_brand-olaplex","13":"first","14":"instock","15":"sale","16":"taxable","17":"shipping-taxable","18":"purchasable","19":"product-type-simple"},"_links":{"self":[{"href":"https:\/\/stylingagenten.com\/no\/wp-json\/wp\/v2\/product\/379708","targetHints":{"allow":["GET"]}}],"collection":[{"href":"https:\/\/stylingagenten.com\/no\/wp-json\/wp\/v2\/product"}],"about":[{"href":"https:\/\/stylingagenten.com\/no\/wp-json\/wp\/v2\/types\/product"}],"replies":[{"embeddable":true,"href":"https:\/\/stylingagenten.com\/no\/wp-json\/wp\/v2\/comments?post=379708"}],"version-history":[{"count":0,"href":"https:\/\/stylingagenten.com\/no\/wp-json\/wp\/v2\/product\/379708\/revisions"}],"wp:featuredmedia":[{"embeddable":true,"href":"https:\/\/stylingagenten.com\/no\/wp-json\/wp\/v2\/media\/379698"}],"wp:attachment":[{"href":"https:\/\/stylingagenten.com\/no\/wp-json\/wp\/v2\/media?parent=379708"}],"wp:term":[{"taxonomy":"product_brand","embeddable":true,"href":"https:\/\/stylingagenten.com\/no\/wp-json\/wp\/v2\/product_brand?post=379708"},{"taxonomy":"product_cat","embeddable":true,"href":"https:\/\/stylingagenten.com\/no\/wp-json\/wp\/v2\/product_cat?post=379708"},{"taxonomy":"product_tag","embeddable":true,"href":"https:\/\/stylingagenten.com\/no\/wp-json\/wp\/v2\/product_tag?post=379708"},{"taxonomy":"berocket_brand","embeddable":true,"href":"https:\/\/stylingagenten.com\/no\/wp-json\/wp\/v2\/berocket_brand?post=379708"}],"curies":[{"name":"wp","href":"https:\/\/api.w.org\/{rel}","templated":true}]}}