{"id":379697,"date":"2025-05-18T21:07:42","date_gmt":"2025-05-18T21:07:42","guid":{"rendered":"https:\/\/staging2.stylingagenten.com\/no\/produkt\/goldwell-dualsenses-curls-waves-hydrating-conditioner-200ml\/"},"modified":"2026-04-01T14:00:17","modified_gmt":"2026-04-01T14:00:17","slug":"goldwell-dualsenses-curls-waves-hydrating-conditioner-200ml","status":"publish","type":"product","link":"https:\/\/stylingagenten.com\/no\/produkt\/goldwell-dualsenses-curls-waves-hydrating-conditioner-200ml\/","title":{"rendered":"Goldwell Dualsenses Curls &amp; Waves Hydrating Conditioner 200ml"},"content":{"rendered":"<p>Goldwell Curls &amp; Waves Dualsenses Hydrating Conditioner 200 ml<br \/>Balsam for naturlig b\u00f8lget, kr\u00f8llete og permanentet h\u00e5r med en blanding av microPROtec-kompleks og melkeprotein.<br \/>Tilf\u00f8rer umiddelbart fuktighet og definisjon.<br \/>Ranner ut og forbedrer elastisiteten.<\/p>\n","protected":false},"excerpt":{"rendered":"<p>Goldwell Curls &amp; Waves Dualsenses Hydrating Conditioner 200 mlBalsam for naturlig b\u00f8lget, kr\u00f8llete og permanentet h\u00e5r med en blanding av microPROtec-kompleks og melkeprotein.Tilf\u00f8rer umiddelbart fuktighet og definisjon.Ranner ut og forbedrer elastisiteten.<\/p>\n","protected":false},"featured_media":379695,"comment_status":"open","ping_status":"closed","template":"","meta":{"_trash_the_other_posts":false},"product_brand":[],"product_cat":[587],"product_tag":[],"berocket_brand":[1328],"class_list":{"0":"post-379697","1":"product","2":"type-product","3":"status-publish","4":"has-post-thumbnail","6":"product_cat-balsam","7":"pa_brand-goldwell","8":"berocket_brand-goldwell","10":"first","11":"instock","12":"sale","13":"taxable","14":"shipping-taxable","15":"purchasable","16":"product-type-simple"},"_links":{"self":[{"href":"https:\/\/stylingagenten.com\/no\/wp-json\/wp\/v2\/product\/379697","targetHints":{"allow":["GET"]}}],"collection":[{"href":"https:\/\/stylingagenten.com\/no\/wp-json\/wp\/v2\/product"}],"about":[{"href":"https:\/\/stylingagenten.com\/no\/wp-json\/wp\/v2\/types\/product"}],"replies":[{"embeddable":true,"href":"https:\/\/stylingagenten.com\/no\/wp-json\/wp\/v2\/comments?post=379697"}],"version-history":[{"count":0,"href":"https:\/\/stylingagenten.com\/no\/wp-json\/wp\/v2\/product\/379697\/revisions"}],"wp:featuredmedia":[{"embeddable":true,"href":"https:\/\/stylingagenten.com\/no\/wp-json\/wp\/v2\/media\/379695"}],"wp:attachment":[{"href":"https:\/\/stylingagenten.com\/no\/wp-json\/wp\/v2\/media?parent=379697"}],"wp:term":[{"taxonomy":"product_brand","embeddable":true,"href":"https:\/\/stylingagenten.com\/no\/wp-json\/wp\/v2\/product_brand?post=379697"},{"taxonomy":"product_cat","embeddable":true,"href":"https:\/\/stylingagenten.com\/no\/wp-json\/wp\/v2\/product_cat?post=379697"},{"taxonomy":"product_tag","embeddable":true,"href":"https:\/\/stylingagenten.com\/no\/wp-json\/wp\/v2\/product_tag?post=379697"},{"taxonomy":"berocket_brand","embeddable":true,"href":"https:\/\/stylingagenten.com\/no\/wp-json\/wp\/v2\/berocket_brand?post=379697"}],"curies":[{"name":"wp","href":"https:\/\/api.w.org\/{rel}","templated":true}]}}