{"id":379666,"date":"2025-05-18T21:07:29","date_gmt":"2025-05-18T21:07:29","guid":{"rendered":"https:\/\/staging2.stylingagenten.com\/no\/produkt\/sachajuan-scalp-conditioner-250ml\/"},"modified":"2026-03-11T21:56:34","modified_gmt":"2026-03-11T21:56:34","slug":"sachajuan-scalp-conditioner-250ml","status":"publish","type":"product","link":"https:\/\/stylingagenten.com\/no\/produkt\/sachajuan-scalp-conditioner-250ml\/","title":{"rendered":"SACHAJUAN Scalp Conditioner 250ml"},"content":{"rendered":"<p>SACHAJUAN Scalp Conditioner med Piroctone Olamine og Climbazole som motvirker flass og kl\u00f8e. Rosmarinolje, mentol, salisylsyre og ingef\u00e6rekstrakt beroliger irritert hodebunn. Opprettholder fuktighetsbalansen i h\u00e5ret og hodebunnen. Gj\u00f8r h\u00e5ret rent og friskt.<\/p>\n<p>250 ml<\/p>\n","protected":false},"excerpt":{"rendered":"<p>SACHAJUAN Scalp Conditioner med Piroctone Olamine og Climbazole som motvirker flass og kl\u00f8e. Rosmarinolje, mentol, salisylsyre og ingef\u00e6rekstrakt beroliger irritert hodebunn. Opprettholder fuktighetsbalansen i h\u00e5ret og hodebunnen. Gj\u00f8r h\u00e5ret rent og friskt. 250 ml<\/p>\n","protected":false},"featured_media":379663,"comment_status":"open","ping_status":"closed","template":"","meta":{"_trash_the_other_posts":false},"product_brand":[],"product_cat":[587],"product_tag":[3953],"berocket_brand":[1409],"class_list":{"0":"post-379666","1":"product","2":"type-product","3":"status-publish","4":"has-post-thumbnail","6":"product_cat-balsam","7":"product_tag-sachajuan-scalp-conditioner","8":"pa_brand-sachajuan","9":"pa_variant-250ml","10":"berocket_brand-sachajuan","12":"first","13":"instock","14":"sale","15":"taxable","16":"shipping-taxable","17":"purchasable","18":"product-type-simple"},"_links":{"self":[{"href":"https:\/\/stylingagenten.com\/no\/wp-json\/wp\/v2\/product\/379666","targetHints":{"allow":["GET"]}}],"collection":[{"href":"https:\/\/stylingagenten.com\/no\/wp-json\/wp\/v2\/product"}],"about":[{"href":"https:\/\/stylingagenten.com\/no\/wp-json\/wp\/v2\/types\/product"}],"replies":[{"embeddable":true,"href":"https:\/\/stylingagenten.com\/no\/wp-json\/wp\/v2\/comments?post=379666"}],"version-history":[{"count":0,"href":"https:\/\/stylingagenten.com\/no\/wp-json\/wp\/v2\/product\/379666\/revisions"}],"wp:featuredmedia":[{"embeddable":true,"href":"https:\/\/stylingagenten.com\/no\/wp-json\/wp\/v2\/media\/379663"}],"wp:attachment":[{"href":"https:\/\/stylingagenten.com\/no\/wp-json\/wp\/v2\/media?parent=379666"}],"wp:term":[{"taxonomy":"product_brand","embeddable":true,"href":"https:\/\/stylingagenten.com\/no\/wp-json\/wp\/v2\/product_brand?post=379666"},{"taxonomy":"product_cat","embeddable":true,"href":"https:\/\/stylingagenten.com\/no\/wp-json\/wp\/v2\/product_cat?post=379666"},{"taxonomy":"product_tag","embeddable":true,"href":"https:\/\/stylingagenten.com\/no\/wp-json\/wp\/v2\/product_tag?post=379666"},{"taxonomy":"berocket_brand","embeddable":true,"href":"https:\/\/stylingagenten.com\/no\/wp-json\/wp\/v2\/berocket_brand?post=379666"}],"curies":[{"name":"wp","href":"https:\/\/api.w.org\/{rel}","templated":true}]}}