{"id":379657,"date":"2025-05-18T21:07:26","date_gmt":"2025-05-18T21:07:26","guid":{"rendered":"https:\/\/staging2.stylingagenten.com\/no\/produkt\/sachajuan-ocean-mist-volume-conditioner-250ml\/"},"modified":"2026-03-11T21:57:40","modified_gmt":"2026-03-11T21:57:40","slug":"sachajuan-ocean-mist-volume-conditioner-250ml","status":"publish","type":"product","link":"https:\/\/stylingagenten.com\/no\/produkt\/sachajuan-ocean-mist-volume-conditioner-250ml\/","title":{"rendered":"SACHAJUAN Ocean Mist Volume Conditioner 250ml"},"content":{"rendered":"<p>SACHAJUAN Ocean Mist Volume Conditioner er en balsam med havsilketeknologi og naturlige vegetabilske proteiner l\u00f8ser ut, skaper volum, struktur og styrke. Den tilf\u00f8rer fuktighet, beskytter og f\u00e5r h\u00e5ret b\u00e5de til \u00e5 f\u00f8les og se fyldigere ut, uten \u00e5 tynge det ned.<\/p>\n<p>250ml<\/p>\n","protected":false},"excerpt":{"rendered":"<p>SACHAJUAN Ocean Mist Volume Conditioner er en balsam med havsilketeknologi og naturlige vegetabilske proteiner l\u00f8ser ut, skaper volum, struktur og styrke. Den tilf\u00f8rer fuktighet, beskytter og f\u00e5r h\u00e5ret b\u00e5de til \u00e5 f\u00f8les og se fyldigere ut, uten \u00e5 tynge det ned. 250ml<\/p>\n","protected":false},"featured_media":379655,"comment_status":"open","ping_status":"closed","template":"","meta":{"_trash_the_other_posts":false},"product_brand":[],"product_cat":[587],"product_tag":[3951],"berocket_brand":[1409],"class_list":{"0":"post-379657","1":"product","2":"type-product","3":"status-publish","4":"has-post-thumbnail","6":"product_cat-balsam","7":"product_tag-sachajuan-ocean-mist-volume-conditioner","8":"pa_brand-sachajuan","9":"pa_variant-250ml","10":"berocket_brand-sachajuan","12":"first","13":"instock","14":"sale","15":"taxable","16":"shipping-taxable","17":"purchasable","18":"product-type-simple"},"_links":{"self":[{"href":"https:\/\/stylingagenten.com\/no\/wp-json\/wp\/v2\/product\/379657","targetHints":{"allow":["GET"]}}],"collection":[{"href":"https:\/\/stylingagenten.com\/no\/wp-json\/wp\/v2\/product"}],"about":[{"href":"https:\/\/stylingagenten.com\/no\/wp-json\/wp\/v2\/types\/product"}],"replies":[{"embeddable":true,"href":"https:\/\/stylingagenten.com\/no\/wp-json\/wp\/v2\/comments?post=379657"}],"version-history":[{"count":0,"href":"https:\/\/stylingagenten.com\/no\/wp-json\/wp\/v2\/product\/379657\/revisions"}],"wp:featuredmedia":[{"embeddable":true,"href":"https:\/\/stylingagenten.com\/no\/wp-json\/wp\/v2\/media\/379655"}],"wp:attachment":[{"href":"https:\/\/stylingagenten.com\/no\/wp-json\/wp\/v2\/media?parent=379657"}],"wp:term":[{"taxonomy":"product_brand","embeddable":true,"href":"https:\/\/stylingagenten.com\/no\/wp-json\/wp\/v2\/product_brand?post=379657"},{"taxonomy":"product_cat","embeddable":true,"href":"https:\/\/stylingagenten.com\/no\/wp-json\/wp\/v2\/product_cat?post=379657"},{"taxonomy":"product_tag","embeddable":true,"href":"https:\/\/stylingagenten.com\/no\/wp-json\/wp\/v2\/product_tag?post=379657"},{"taxonomy":"berocket_brand","embeddable":true,"href":"https:\/\/stylingagenten.com\/no\/wp-json\/wp\/v2\/berocket_brand?post=379657"}],"curies":[{"name":"wp","href":"https:\/\/api.w.org\/{rel}","templated":true}]}}