{"id":379648,"date":"2025-05-18T21:07:21","date_gmt":"2025-05-18T21:07:21","guid":{"rendered":"https:\/\/staging2.stylingagenten.com\/no\/produkt\/sachajuan-thickening-conditioner-250ml\/"},"modified":"2026-03-11T21:56:39","modified_gmt":"2026-03-11T21:56:39","slug":"sachajuan-thickening-conditioner-250ml","status":"publish","type":"product","link":"https:\/\/stylingagenten.com\/no\/produkt\/sachajuan-thickening-conditioner-250ml\/","title":{"rendered":"SACHAJUAN Thickening Conditioner 250ml"},"content":{"rendered":"<p>SACHAJUAN Thickening Conditioner inneholder Thickening-teknologi som gir h\u00e5ret n\u00e6ring, mykhet og et fantastisk fundament for styling. Har en klargj\u00f8rende og beskyttende effekt, samt gj\u00f8r h\u00e5ret sunnere, skinnere og vakrere. Basisformelen er supplert med den pleiende Ocean Silk Technology og gode egenskaper fra nye pleiende ingredienser som gir fyldig og myk volum med en lett f\u00f8lelse. Ingredienser som vanligvis finnes i stylingprodukter gj\u00f8r hvert h\u00e5rstr\u00e5 tykkere og hjelper til med \u00e5 lette stylingen med volum. Varme- og UV-beskyttelse jobber sammen for \u00e5 gi sterkt og sunt h\u00e5r, med \u00f8kt glans. Signaturduften Fruity Floral. Renser og pleier h\u00e5ret sk\u00e5nsomt. Gir h\u00e5ret et smidig mykt volum.<\/p>\n<p>250ml<\/p>\n","protected":false},"excerpt":{"rendered":"<p>SACHAJUAN Thickening Conditioner inneholder Thickening-teknologi som gir h\u00e5ret n\u00e6ring, mykhet og et fantastisk fundament for styling. Har en klargj\u00f8rende og beskyttende effekt, samt gj\u00f8r h\u00e5ret sunnere, skinnere og vakrere. Basisformelen er supplert med den pleiende Ocean Silk Technology og gode egenskaper fra nye pleiende ingredienser som gir fyldig og myk volum med en lett f\u00f8lelse. [&hellip;]<\/p>\n","protected":false},"featured_media":379647,"comment_status":"open","ping_status":"closed","template":"","meta":{"_trash_the_other_posts":false},"product_brand":[],"product_cat":[587],"product_tag":[3955],"berocket_brand":[1409],"class_list":{"0":"post-379648","1":"product","2":"type-product","3":"status-publish","4":"has-post-thumbnail","6":"product_cat-balsam","7":"product_tag-sachajuan-thickening-conditioner","8":"pa_brand-sachajuan","9":"pa_variant-250ml","10":"berocket_brand-sachajuan","12":"first","13":"instock","14":"sale","15":"taxable","16":"shipping-taxable","17":"purchasable","18":"product-type-simple"},"_links":{"self":[{"href":"https:\/\/stylingagenten.com\/no\/wp-json\/wp\/v2\/product\/379648","targetHints":{"allow":["GET"]}}],"collection":[{"href":"https:\/\/stylingagenten.com\/no\/wp-json\/wp\/v2\/product"}],"about":[{"href":"https:\/\/stylingagenten.com\/no\/wp-json\/wp\/v2\/types\/product"}],"replies":[{"embeddable":true,"href":"https:\/\/stylingagenten.com\/no\/wp-json\/wp\/v2\/comments?post=379648"}],"version-history":[{"count":0,"href":"https:\/\/stylingagenten.com\/no\/wp-json\/wp\/v2\/product\/379648\/revisions"}],"wp:featuredmedia":[{"embeddable":true,"href":"https:\/\/stylingagenten.com\/no\/wp-json\/wp\/v2\/media\/379647"}],"wp:attachment":[{"href":"https:\/\/stylingagenten.com\/no\/wp-json\/wp\/v2\/media?parent=379648"}],"wp:term":[{"taxonomy":"product_brand","embeddable":true,"href":"https:\/\/stylingagenten.com\/no\/wp-json\/wp\/v2\/product_brand?post=379648"},{"taxonomy":"product_cat","embeddable":true,"href":"https:\/\/stylingagenten.com\/no\/wp-json\/wp\/v2\/product_cat?post=379648"},{"taxonomy":"product_tag","embeddable":true,"href":"https:\/\/stylingagenten.com\/no\/wp-json\/wp\/v2\/product_tag?post=379648"},{"taxonomy":"berocket_brand","embeddable":true,"href":"https:\/\/stylingagenten.com\/no\/wp-json\/wp\/v2\/berocket_brand?post=379648"}],"curies":[{"name":"wp","href":"https:\/\/api.w.org\/{rel}","templated":true}]}}